{"id":110,"date":"2020-08-20T14:37:42","date_gmt":"2020-08-20T18:37:42","guid":{"rendered":"https:\/\/yourprivatecfo.com\/?page_id=110"},"modified":"2024-09-30T12:30:50","modified_gmt":"2024-09-30T16:30:50","slug":"temoignages","status":"publish","type":"page","link":"https:\/\/yourprivatecfo.com\/fr\/temoignages\/","title":{"rendered":"T\u00e9moignages"},"content":{"rendered":"<div class=\"wpb-content-wrapper\"><p>[vc_row type=\u00a0\u00bbfull_width\u00a0\u00bb el_class=\u00a0\u00bbtemoignages-row border-30&Prime; css=\u00a0\u00bb.vc_custom_1597950513737{background-color: #dbe2ea !important;}\u00a0\u00bb][vc_column][vc_row_inner type=\u00a0\u00bbfull_width\u00a0\u00bb el_class=\u00a0\u00bbtemoignages-inner-row\u00a0\u00bb][vc_column_inner]<div class=\"dist-shortcode-container wpb_content_element\">            <div class=\"temoignages-carousel-container\">\n            <hr class=\"hr-top\">\n            <div class=\"temoignages-carousel owl-carousel\">\n                                    <div class=\"temoignages-carousel-item\">\n                        <p class=\"quote-top\"><img decoding=\"async\" src=\"\/wp-content\/uploads\/2020\/08\/quote-top.png\" alt=\"Quote top\"><\/p>\n                        <p class=\"title-temoignage\"><\/p>\n                        <p class=\"desc-temoignage\">Paul Drouin est notre planificateur financier depuis de nombreuses ann\u00e9es, il est professionnel, honn\u00eate et nous conseille pour r\u00e9pondre \u00e0 nos besoins et attentes.Je le recommande vivement et Holliswealth [IA Gestion Priv\u00e9 <\/p>\n                        <p class=\"nom-temoignage\">Judy Cheesman<span class=\"quote-bottom\"><img decoding=\"async\" src=\"\/wp-content\/uploads\/2020\/08\/quote-bottom.png\" alt=\"Quote bottom\"><\/span><\/p>\n                        \n                    <\/div>\n                                    <div class=\"temoignages-carousel-item\">\n                        <p class=\"quote-top\"><img decoding=\"async\" src=\"\/wp-content\/uploads\/2020\/08\/quote-top.png\" alt=\"Quote top\"><\/p>\n                        <p class=\"title-temoignage\"><\/p>\n                        <p class=\"desc-temoignage\">Paul est mon conseiller en placement depuis 15 ans; tr\u00e8s d\u00e9taill\u00e9, communique clairement les changements dans mon portefeuille ou les recommandations \u00e0 mesure que les conditions des march\u00e9s changent. <\/p>\n                        <p class=\"nom-temoignage\">Frank Brunet<span class=\"quote-bottom\"><img decoding=\"async\" src=\"\/wp-content\/uploads\/2020\/08\/quote-bottom.png\" alt=\"Quote bottom\"><\/span><\/p>\n                        \n                    <\/div>\n                                    <div class=\"temoignages-carousel-item\">\n                        <p class=\"quote-top\"><img decoding=\"async\" src=\"\/wp-content\/uploads\/2020\/08\/quote-top.png\" alt=\"Quote top\"><\/p>\n                        <p class=\"title-temoignage\"><\/p>\n                        <p class=\"desc-temoignage\">Paul et son \u00e9quipe nous offrent un service de premier ordre depuis de nombreuses ann\u00e9es. Nous nous appuyons sur ses recherches, ses conseils et ses recommandations d'investissement qui ont abouti \u00e0 des rendements sup\u00e9rieurs \u00e0 la moyenne. Nous recommandons vivement ses services \u00e0 nos amis et \u00e0 notre famille.<\/p>\n                        <p class=\"nom-temoignage\">Sam and Patrick McKenna<span class=\"quote-bottom\"><img decoding=\"async\" src=\"\/wp-content\/uploads\/2020\/08\/quote-bottom.png\" alt=\"Quote bottom\"><\/span><\/p>\n                        \n                    <\/div>\n                            <\/div>\n            <hr class=\"hr-bot\">    \n        <\/div>\n        <\/div>[\/vc_column_inner][\/vc_row_inner][\/vc_column][\/vc_row]<\/p>\n<\/div>","protected":false},"excerpt":{"rendered":"<p>[vc_row type=\u00a0\u00bbfull_width\u00a0\u00bb el_class=\u00a0\u00bbtemoignages-row border-30&Prime; css=\u00a0\u00bb.vc_custom_1597950513737{background-color: #dbe2ea !important;}\u00a0\u00bb][vc_column][vc_row_inner type=\u00a0\u00bbfull_width\u00a0\u00bb el_class=\u00a0\u00bbtemoignages-inner-row\u00a0\u00bb][vc_column_inner][\/vc_column_inner][\/vc_row_inner][\/vc_column][\/vc_row]<\/p>\n","protected":false},"author":1,"featured_media":0,"parent":0,"menu_order":0,"comment_status":"closed","ping_status":"closed","template":"","meta":{"_acf_changed":false,"footnotes":""},"class_list":["post-110","page","type-page","status-publish","hentry"],"acf":[],"yoast_head":"<!-- This site is optimized with the Yoast SEO plugin v27.3 - https:\/\/yoast.com\/product\/yoast-seo-wordpress\/ -->\n<title>Votre CFO priv\u00e9 - T\u00e9moignages<\/title>\n<meta name=\"robots\" content=\"index, follow, max-snippet:-1, max-image-preview:large, max-video-preview:-1\" \/>\n<link rel=\"canonical\" href=\"https:\/\/yourprivatecfo.com\/fr\/temoignages\/\" \/>\n<meta property=\"og:locale\" content=\"fr_FR\" \/>\n<meta property=\"og:type\" content=\"article\" \/>\n<meta property=\"og:title\" content=\"Votre CFO priv\u00e9 - T\u00e9moignages\" \/>\n<meta property=\"og:description\" content=\"[vc_row type=\u00a0\u00bbfull_width\u00a0\u00bb el_class=\u00a0\u00bbtemoignages-row border-30&Prime; css=\u00a0\u00bb.vc_custom_1597950513737{background-color: #dbe2ea !important;}\u00a0\u00bb][vc_column][vc_row_inner type=\u00a0\u00bbfull_width\u00a0\u00bb el_class=\u00a0\u00bbtemoignages-inner-row\u00a0\u00bb][vc_column_inner][\/vc_column_inner][\/vc_row_inner][\/vc_column][\/vc_row]\" \/>\n<meta property=\"og:url\" content=\"https:\/\/yourprivatecfo.com\/fr\/temoignages\/\" \/>\n<meta property=\"og:site_name\" content=\"Votre CFO priv\u00e9\" \/>\n<meta property=\"article:publisher\" content=\"https:\/\/www.facebook.com\/yourprivatecfo\/\" \/>\n<meta property=\"article:modified_time\" content=\"2024-09-30T16:30:50+00:00\" \/>\n<meta name=\"twitter:card\" content=\"summary_large_image\" \/>\n<meta name=\"twitter:label1\" content=\"Dur\u00e9e de lecture estim\u00e9e\" \/>\n\t<meta name=\"twitter:data1\" content=\"1 minute\" \/>\n<script type=\"application\/ld+json\" class=\"yoast-schema-graph\">{\"@context\":\"https:\\\/\\\/schema.org\",\"@graph\":[{\"@type\":\"WebPage\",\"@id\":\"https:\\\/\\\/yourprivatecfo.com\\\/fr\\\/temoignages\\\/\",\"url\":\"https:\\\/\\\/yourprivatecfo.com\\\/fr\\\/temoignages\\\/\",\"name\":\"Votre CFO priv\u00e9 - T\u00e9moignages\",\"isPartOf\":{\"@id\":\"https:\\\/\\\/yourprivatecfo.com\\\/fr\\\/#website\"},\"datePublished\":\"2020-08-20T18:37:42+00:00\",\"dateModified\":\"2024-09-30T16:30:50+00:00\",\"breadcrumb\":{\"@id\":\"https:\\\/\\\/yourprivatecfo.com\\\/fr\\\/temoignages\\\/#breadcrumb\"},\"inLanguage\":\"fr-FR\",\"potentialAction\":[{\"@type\":\"ReadAction\",\"target\":[\"https:\\\/\\\/yourprivatecfo.com\\\/fr\\\/temoignages\\\/\"]}]},{\"@type\":\"BreadcrumbList\",\"@id\":\"https:\\\/\\\/yourprivatecfo.com\\\/fr\\\/temoignages\\\/#breadcrumb\",\"itemListElement\":[{\"@type\":\"ListItem\",\"position\":1,\"name\":\"Home\",\"item\":\"https:\\\/\\\/yourprivatecfo.com\\\/fr\\\/\"},{\"@type\":\"ListItem\",\"position\":2,\"name\":\"T\u00e9moignages\"}]},{\"@type\":\"WebSite\",\"@id\":\"https:\\\/\\\/yourprivatecfo.com\\\/fr\\\/#website\",\"url\":\"https:\\\/\\\/yourprivatecfo.com\\\/fr\\\/\",\"name\":\"Votre CFO priv\u00e9\",\"description\":\"\",\"potentialAction\":[{\"@type\":\"SearchAction\",\"target\":{\"@type\":\"EntryPoint\",\"urlTemplate\":\"https:\\\/\\\/yourprivatecfo.com\\\/fr\\\/?s={search_term_string}\"},\"query-input\":{\"@type\":\"PropertyValueSpecification\",\"valueRequired\":true,\"valueName\":\"search_term_string\"}}],\"inLanguage\":\"fr-FR\"}]}<\/script>\n<!-- \/ Yoast SEO plugin. -->","yoast_head_json":{"title":"Votre CFO priv\u00e9 - T\u00e9moignages","robots":{"index":"index","follow":"follow","max-snippet":"max-snippet:-1","max-image-preview":"max-image-preview:large","max-video-preview":"max-video-preview:-1"},"canonical":"https:\/\/yourprivatecfo.com\/fr\/temoignages\/","og_locale":"fr_FR","og_type":"article","og_title":"Votre CFO priv\u00e9 - T\u00e9moignages","og_description":"[vc_row type=\u00a0\u00bbfull_width\u00a0\u00bb el_class=\u00a0\u00bbtemoignages-row border-30&Prime; css=\u00a0\u00bb.vc_custom_1597950513737{background-color: #dbe2ea !important;}\u00a0\u00bb][vc_column][vc_row_inner type=\u00a0\u00bbfull_width\u00a0\u00bb el_class=\u00a0\u00bbtemoignages-inner-row\u00a0\u00bb][vc_column_inner][\/vc_column_inner][\/vc_row_inner][\/vc_column][\/vc_row]","og_url":"https:\/\/yourprivatecfo.com\/fr\/temoignages\/","og_site_name":"Votre CFO priv\u00e9","article_publisher":"https:\/\/www.facebook.com\/yourprivatecfo\/","article_modified_time":"2024-09-30T16:30:50+00:00","twitter_card":"summary_large_image","twitter_misc":{"Dur\u00e9e de lecture estim\u00e9e":"1 minute"},"schema":{"@context":"https:\/\/schema.org","@graph":[{"@type":"WebPage","@id":"https:\/\/yourprivatecfo.com\/fr\/temoignages\/","url":"https:\/\/yourprivatecfo.com\/fr\/temoignages\/","name":"Votre CFO priv\u00e9 - T\u00e9moignages","isPartOf":{"@id":"https:\/\/yourprivatecfo.com\/fr\/#website"},"datePublished":"2020-08-20T18:37:42+00:00","dateModified":"2024-09-30T16:30:50+00:00","breadcrumb":{"@id":"https:\/\/yourprivatecfo.com\/fr\/temoignages\/#breadcrumb"},"inLanguage":"fr-FR","potentialAction":[{"@type":"ReadAction","target":["https:\/\/yourprivatecfo.com\/fr\/temoignages\/"]}]},{"@type":"BreadcrumbList","@id":"https:\/\/yourprivatecfo.com\/fr\/temoignages\/#breadcrumb","itemListElement":[{"@type":"ListItem","position":1,"name":"Home","item":"https:\/\/yourprivatecfo.com\/fr\/"},{"@type":"ListItem","position":2,"name":"T\u00e9moignages"}]},{"@type":"WebSite","@id":"https:\/\/yourprivatecfo.com\/fr\/#website","url":"https:\/\/yourprivatecfo.com\/fr\/","name":"Votre CFO priv\u00e9","description":"","potentialAction":[{"@type":"SearchAction","target":{"@type":"EntryPoint","urlTemplate":"https:\/\/yourprivatecfo.com\/fr\/?s={search_term_string}"},"query-input":{"@type":"PropertyValueSpecification","valueRequired":true,"valueName":"search_term_string"}}],"inLanguage":"fr-FR"}]}},"_links":{"self":[{"href":"https:\/\/yourprivatecfo.com\/fr\/wp-json\/wp\/v2\/pages\/110","targetHints":{"allow":["GET"]}}],"collection":[{"href":"https:\/\/yourprivatecfo.com\/fr\/wp-json\/wp\/v2\/pages"}],"about":[{"href":"https:\/\/yourprivatecfo.com\/fr\/wp-json\/wp\/v2\/types\/page"}],"author":[{"embeddable":true,"href":"https:\/\/yourprivatecfo.com\/fr\/wp-json\/wp\/v2\/users\/1"}],"replies":[{"embeddable":true,"href":"https:\/\/yourprivatecfo.com\/fr\/wp-json\/wp\/v2\/comments?post=110"}],"version-history":[{"count":9,"href":"https:\/\/yourprivatecfo.com\/fr\/wp-json\/wp\/v2\/pages\/110\/revisions"}],"predecessor-version":[{"id":1053,"href":"https:\/\/yourprivatecfo.com\/fr\/wp-json\/wp\/v2\/pages\/110\/revisions\/1053"}],"wp:attachment":[{"href":"https:\/\/yourprivatecfo.com\/fr\/wp-json\/wp\/v2\/media?parent=110"}],"curies":[{"name":"wp","href":"https:\/\/api.w.org\/{rel}","templated":true}]}}