{"id":117,"date":"2020-08-20T15:22:45","date_gmt":"2020-08-20T19:22:45","guid":{"rendered":"https:\/\/yourprivatecfo.com\/?page_id=117"},"modified":"2026-04-06T15:05:48","modified_gmt":"2026-04-06T19:05:48","slug":"le-cabinet","status":"publish","type":"page","link":"https:\/\/yourprivatecfo.com\/fr\/le-cabinet\/","title":{"rendered":"Le Hub Financier"},"content":{"rendered":"<div class=\"wpb-content-wrapper\"><p>[vc_row type=\u00a0\u00bbfull_width\u00a0\u00bb css=\u00a0\u00bb.vc_custom_1607710397039{background-image: url(https:\/\/yourprivatecfo.com\/wp-content\/uploads\/2020\/12\/directeur-prive-img3-1.jpg?id=527) !important;background-position: center !important;background-repeat: no-repeat !important;background-size: cover !important;}\u00a0\u00bb el_class=\u00a0\u00bbborder-30&Prime;][vc_column width=\u00a0\u00bb1\/2&Prime; el_class=\u00a0\u00bbblue-col\u00a0\u00bb][vc_column_text]<\/p>\n<h3>Votre CFO Priv\u00e9, gestion patrimoniale,<\/h3>\n<p>[\/vc_column_text][vc_column_text css=\u00a0\u00bb\u00a0\u00bb]est une \u00e9quipe offrant de services financiers \u00e9tablie dans la r\u00e9gion de la capitale nationale depuis 1990.<\/p>\n<p style=\"color: #cda053;\"><strong>Notre objectif est de vous offrir des solutions sur mesure adapt\u00e9es \u00e0 vos besoins, tel que nos options de planification financi\u00e8re* et nos syst\u00e8mes exclusifs de gestion du patrimoine fiscalement avantageux.<\/strong><\/p>\n<p>Que vous soyez entrepreneur, <span class=\"TextRun SCXW20239410 BCX0\" lang=\"FR-CA\" xml:lang=\"FR-CA\" data-contrast=\"auto\"><span class=\"NormalTextRun SCXW20239410 BCX0\">intervenant<\/span><\/span>, agriculteur, retrait\u00e9 ou que vous g\u00e9rez un patrimoine familial, notre r\u00f4le est d&rsquo;\u00e9tablir une strat\u00e9gie de placement qui r\u00e9duira vos imp\u00f4ts, qui fera cro\u00eetre vos avoirs financiers et m\u00eame cr\u00e9er un patrimoine pour vos g\u00e9n\u00e9rations futures.<\/p>\n<p>Avec notre approche cl\u00e9 en main, de type <span class=\"s1\">\u00ab Family Office \u00bb<\/span>, notre \u00e9quipe chevronn\u00e9e collabore avec plusieurs collaborateurs externes***, nous permettant de g\u00e9rer tous les aspects d\u2019un patrimoine familial et le <span class=\"s1\">transfert d\u2019entreprise, notamment <\/span>en mati\u00e8re d\u2019investissement, de succession et de planification de la retraite. Nos <span class=\"TextRun SCXW246186779 BCX0\" lang=\"FR-CA\" xml:lang=\"FR-CA\" data-contrast=\"auto\"><span class=\"NormalTextRun SCXW246186779 BCX0\">gestionnaires de fonds communs de placement\u00a0<\/span><\/span><span class=\"EOP SCXW246186779 BCX0\" data-ccp-props=\"{&quot;201341983&quot;:0,&quot;335559739&quot;:0,&quot;335559740&quot;:240}\">\u00a0<\/span>sont s\u00e9lectionn\u00e9s avec soins et affect\u00e9s \u00e0 nos clients en fonction de leurs besoins sp\u00e9cifiques.[\/vc_column_text][\/vc_column][vc_column width=\u00a0\u00bb1\/2&Prime;][\/vc_column][\/vc_row][vc_row type=\u00a0\u00bbin_grid\u00a0\u00bb el_class=\u00a0\u00bbpartenaire-envergure-row\u00a0\u00bb][vc_column][vc_column_text el_class=\u00a0\u00bbcercle-beige\u00a0\u00bb]<\/p>\n<h2 style=\"text-align: center;\">Un partenaire d\u2019envergure <span class=\"fw-900\">\u00e0 votre service<\/span><\/h2>\n<p>[\/vc_column_text][vc_column_text el_class=\u00a0\u00bbcercle-beige\u00a0\u00bb]Votre CFO Priv\u00e9, gestion patrimoniale, fait partie du <span class=\"s1\">r\u00e9seau de conseillers en placement d\u2019iA Gestion priv\u00e9e de patrimoine inc.<\/span>, l\u2019un des chefs de file de la gestion de patrimoine au pays. Avec notre affiliation, nous avons un acc\u00e8s unique aux comp\u00e9tences particuli\u00e8res de leurs nombreux professionnels en mati\u00e8re d\u2019investissement (titres, produits \u00e0 revenu fixe, fonds de placement) et d\u2019\u00e9conomie. Nous pouvons donc, en faire profiter \u00e0 nos clients au moyen de rapports, de conf\u00e9rences t\u00e9l\u00e9phoniques et de diffusions Web.<\/p>\n<p>Notre relation avec iA Gestion priv\u00e9e de patrimoine est mutuellement avantageuse. Notre offre de service y gagne en stabilit\u00e9 et en souplesse, puisqu\u2019en plus de profiter de la comp\u00e9tence accrue de notre \u00e9quipe\u00a0, nos clients peuvent b\u00e9n\u00e9ficier des ressources consid\u00e9rables de <span class=\"s1\">notre courtier, iA Gestion priv\u00e9e de patrimoine<\/span>.[\/vc_column_text][vc_empty_space][vc_column_text el_class=\u00a0\u00bbcercle-beige\u00a0\u00bb]<\/p>\n<h2>Des <span class=\"fw-900\">relations de confiance<\/span> \u00e0 long terme<\/h2>\n<p>[\/vc_column_text][vc_column_text el_class=\u00a0\u00bbcercle-beige\u00a0\u00bb]Les efforts que nous mettons \u00e0 d\u00e9velopper une relation de proximit\u00e9 avec nos clients nous permettent de contribuer avec succ\u00e8s \u00e0 leur avenir financier. C&rsquo;est pour cette raison, qu&rsquo;aujourd&rsquo;hui, nos clients n&rsquo;h\u00e9sitent pas \u00e0 nous r\u00e9f\u00e9rer, sans h\u00e9sitation, leurs enfants et leurs petits enfants. C&rsquo;est ce type de relation de confiance que nous d\u00e9veloppons avec notre client\u00e8le depuis les trente derni\u00e8res ann\u00e9es.[\/vc_column_text][\/vc_column][\/vc_row][vc_row content_placement=\u00a0\u00bbbottom\u00a0\u00bb type=\u00a0\u00bbfull_width\u00a0\u00bb el_class=\u00a0\u00bbstrat-unique-row border-30&Prime; css=\u00a0\u00bb.vc_custom_1598377145412{background-color: #dbe2ea !important;}\u00a0\u00bb][vc_column width=\u00a0\u00bb1\/2&Prime; el_class=\u00a0\u00bbstrat-unique-text-col vc_col-md-push-6&Prime;][vc_column_text el_class=\u00a0\u00bbcercle-beige\u00a0\u00bb]<\/p>\n<h2>Nous d\u00e9veloppons des <span class=\"fw-900\">strat\u00e9gies uniques juste pour vous<\/span><\/h2>\n<p>[\/vc_column_text][vc_column_text css=\u00a0\u00bb\u00a0\u00bb el_class=\u00a0\u00bbcercle-beige\u00a0\u00bb]Nos ressources sont nombreuses, mais ici, nous prenons le soin d&rsquo;accompagner chaque client individuellement et cr\u00e9ons avec lui une strat\u00e9gie de gestion du patrimoine personnalis\u00e9e qui tient compte de sa vision, de ses besoins, de ses objectifs et de ses enjeux. Les strat\u00e9gies que nous d\u00e9veloppons sont uniques, ils tiennent compte de chaque petit d\u00e9tail et permettent d\u2019anticiper les changements dus aux grandes \u00e9tapes de la vie.<\/p>\n<p>Nous travaillons avec des gestionnaires de fonds communs de placement \u00e0 travers le monde entier, il faut comprendre que le Canada repr\u00e9sente seulement 3% de l\u2019\u00e9conomie mondiale, donc en regardant seulement les options canadiennes, vous manquer 97% des opportunit\u00e9s qui vous sont offertes. Nos strat\u00e9gies de placements sont similaires \u00e0 celles du fond de pension des enseignants de l\u2019Ontario, parmi le meilleur au monde. <span class=\"s1\">La gestion du risque dans un portefeuille est primordiale pour notre \u00e9quipe.<\/span><\/p>\n<p>Avec notre approche cl\u00e9 en main de type <span class=\"s1\">\u00ab Family Office \u00bb<span class=\"Apple-converted-space\">\u00a0<\/span><\/span>, nous aidons \u00e0 coordonner les activit\u00e9s des autres professionnels responsables de vos affaires, comme votre notaire, votre avocat, votre comptable ou votre fiscaliste***. Tous nos services sont factur\u00e9s sur une base tarifaire. Nous ne recevons aucune commission sur les placements que nous effectuons au nom de nos clients. Les strat\u00e9gies que nous d\u00e9veloppons sont strictement bas\u00e9es sur les besoins de nos clients et non sur les commissions de produits financiers que nous pouvons offrir. Nos honoraires ainsi que ceux des gestionnaires diminuent avec l\u2019augmentation de vos actifs sous notre gestion.<\/p>\n<p>&nbsp;<\/p>\n<p><em>(Seuls les produits et les services offerts par le biais de iA Gestion priv\u00e9e de patrimoine inc. sont couverts par le Fonds canadien de protection des investisseurs.)<\/em>[\/vc_column_text][\/vc_column][vc_column width=\u00a0\u00bb1\/2&Prime; el_class=\u00a0\u00bbvc_col-md-pull-6&Prime;][vc_single_image image=\u00a0\u00bb462&Prime; img_size=\u00a0\u00bbfull\u00a0\u00bb alignment=\u00a0\u00bbcenter\u00a0\u00bb][\/vc_column][\/vc_row]<\/p>\n<\/div>","protected":false},"excerpt":{"rendered":"<p>[vc_row type=\u00a0\u00bbfull_width\u00a0\u00bb css=\u00a0\u00bb.vc_custom_1607710397039{background-image: url(https:\/\/yourprivatecfo.com\/wp-content\/uploads\/2020\/12\/directeur-prive-img3-1.jpg?id=527) !important;background-position: center !important;background-repeat: no-repeat !important;background-size: cover !important;}\u00a0\u00bb el_class=\u00a0\u00bbborder-30&Prime;][vc_column width=\u00a0\u00bb1\/2&Prime; el_class=\u00a0\u00bbblue-col\u00a0\u00bb][vc_column_text] Votre CFO Priv\u00e9, gestion patrimoniale, [\/vc_column_text][vc_column_text css=\u00a0\u00bb\u00a0\u00bb]est une \u00e9quipe offrant de services financiers \u00e9tablie dans la r\u00e9gion de la capitale nationale depuis 1990. Notre objectif est de vous offrir des solutions sur mesure adapt\u00e9es \u00e0 vos besoins, tel que nos options [&hellip;]<\/p>\n","protected":false},"author":1,"featured_media":0,"parent":0,"menu_order":0,"comment_status":"closed","ping_status":"closed","template":"","meta":{"_acf_changed":false,"footnotes":""},"class_list":["post-117","page","type-page","status-publish","hentry"],"acf":[],"yoast_head":"<!-- This site is optimized with the Yoast SEO plugin v27.3 - https:\/\/yoast.com\/product\/yoast-seo-wordpress\/ -->\n<title>Votre CFO priv\u00e9 - Le Hub Financier<\/title>\n<meta name=\"robots\" content=\"index, follow, max-snippet:-1, max-image-preview:large, max-video-preview:-1\" \/>\n<link rel=\"canonical\" href=\"https:\/\/yourprivatecfo.com\/fr\/le-cabinet\/\" \/>\n<meta property=\"og:locale\" content=\"fr_FR\" \/>\n<meta property=\"og:type\" content=\"article\" \/>\n<meta property=\"og:title\" content=\"Votre CFO priv\u00e9 - Le Hub Financier\" \/>\n<meta property=\"og:description\" content=\"[vc_row type=\u00a0\u00bbfull_width\u00a0\u00bb css=\u00a0\u00bb.vc_custom_1607710397039{background-image: url(https:\/\/yourprivatecfo.com\/wp-content\/uploads\/2020\/12\/directeur-prive-img3-1.jpg?id=527) !important;background-position: center !important;background-repeat: no-repeat !important;background-size: cover !important;}\u00a0\u00bb el_class=\u00a0\u00bbborder-30&Prime;][vc_column width=\u00a0\u00bb1\/2&Prime; el_class=\u00a0\u00bbblue-col\u00a0\u00bb][vc_column_text] Votre CFO Priv\u00e9, gestion patrimoniale, [\/vc_column_text][vc_column_text css=\u00a0\u00bb\u00a0\u00bb]est une \u00e9quipe offrant de services financiers \u00e9tablie dans la r\u00e9gion de la capitale nationale depuis 1990. Notre objectif est de vous offrir des solutions sur mesure adapt\u00e9es \u00e0 vos besoins, tel que nos options [&hellip;]\" \/>\n<meta property=\"og:url\" content=\"https:\/\/yourprivatecfo.com\/fr\/le-cabinet\/\" \/>\n<meta property=\"og:site_name\" content=\"Votre CFO priv\u00e9\" \/>\n<meta property=\"article:publisher\" content=\"https:\/\/www.facebook.com\/yourprivatecfo\/\" \/>\n<meta property=\"article:modified_time\" content=\"2026-04-06T19:05:48+00:00\" \/>\n<meta name=\"twitter:card\" content=\"summary_large_image\" \/>\n<meta name=\"twitter:label1\" content=\"Dur\u00e9e de lecture estim\u00e9e\" \/>\n\t<meta name=\"twitter:data1\" content=\"4 minutes\" \/>\n<script type=\"application\/ld+json\" class=\"yoast-schema-graph\">{\"@context\":\"https:\\\/\\\/schema.org\",\"@graph\":[{\"@type\":\"WebPage\",\"@id\":\"https:\\\/\\\/yourprivatecfo.com\\\/fr\\\/le-cabinet\\\/\",\"url\":\"https:\\\/\\\/yourprivatecfo.com\\\/fr\\\/le-cabinet\\\/\",\"name\":\"Votre CFO priv\u00e9 - Le Hub Financier\",\"isPartOf\":{\"@id\":\"https:\\\/\\\/yourprivatecfo.com\\\/fr\\\/#website\"},\"datePublished\":\"2020-08-20T19:22:45+00:00\",\"dateModified\":\"2026-04-06T19:05:48+00:00\",\"breadcrumb\":{\"@id\":\"https:\\\/\\\/yourprivatecfo.com\\\/fr\\\/le-cabinet\\\/#breadcrumb\"},\"inLanguage\":\"fr-FR\",\"potentialAction\":[{\"@type\":\"ReadAction\",\"target\":[\"https:\\\/\\\/yourprivatecfo.com\\\/fr\\\/le-cabinet\\\/\"]}]},{\"@type\":\"BreadcrumbList\",\"@id\":\"https:\\\/\\\/yourprivatecfo.com\\\/fr\\\/le-cabinet\\\/#breadcrumb\",\"itemListElement\":[{\"@type\":\"ListItem\",\"position\":1,\"name\":\"Home\",\"item\":\"https:\\\/\\\/yourprivatecfo.com\\\/fr\\\/\"},{\"@type\":\"ListItem\",\"position\":2,\"name\":\"Le Hub Financier\"}]},{\"@type\":\"WebSite\",\"@id\":\"https:\\\/\\\/yourprivatecfo.com\\\/fr\\\/#website\",\"url\":\"https:\\\/\\\/yourprivatecfo.com\\\/fr\\\/\",\"name\":\"Votre CFO priv\u00e9\",\"description\":\"\",\"potentialAction\":[{\"@type\":\"SearchAction\",\"target\":{\"@type\":\"EntryPoint\",\"urlTemplate\":\"https:\\\/\\\/yourprivatecfo.com\\\/fr\\\/?s={search_term_string}\"},\"query-input\":{\"@type\":\"PropertyValueSpecification\",\"valueRequired\":true,\"valueName\":\"search_term_string\"}}],\"inLanguage\":\"fr-FR\"}]}<\/script>\n<!-- \/ Yoast SEO plugin. -->","yoast_head_json":{"title":"Votre CFO priv\u00e9 - Le Hub Financier","robots":{"index":"index","follow":"follow","max-snippet":"max-snippet:-1","max-image-preview":"max-image-preview:large","max-video-preview":"max-video-preview:-1"},"canonical":"https:\/\/yourprivatecfo.com\/fr\/le-cabinet\/","og_locale":"fr_FR","og_type":"article","og_title":"Votre CFO priv\u00e9 - Le Hub Financier","og_description":"[vc_row type=\u00a0\u00bbfull_width\u00a0\u00bb css=\u00a0\u00bb.vc_custom_1607710397039{background-image: url(https:\/\/yourprivatecfo.com\/wp-content\/uploads\/2020\/12\/directeur-prive-img3-1.jpg?id=527) !important;background-position: center !important;background-repeat: no-repeat !important;background-size: cover !important;}\u00a0\u00bb el_class=\u00a0\u00bbborder-30&Prime;][vc_column width=\u00a0\u00bb1\/2&Prime; el_class=\u00a0\u00bbblue-col\u00a0\u00bb][vc_column_text] Votre CFO Priv\u00e9, gestion patrimoniale, [\/vc_column_text][vc_column_text css=\u00a0\u00bb\u00a0\u00bb]est une \u00e9quipe offrant de services financiers \u00e9tablie dans la r\u00e9gion de la capitale nationale depuis 1990. Notre objectif est de vous offrir des solutions sur mesure adapt\u00e9es \u00e0 vos besoins, tel que nos options [&hellip;]","og_url":"https:\/\/yourprivatecfo.com\/fr\/le-cabinet\/","og_site_name":"Votre CFO priv\u00e9","article_publisher":"https:\/\/www.facebook.com\/yourprivatecfo\/","article_modified_time":"2026-04-06T19:05:48+00:00","twitter_card":"summary_large_image","twitter_misc":{"Dur\u00e9e de lecture estim\u00e9e":"4 minutes"},"schema":{"@context":"https:\/\/schema.org","@graph":[{"@type":"WebPage","@id":"https:\/\/yourprivatecfo.com\/fr\/le-cabinet\/","url":"https:\/\/yourprivatecfo.com\/fr\/le-cabinet\/","name":"Votre CFO priv\u00e9 - Le Hub Financier","isPartOf":{"@id":"https:\/\/yourprivatecfo.com\/fr\/#website"},"datePublished":"2020-08-20T19:22:45+00:00","dateModified":"2026-04-06T19:05:48+00:00","breadcrumb":{"@id":"https:\/\/yourprivatecfo.com\/fr\/le-cabinet\/#breadcrumb"},"inLanguage":"fr-FR","potentialAction":[{"@type":"ReadAction","target":["https:\/\/yourprivatecfo.com\/fr\/le-cabinet\/"]}]},{"@type":"BreadcrumbList","@id":"https:\/\/yourprivatecfo.com\/fr\/le-cabinet\/#breadcrumb","itemListElement":[{"@type":"ListItem","position":1,"name":"Home","item":"https:\/\/yourprivatecfo.com\/fr\/"},{"@type":"ListItem","position":2,"name":"Le Hub Financier"}]},{"@type":"WebSite","@id":"https:\/\/yourprivatecfo.com\/fr\/#website","url":"https:\/\/yourprivatecfo.com\/fr\/","name":"Votre CFO priv\u00e9","description":"","potentialAction":[{"@type":"SearchAction","target":{"@type":"EntryPoint","urlTemplate":"https:\/\/yourprivatecfo.com\/fr\/?s={search_term_string}"},"query-input":{"@type":"PropertyValueSpecification","valueRequired":true,"valueName":"search_term_string"}}],"inLanguage":"fr-FR"}]}},"_links":{"self":[{"href":"https:\/\/yourprivatecfo.com\/fr\/wp-json\/wp\/v2\/pages\/117","targetHints":{"allow":["GET"]}}],"collection":[{"href":"https:\/\/yourprivatecfo.com\/fr\/wp-json\/wp\/v2\/pages"}],"about":[{"href":"https:\/\/yourprivatecfo.com\/fr\/wp-json\/wp\/v2\/types\/page"}],"author":[{"embeddable":true,"href":"https:\/\/yourprivatecfo.com\/fr\/wp-json\/wp\/v2\/users\/1"}],"replies":[{"embeddable":true,"href":"https:\/\/yourprivatecfo.com\/fr\/wp-json\/wp\/v2\/comments?post=117"}],"version-history":[{"count":51,"href":"https:\/\/yourprivatecfo.com\/fr\/wp-json\/wp\/v2\/pages\/117\/revisions"}],"predecessor-version":[{"id":1344,"href":"https:\/\/yourprivatecfo.com\/fr\/wp-json\/wp\/v2\/pages\/117\/revisions\/1344"}],"wp:attachment":[{"href":"https:\/\/yourprivatecfo.com\/fr\/wp-json\/wp\/v2\/media?parent=117"}],"curies":[{"name":"wp","href":"https:\/\/api.w.org\/{rel}","templated":true}]}}