{"id":134,"date":"2020-08-21T09:44:05","date_gmt":"2020-08-21T13:44:05","guid":{"rendered":"https:\/\/yourprivatecfo.com\/?page_id=134"},"modified":"2026-03-10T13:37:15","modified_gmt":"2026-03-10T17:37:15","slug":"nos-services","status":"publish","type":"page","link":"https:\/\/yourprivatecfo.com\/fr\/nos-services\/","title":{"rendered":"Nos services"},"content":{"rendered":"<div class=\"wpb-content-wrapper\"><p>[vc_row type=\u00a0\u00bbin_grid\u00a0\u00bb el_class=\u00a0\u00bbactualites-title-row\u00a0\u00bb][vc_column][vc_column_text el_class=\u00a0\u00bbcercle-beige\u00a0\u00bb]<\/p>\n<h2>Services <span class=\"fw-900\">exclusifs<\/span><\/h2>\n<p>[\/vc_column_text][\/vc_column][\/vc_row][vc_row type=\u00a0\u00bbfull_width\u00a0\u00bb el_class=\u00a0\u00bbnos-expertises-row border-30 nos-expertises-row-orange\u00a0\u00bb][vc_column][vc_row_inner type=\u00a0\u00bbfull_width\u00a0\u00bb el_class=\u00a0\u00bbservices-row-first expertises-row-small\u00a0\u00bb][vc_column_inner el_class=\u00a0\u00bbexpertises-col\u00a0\u00bb width=\u00a0\u00bb1\/3&Prime; css=\u00a0\u00bb.vc_custom_1611937068085{background-image: url(https:\/\/yourprivatecfo.com\/wp-content\/uploads\/2021\/01\/the2020visionStrategy_RES.jpg?id=645) !important;background-position: center !important;background-repeat: no-repeat !important;background-size: cover !important;}\u00a0\u00bb][vc_column_text]<\/p>\n<h3>Strat\u00e9gie vision 2020 \u00ae<\/h3>\n<p>[\/vc_column_text][vc_raw_html]JTNDcCUyMGNsYXNzJTNEJTIyZmxlY2hlLWJ0biUyMiUzRSUzQ2klMjBjbGFzcyUzRCUyMmZhcyUyMGZhLWNoZXZyb24tZG93biUyMiUzRSUzQyUyRmklM0UlM0MlMkZwJTNF[\/vc_raw_html][vc_column_text el_class=\u00a0\u00bbbox-link\u00a0\u00bb]<a href=\"\/fr\/nos-services\/strategie-vision-2020\/\">Lien<\/a>[\/vc_column_text][\/vc_column_inner][vc_column_inner el_class=\u00a0\u00bbexpertises-col\u00a0\u00bb width=\u00a0\u00bb1\/3&Prime; css=\u00a0\u00bb.vc_custom_1611937093395{background-image: url(https:\/\/yourprivatecfo.com\/wp-content\/uploads\/2021\/01\/theUnitaxPortfolioSolution_RES.jpg?id=643) !important;background-position: center !important;background-repeat: no-repeat !important;background-size: cover !important;}\u00a0\u00bb][vc_column_text]<\/p>\n<h3>Solution de portefeuille uniimp\u00f4t \u00ae<\/h3>\n<p>[\/vc_column_text][vc_raw_html]JTNDcCUyMGNsYXNzJTNEJTIyZmxlY2hlLWJ0biUyMiUzRSUzQ2klMjBjbGFzcyUzRCUyMmZhcyUyMGZhLWNoZXZyb24tZG93biUyMiUzRSUzQyUyRmklM0UlM0MlMkZwJTNF[\/vc_raw_html][vc_column_text el_class=\u00a0\u00bbbox-link\u00a0\u00bb]<a href=\"\/fr\/nos-services\/solution-portefeuille-uniimpot\/\">Lien<\/a>[\/vc_column_text][\/vc_column_inner][vc_column_inner el_class=\u00a0\u00bbexpertises-col\u00a0\u00bb width=\u00a0\u00bb1\/3&Prime; css=\u00a0\u00bb.vc_custom_1611937112305{background-image: url(https:\/\/yourprivatecfo.com\/wp-content\/uploads\/2021\/01\/theDirectWealthProgram_RES.jpg?id=647) !important;background-position: center !important;background-repeat: no-repeat !important;background-size: cover !important;}\u00a0\u00bb][vc_column_text]<\/p>\n<h3>Programme de patrimoine dirig\u00e9 \u00ae<\/h3>\n<p>[\/vc_column_text][vc_raw_html]JTNDcCUyMGNsYXNzJTNEJTIyZmxlY2hlLWJ0biUyMiUzRSUzQ2klMjBjbGFzcyUzRCUyMmZhcyUyMGZhLWNoZXZyb24tZG93biUyMiUzRSUzQyUyRmklM0UlM0MlMkZwJTNF[\/vc_raw_html][vc_column_text el_class=\u00a0\u00bbbox-link\u00a0\u00bb]<a href=\"\/fr\/nos-services\/programme-patrimoine-dirige\/\">Lien<\/a>[\/vc_column_text][\/vc_column_inner][\/vc_row_inner][\/vc_column][\/vc_row][vc_row type=\u00a0\u00bbin_grid\u00a0\u00bb el_class=\u00a0\u00bbpartenaire-envergure-row\u00a0\u00bb][vc_column][vc_column_text el_class=\u00a0\u00bbcercle-beige\u00a0\u00bb]<\/p>\n<h2>Des <span class=\"fw-900\">solutions financi\u00e8res cl\u00e9 en main<\/span> de type <span class=\"s1\">\u00ab Family Office \u00bb<span class=\"Apple-converted-space\">\u00a0<\/span><\/span><\/h2>\n<p>[\/vc_column_text][vc_column_text css=\u00a0\u00bb\u00a0\u00bb el_class=\u00a0\u00bbcercle-beige\u00a0\u00bb]Si vous \u00eates entrepreneurs, agriculteurs, professionnels ou retrait\u00e9s et que vous poss\u00e9dez un portefeuille d\u2019un million ou plus et que vous d\u00e9sirez faire cro\u00eetre vos avoirs ou les pr\u00e9server, Votre CFO Priv\u00e9 est le Hub financier que vous cherchez.<\/p>\n<p>L&rsquo;exp\u00e9rience que notre \u00e9quipe a acquise au cours des trente derni\u00e8res ann\u00e9es en conseillant et desservant des clients uniques, comme vous, nous a permis de d\u00e9velopper et de cr\u00e9er une gamme de services adapt\u00e9s \u00e0 vos diff\u00e9rents cycles de vie financi\u00e8re.<\/p>\n<p>Avec notre approche cl\u00e9 en main, de type \u00a0\u00bb Family Office\u00a0\u00bb, <span class=\"NormalTextRun SCXW120669880 BCX0\">notre \u00e9quipe<\/span><span class=\"NormalTextRun SCXW120669880 BCX0\"> chevronn\u00e9e collabore avec plusieurs professionnels et intervenants***<\/span><span class=\"NormalTextRun SCXW120669880 BCX0\">, cela nous permet de g\u00e9rer tous les aspects<\/span> d\u2019un patrimoine familial et le transfert d\u2019entreprise, notamment en mati\u00e8re d\u2019investissement, de succession et de planification de la retraite. N<span data-contrast=\"auto\">os gestionnaires de fonds communs de placement <\/span>sont s\u00e9lectionn\u00e9s avec soins et affect\u00e9s \u00e0 nos clients en fonction de leurs besoins sp\u00e9cifiques.[\/vc_column_text][\/vc_column][\/vc_row][vc_row type=\u00a0\u00bbfull_width\u00a0\u00bb el_class=\u00a0\u00bbnos-expertises-row border-30&Prime;][vc_column][vc_row_inner type=\u00a0\u00bbfull_width\u00a0\u00bb el_class=\u00a0\u00bbservices-row-first expertises-row-small\u00a0\u00bb][vc_column_inner el_class=\u00a0\u00bbexpertises-col\u00a0\u00bb width=\u00a0\u00bb1\/3&Prime; css=\u00a0\u00bb.vc_custom_1598042507511{background-image: url(https:\/\/yourprivatecfo.com\/wp-content\/uploads\/2020\/08\/service-solut-ent.jpg?id=215) !important;background-position: center !important;background-repeat: no-repeat !important;background-size: cover !important;}\u00a0\u00bb][vc_column_text]<\/p>\n<h3>Solution pour entrepreneurs<\/h3>\n<p>[\/vc_column_text][vc_raw_html]JTNDcCUyMGNsYXNzJTNEJTIyZmxlY2hlLWJ0biUyMiUzRSUzQ2klMjBjbGFzcyUzRCUyMmZhcyUyMGZhLWNoZXZyb24tZG93biUyMiUzRSUzQyUyRmklM0UlM0MlMkZwJTNF[\/vc_raw_html][vc_column_text el_class=\u00a0\u00bbbox-link\u00a0\u00bb]<a href=\"\/fr\/nos-services\/solutions-pour-entrepreneurs\/\">Lien<\/a>[\/vc_column_text][\/vc_column_inner][vc_column_inner el_class=\u00a0\u00bbexpertises-col\u00a0\u00bb width=\u00a0\u00bb1\/3&Prime; css=\u00a0\u00bb.vc_custom_1598042515060{background-image: url(https:\/\/yourprivatecfo.com\/wp-content\/uploads\/2020\/08\/service-plac-croi.jpg?id=213) !important;background-position: center !important;background-repeat: no-repeat !important;background-size: cover !important;}\u00a0\u00bb][vc_column_text]<\/p>\n<h3>Placements et croissance<\/h3>\n<p>[\/vc_column_text][vc_raw_html]JTNDcCUyMGNsYXNzJTNEJTIyZmxlY2hlLWJ0biUyMiUzRSUzQ2klMjBjbGFzcyUzRCUyMmZhcyUyMGZhLWNoZXZyb24tZG93biUyMiUzRSUzQyUyRmklM0UlM0MlMkZwJTNF[\/vc_raw_html][vc_column_text el_class=\u00a0\u00bbbox-link\u00a0\u00bb]<a href=\"\/fr\/nos-services\/placements-et-croissance\/\">Lien<\/a>[\/vc_column_text][\/vc_column_inner][vc_column_inner el_class=\u00a0\u00bbexpertises-col\u00a0\u00bb width=\u00a0\u00bb1\/3&Prime; css=\u00a0\u00bb.vc_custom_1598042523413{background-image: url(https:\/\/yourprivatecfo.com\/wp-content\/uploads\/2020\/08\/service-assu.jpg?id=211) !important;background-position: center !important;background-repeat: no-repeat !important;background-size: cover !important;}\u00a0\u00bb][vc_column_text]<\/p>\n<h3>Assurances<\/h3>\n<p>[\/vc_column_text][vc_raw_html]JTNDcCUyMGNsYXNzJTNEJTIyZmxlY2hlLWJ0biUyMiUzRSUzQ2klMjBjbGFzcyUzRCUyMmZhcyUyMGZhLWNoZXZyb24tZG93biUyMiUzRSUzQyUyRmklM0UlM0MlMkZwJTNF[\/vc_raw_html][vc_column_text el_class=\u00a0\u00bbbox-link\u00a0\u00bb]<a href=\"\/fr\/nos-services\/assurances\/\">Lien<\/a>[\/vc_column_text][\/vc_column_inner][vc_column_inner el_class=\u00a0\u00bbexpertises-col\u00a0\u00bb width=\u00a0\u00bb1\/2&Prime; css=\u00a0\u00bb.vc_custom_1598378808442{background-image: url(https:\/\/yourprivatecfo.com\/wp-content\/uploads\/2020\/08\/service-strat-ret.jpg?id=216) !important;background-position: center !important;background-repeat: no-repeat !important;background-size: cover !important;}\u00a0\u00bb][vc_column_text]<\/p>\n<h3>Strat\u00e9gie de retraite<\/h3>\n<p>[\/vc_column_text][vc_raw_html]JTNDcCUyMGNsYXNzJTNEJTIyZmxlY2hlLWJ0biUyMiUzRSUzQ2klMjBjbGFzcyUzRCUyMmZhcyUyMGZhLWNoZXZyb24tZG93biUyMiUzRSUzQyUyRmklM0UlM0MlMkZwJTNF[\/vc_raw_html][vc_column_text el_class=\u00a0\u00bbbox-link\u00a0\u00bb]<a href=\"\/fr\/nos-services\/strategie-de-retraite\/\">Lien<\/a>[\/vc_column_text][\/vc_column_inner][vc_column_inner el_class=\u00a0\u00bbexpertises-col\u00a0\u00bb width=\u00a0\u00bb1\/2&Prime; css=\u00a0\u00bb.vc_custom_1598548969332{background-image: url(https:\/\/yourprivatecfo.com\/wp-content\/uploads\/2020\/08\/service-plan-succ.jpg?id=214) !important;background-position: center !important;background-repeat: no-repeat !important;background-size: cover !important;}\u00a0\u00bb][vc_column_text]<\/p>\n<h3>Planification successorale<\/h3>\n<p>[\/vc_column_text][vc_raw_html]JTNDcCUyMGNsYXNzJTNEJTIyZmxlY2hlLWJ0biUyMiUzRSUzQ2klMjBjbGFzcyUzRCUyMmZhcyUyMGZhLWNoZXZyb24tZG93biUyMiUzRSUzQyUyRmklM0UlM0MlMkZwJTNF[\/vc_raw_html][vc_column_text el_class=\u00a0\u00bbbox-link\u00a0\u00bb]<a href=\"\/fr\/nos-services\/planification-successorale\/\">Lien<\/a>[\/vc_column_text][\/vc_column_inner][\/vc_row_inner][\/vc_column][\/vc_row]<\/p>\n<\/div>","protected":false},"excerpt":{"rendered":"<p>[vc_row type=\u00a0\u00bbin_grid\u00a0\u00bb el_class=\u00a0\u00bbactualites-title-row\u00a0\u00bb][vc_column][vc_column_text el_class=\u00a0\u00bbcercle-beige\u00a0\u00bb] Services exclusifs [\/vc_column_text][\/vc_column][\/vc_row][vc_row type=\u00a0\u00bbfull_width\u00a0\u00bb el_class=\u00a0\u00bbnos-expertises-row border-30 nos-expertises-row-orange\u00a0\u00bb][vc_column][vc_row_inner type=\u00a0\u00bbfull_width\u00a0\u00bb el_class=\u00a0\u00bbservices-row-first expertises-row-small\u00a0\u00bb][vc_column_inner el_class=\u00a0\u00bbexpertises-col\u00a0\u00bb width=\u00a0\u00bb1\/3&Prime; css=\u00a0\u00bb.vc_custom_1611937068085{background-image: url(https:\/\/yourprivatecfo.com\/wp-content\/uploads\/2021\/01\/the2020visionStrategy_RES.jpg?id=645) !important;background-position: center !important;background-repeat: no-repeat !important;background-size: cover !important;}\u00a0\u00bb][vc_column_text] Strat\u00e9gie vision 2020 \u00ae [\/vc_column_text][vc_raw_html]JTNDcCUyMGNsYXNzJTNEJTIyZmxlY2hlLWJ0biUyMiUzRSUzQ2klMjBjbGFzcyUzRCUyMmZhcyUyMGZhLWNoZXZyb24tZG93biUyMiUzRSUzQyUyRmklM0UlM0MlMkZwJTNF[\/vc_raw_html][vc_column_text el_class=\u00a0\u00bbbox-link\u00a0\u00bb]Lien[\/vc_column_text][\/vc_column_inner][vc_column_inner el_class=\u00a0\u00bbexpertises-col\u00a0\u00bb width=\u00a0\u00bb1\/3&Prime; css=\u00a0\u00bb.vc_custom_1611937093395{background-image: url(https:\/\/yourprivatecfo.com\/wp-content\/uploads\/2021\/01\/theUnitaxPortfolioSolution_RES.jpg?id=643) !important;background-position: center !important;background-repeat: no-repeat !important;background-size: cover !important;}\u00a0\u00bb][vc_column_text] Solution de portefeuille uniimp\u00f4t \u00ae [\/vc_column_text][vc_raw_html]JTNDcCUyMGNsYXNzJTNEJTIyZmxlY2hlLWJ0biUyMiUzRSUzQ2klMjBjbGFzcyUzRCUyMmZhcyUyMGZhLWNoZXZyb24tZG93biUyMiUzRSUzQyUyRmklM0UlM0MlMkZwJTNF[\/vc_raw_html][vc_column_text el_class=\u00a0\u00bbbox-link\u00a0\u00bb]Lien[\/vc_column_text][\/vc_column_inner][vc_column_inner el_class=\u00a0\u00bbexpertises-col\u00a0\u00bb width=\u00a0\u00bb1\/3&Prime; css=\u00a0\u00bb.vc_custom_1611937112305{background-image: url(https:\/\/yourprivatecfo.com\/wp-content\/uploads\/2021\/01\/theDirectWealthProgram_RES.jpg?id=647) !important;background-position: center [&hellip;]<\/p>\n","protected":false},"author":1,"featured_media":0,"parent":0,"menu_order":0,"comment_status":"closed","ping_status":"closed","template":"","meta":{"_acf_changed":false,"footnotes":""},"class_list":["post-134","page","type-page","status-publish","hentry"],"acf":[],"yoast_head":"<!-- This site is optimized with the Yoast SEO plugin v27.3 - https:\/\/yoast.com\/product\/yoast-seo-wordpress\/ -->\n<title>Votre CFO priv\u00e9 - Nos services<\/title>\n<meta name=\"robots\" content=\"index, follow, max-snippet:-1, max-image-preview:large, max-video-preview:-1\" \/>\n<link rel=\"canonical\" href=\"https:\/\/yourprivatecfo.com\/fr\/nos-services\/\" \/>\n<meta property=\"og:locale\" content=\"fr_FR\" \/>\n<meta property=\"og:type\" content=\"article\" \/>\n<meta property=\"og:title\" content=\"Votre CFO priv\u00e9 - Nos services\" \/>\n<meta property=\"og:description\" content=\"[vc_row type=\u00a0\u00bbin_grid\u00a0\u00bb el_class=\u00a0\u00bbactualites-title-row\u00a0\u00bb][vc_column][vc_column_text el_class=\u00a0\u00bbcercle-beige\u00a0\u00bb] Services exclusifs [\/vc_column_text][\/vc_column][\/vc_row][vc_row type=\u00a0\u00bbfull_width\u00a0\u00bb el_class=\u00a0\u00bbnos-expertises-row border-30 nos-expertises-row-orange\u00a0\u00bb][vc_column][vc_row_inner type=\u00a0\u00bbfull_width\u00a0\u00bb el_class=\u00a0\u00bbservices-row-first expertises-row-small\u00a0\u00bb][vc_column_inner el_class=\u00a0\u00bbexpertises-col\u00a0\u00bb width=\u00a0\u00bb1\/3&Prime; css=\u00a0\u00bb.vc_custom_1611937068085{background-image: url(https:\/\/yourprivatecfo.com\/wp-content\/uploads\/2021\/01\/the2020visionStrategy_RES.jpg?id=645) !important;background-position: center !important;background-repeat: no-repeat !important;background-size: cover !important;}\u00a0\u00bb][vc_column_text] Strat\u00e9gie vision 2020 \u00ae [\/vc_column_text][vc_raw_html]JTNDcCUyMGNsYXNzJTNEJTIyZmxlY2hlLWJ0biUyMiUzRSUzQ2klMjBjbGFzcyUzRCUyMmZhcyUyMGZhLWNoZXZyb24tZG93biUyMiUzRSUzQyUyRmklM0UlM0MlMkZwJTNF[\/vc_raw_html][vc_column_text el_class=\u00a0\u00bbbox-link\u00a0\u00bb]Lien[\/vc_column_text][\/vc_column_inner][vc_column_inner el_class=\u00a0\u00bbexpertises-col\u00a0\u00bb width=\u00a0\u00bb1\/3&Prime; css=\u00a0\u00bb.vc_custom_1611937093395{background-image: url(https:\/\/yourprivatecfo.com\/wp-content\/uploads\/2021\/01\/theUnitaxPortfolioSolution_RES.jpg?id=643) !important;background-position: center !important;background-repeat: no-repeat !important;background-size: cover !important;}\u00a0\u00bb][vc_column_text] Solution de portefeuille uniimp\u00f4t \u00ae [\/vc_column_text][vc_raw_html]JTNDcCUyMGNsYXNzJTNEJTIyZmxlY2hlLWJ0biUyMiUzRSUzQ2klMjBjbGFzcyUzRCUyMmZhcyUyMGZhLWNoZXZyb24tZG93biUyMiUzRSUzQyUyRmklM0UlM0MlMkZwJTNF[\/vc_raw_html][vc_column_text el_class=\u00a0\u00bbbox-link\u00a0\u00bb]Lien[\/vc_column_text][\/vc_column_inner][vc_column_inner el_class=\u00a0\u00bbexpertises-col\u00a0\u00bb width=\u00a0\u00bb1\/3&Prime; css=\u00a0\u00bb.vc_custom_1611937112305{background-image: url(https:\/\/yourprivatecfo.com\/wp-content\/uploads\/2021\/01\/theDirectWealthProgram_RES.jpg?id=647) !important;background-position: center [&hellip;]\" \/>\n<meta property=\"og:url\" content=\"https:\/\/yourprivatecfo.com\/fr\/nos-services\/\" \/>\n<meta property=\"og:site_name\" content=\"Votre CFO priv\u00e9\" \/>\n<meta property=\"article:publisher\" content=\"https:\/\/www.facebook.com\/yourprivatecfo\/\" \/>\n<meta property=\"article:modified_time\" content=\"2026-03-10T17:37:15+00:00\" \/>\n<meta name=\"twitter:card\" content=\"summary_large_image\" \/>\n<meta name=\"twitter:label1\" content=\"Dur\u00e9e de lecture estim\u00e9e\" \/>\n\t<meta name=\"twitter:data1\" content=\"2 minutes\" \/>\n<script type=\"application\/ld+json\" class=\"yoast-schema-graph\">{\"@context\":\"https:\\\/\\\/schema.org\",\"@graph\":[{\"@type\":\"WebPage\",\"@id\":\"https:\\\/\\\/yourprivatecfo.com\\\/fr\\\/nos-services\\\/\",\"url\":\"https:\\\/\\\/yourprivatecfo.com\\\/fr\\\/nos-services\\\/\",\"name\":\"Votre CFO priv\u00e9 - Nos services\",\"isPartOf\":{\"@id\":\"https:\\\/\\\/yourprivatecfo.com\\\/fr\\\/#website\"},\"datePublished\":\"2020-08-21T13:44:05+00:00\",\"dateModified\":\"2026-03-10T17:37:15+00:00\",\"breadcrumb\":{\"@id\":\"https:\\\/\\\/yourprivatecfo.com\\\/fr\\\/nos-services\\\/#breadcrumb\"},\"inLanguage\":\"fr-FR\",\"potentialAction\":[{\"@type\":\"ReadAction\",\"target\":[\"https:\\\/\\\/yourprivatecfo.com\\\/fr\\\/nos-services\\\/\"]}]},{\"@type\":\"BreadcrumbList\",\"@id\":\"https:\\\/\\\/yourprivatecfo.com\\\/fr\\\/nos-services\\\/#breadcrumb\",\"itemListElement\":[{\"@type\":\"ListItem\",\"position\":1,\"name\":\"Home\",\"item\":\"https:\\\/\\\/yourprivatecfo.com\\\/fr\\\/\"},{\"@type\":\"ListItem\",\"position\":2,\"name\":\"Nos services\"}]},{\"@type\":\"WebSite\",\"@id\":\"https:\\\/\\\/yourprivatecfo.com\\\/fr\\\/#website\",\"url\":\"https:\\\/\\\/yourprivatecfo.com\\\/fr\\\/\",\"name\":\"Votre CFO priv\u00e9\",\"description\":\"\",\"potentialAction\":[{\"@type\":\"SearchAction\",\"target\":{\"@type\":\"EntryPoint\",\"urlTemplate\":\"https:\\\/\\\/yourprivatecfo.com\\\/fr\\\/?s={search_term_string}\"},\"query-input\":{\"@type\":\"PropertyValueSpecification\",\"valueRequired\":true,\"valueName\":\"search_term_string\"}}],\"inLanguage\":\"fr-FR\"}]}<\/script>\n<!-- \/ Yoast SEO plugin. -->","yoast_head_json":{"title":"Votre CFO priv\u00e9 - Nos services","robots":{"index":"index","follow":"follow","max-snippet":"max-snippet:-1","max-image-preview":"max-image-preview:large","max-video-preview":"max-video-preview:-1"},"canonical":"https:\/\/yourprivatecfo.com\/fr\/nos-services\/","og_locale":"fr_FR","og_type":"article","og_title":"Votre CFO priv\u00e9 - Nos services","og_description":"[vc_row type=\u00a0\u00bbin_grid\u00a0\u00bb el_class=\u00a0\u00bbactualites-title-row\u00a0\u00bb][vc_column][vc_column_text el_class=\u00a0\u00bbcercle-beige\u00a0\u00bb] Services exclusifs [\/vc_column_text][\/vc_column][\/vc_row][vc_row type=\u00a0\u00bbfull_width\u00a0\u00bb el_class=\u00a0\u00bbnos-expertises-row border-30 nos-expertises-row-orange\u00a0\u00bb][vc_column][vc_row_inner type=\u00a0\u00bbfull_width\u00a0\u00bb el_class=\u00a0\u00bbservices-row-first expertises-row-small\u00a0\u00bb][vc_column_inner el_class=\u00a0\u00bbexpertises-col\u00a0\u00bb width=\u00a0\u00bb1\/3&Prime; css=\u00a0\u00bb.vc_custom_1611937068085{background-image: url(https:\/\/yourprivatecfo.com\/wp-content\/uploads\/2021\/01\/the2020visionStrategy_RES.jpg?id=645) !important;background-position: center !important;background-repeat: no-repeat !important;background-size: cover !important;}\u00a0\u00bb][vc_column_text] Strat\u00e9gie vision 2020 \u00ae [\/vc_column_text][vc_raw_html]JTNDcCUyMGNsYXNzJTNEJTIyZmxlY2hlLWJ0biUyMiUzRSUzQ2klMjBjbGFzcyUzRCUyMmZhcyUyMGZhLWNoZXZyb24tZG93biUyMiUzRSUzQyUyRmklM0UlM0MlMkZwJTNF[\/vc_raw_html][vc_column_text el_class=\u00a0\u00bbbox-link\u00a0\u00bb]Lien[\/vc_column_text][\/vc_column_inner][vc_column_inner el_class=\u00a0\u00bbexpertises-col\u00a0\u00bb width=\u00a0\u00bb1\/3&Prime; css=\u00a0\u00bb.vc_custom_1611937093395{background-image: url(https:\/\/yourprivatecfo.com\/wp-content\/uploads\/2021\/01\/theUnitaxPortfolioSolution_RES.jpg?id=643) !important;background-position: center !important;background-repeat: no-repeat !important;background-size: cover !important;}\u00a0\u00bb][vc_column_text] Solution de portefeuille uniimp\u00f4t \u00ae [\/vc_column_text][vc_raw_html]JTNDcCUyMGNsYXNzJTNEJTIyZmxlY2hlLWJ0biUyMiUzRSUzQ2klMjBjbGFzcyUzRCUyMmZhcyUyMGZhLWNoZXZyb24tZG93biUyMiUzRSUzQyUyRmklM0UlM0MlMkZwJTNF[\/vc_raw_html][vc_column_text el_class=\u00a0\u00bbbox-link\u00a0\u00bb]Lien[\/vc_column_text][\/vc_column_inner][vc_column_inner el_class=\u00a0\u00bbexpertises-col\u00a0\u00bb width=\u00a0\u00bb1\/3&Prime; css=\u00a0\u00bb.vc_custom_1611937112305{background-image: url(https:\/\/yourprivatecfo.com\/wp-content\/uploads\/2021\/01\/theDirectWealthProgram_RES.jpg?id=647) !important;background-position: center [&hellip;]","og_url":"https:\/\/yourprivatecfo.com\/fr\/nos-services\/","og_site_name":"Votre CFO priv\u00e9","article_publisher":"https:\/\/www.facebook.com\/yourprivatecfo\/","article_modified_time":"2026-03-10T17:37:15+00:00","twitter_card":"summary_large_image","twitter_misc":{"Dur\u00e9e de lecture estim\u00e9e":"2 minutes"},"schema":{"@context":"https:\/\/schema.org","@graph":[{"@type":"WebPage","@id":"https:\/\/yourprivatecfo.com\/fr\/nos-services\/","url":"https:\/\/yourprivatecfo.com\/fr\/nos-services\/","name":"Votre CFO priv\u00e9 - Nos services","isPartOf":{"@id":"https:\/\/yourprivatecfo.com\/fr\/#website"},"datePublished":"2020-08-21T13:44:05+00:00","dateModified":"2026-03-10T17:37:15+00:00","breadcrumb":{"@id":"https:\/\/yourprivatecfo.com\/fr\/nos-services\/#breadcrumb"},"inLanguage":"fr-FR","potentialAction":[{"@type":"ReadAction","target":["https:\/\/yourprivatecfo.com\/fr\/nos-services\/"]}]},{"@type":"BreadcrumbList","@id":"https:\/\/yourprivatecfo.com\/fr\/nos-services\/#breadcrumb","itemListElement":[{"@type":"ListItem","position":1,"name":"Home","item":"https:\/\/yourprivatecfo.com\/fr\/"},{"@type":"ListItem","position":2,"name":"Nos services"}]},{"@type":"WebSite","@id":"https:\/\/yourprivatecfo.com\/fr\/#website","url":"https:\/\/yourprivatecfo.com\/fr\/","name":"Votre CFO priv\u00e9","description":"","potentialAction":[{"@type":"SearchAction","target":{"@type":"EntryPoint","urlTemplate":"https:\/\/yourprivatecfo.com\/fr\/?s={search_term_string}"},"query-input":{"@type":"PropertyValueSpecification","valueRequired":true,"valueName":"search_term_string"}}],"inLanguage":"fr-FR"}]}},"_links":{"self":[{"href":"https:\/\/yourprivatecfo.com\/fr\/wp-json\/wp\/v2\/pages\/134","targetHints":{"allow":["GET"]}}],"collection":[{"href":"https:\/\/yourprivatecfo.com\/fr\/wp-json\/wp\/v2\/pages"}],"about":[{"href":"https:\/\/yourprivatecfo.com\/fr\/wp-json\/wp\/v2\/types\/page"}],"author":[{"embeddable":true,"href":"https:\/\/yourprivatecfo.com\/fr\/wp-json\/wp\/v2\/users\/1"}],"replies":[{"embeddable":true,"href":"https:\/\/yourprivatecfo.com\/fr\/wp-json\/wp\/v2\/comments?post=134"}],"version-history":[{"count":35,"href":"https:\/\/yourprivatecfo.com\/fr\/wp-json\/wp\/v2\/pages\/134\/revisions"}],"predecessor-version":[{"id":1337,"href":"https:\/\/yourprivatecfo.com\/fr\/wp-json\/wp\/v2\/pages\/134\/revisions\/1337"}],"wp:attachment":[{"href":"https:\/\/yourprivatecfo.com\/fr\/wp-json\/wp\/v2\/media?parent=134"}],"curies":[{"name":"wp","href":"https:\/\/api.w.org\/{rel}","templated":true}]}}