{"id":170,"date":"2020-08-21T15:35:04","date_gmt":"2020-08-21T19:35:04","guid":{"rendered":"https:\/\/yourprivatecfo.com\/?page_id=170"},"modified":"2021-08-16T12:54:33","modified_gmt":"2021-08-16T16:54:33","slug":"assurances","status":"publish","type":"page","link":"https:\/\/yourprivatecfo.com\/fr\/nos-services\/assurances\/","title":{"rendered":"Assurances*"},"content":{"rendered":"<div class=\"wpb-content-wrapper\"><p>[vc_row full_height=\u00a0\u00bbyes\u00a0\u00bb type=\u00a0\u00bbfull_width\u00a0\u00bb css=\u00a0\u00bb.vc_custom_1598040694171{background-image: url(https:\/\/yourprivatecfo.com\/wp-content\/uploads\/2020\/08\/assurances-title.jpg?id=197) !important;background-position: center !important;background-repeat: no-repeat !important;background-size: cover !important;}\u00a0\u00bb el_class=\u00a0\u00bbservices-title\u00a0\u00bb][vc_column][vc_column_text]<\/p>\n<h1>Assurances<\/h1>\n<p>[\/vc_column_text][vc_raw_html el_class=\u00a0\u00bbservices-fleche\u00a0\u00bb]JTNDcCUyMGNsYXNzJTNEJTIyZmxlY2hlLWJ0biUyMiUzRSUzQ2ElMjBocmVmJTNEJTIyJTIzbmV4dENvbnRhaW5lciUyMiUzRSUzQ2klMjBjbGFzcyUzRCUyMmZhcyUyMGZhLWNoZXZyb24tZG93biUyMiUzRSUzQyUyRmklM0UlM0MlMkZhJTNFJTNDJTJGcCUzRQ==[\/vc_raw_html][\/vc_column][\/vc_row][vc_row type=\u00a0\u00bbin_grid\u00a0\u00bb el_class=\u00a0\u00bbpartenaire-envergure-row\u00a0\u00bb el_id=\u00a0\u00bbnextContainer\u00a0\u00bb][vc_column][vc_column_text el_class=\u00a0\u00bbcercle-beige\u00a0\u00bb]<\/p>\n<h2><span class=\"fw-900\">Assurances*<\/span><\/h2>\n<p>[\/vc_column_text][vc_column_text el_class=\u00a0\u00bbcercle-beige\u00a0\u00bb]<\/p>\n<p class=\"p1\"><span class=\"s1\">Votre CFO Priv\u00e9, gestion patrimoniale <\/span>vous offre des conseils et une gamme de produits en assurance de personnes qui sauront r\u00e9pondre \u00e0 vos besoins en vous offrant des solutions d\u2019assurance sur mesure.<\/p>\n<p>Qu\u2019il s\u2019agisse d\u2019une assurance-vie, invalidit\u00e9, maladies graves ou soins longues dur\u00e9es, nous sommes en mesure d\u2019\u00e9laborer un plan unique qui saura vous offrir la protection dont vous avez besoin. Toutes les strat\u00e9gies que nous d\u00e9veloppons ont toutes le m\u00eame but, pr\u00e9munir, vous, votre famille ou votre entreprise contre les impacts financiers et \u00e9conomiques li\u00e9s \u00e0 un ou des \u00e9v\u00e9nements impr\u00e9visibles.[\/vc_column_text][\/vc_column][\/vc_row][vc_row type=\u00a0\u00bbfull_width\u00a0\u00bb el_class=\u00a0\u00bbborder-30 assurances-row\u00a0\u00bb css=\u00a0\u00bb.vc_custom_1598039288714{background-color: #dbe2ea !important;}\u00a0\u00bb][vc_column][vc_row_inner type=\u00a0\u00bbfull_width\u00a0\u00bb el_class=\u00a0\u00bbassurances-inner-row\u00a0\u00bb][vc_column_inner width=\u00a0\u00bb1\/3&Prime;][vc_column_text]<\/p>\n<h3>Assurance vie*<\/h3>\n<p>[\/vc_column_text][vc_column_text]<\/p>\n<ul>\n<li>Assurance temporaire<\/li>\n<li>Assurance permanente<\/li>\n<\/ul>\n<p>[\/vc_column_text][\/vc_column_inner][vc_column_inner width=\u00a0\u00bb1\/3&Prime;][vc_column_text]<\/p>\n<h3>Assurance invalidit\u00e9*<\/h3>\n<p>[\/vc_column_text][vc_column_text]<\/p>\n<ul>\n<li>Assurance salaire<\/li>\n<li>Assurance frais g\u00e9n\u00e9raux<\/li>\n<\/ul>\n<p>[\/vc_column_text][\/vc_column_inner][vc_column_inner width=\u00a0\u00bb1\/3&Prime;][vc_column_text]<\/p>\n<h3>Assurance maladie grave *<\/h3>\n<p>[\/vc_column_text][\/vc_column_inner][\/vc_row_inner][\/vc_column][\/vc_row]<\/p>\n<\/div>","protected":false},"excerpt":{"rendered":"<p>[vc_row full_height=\u00a0\u00bbyes\u00a0\u00bb type=\u00a0\u00bbfull_width\u00a0\u00bb css=\u00a0\u00bb.vc_custom_1598040694171{background-image: url(https:\/\/yourprivatecfo.com\/wp-content\/uploads\/2020\/08\/assurances-title.jpg?id=197) !important;background-position: center !important;background-repeat: no-repeat !important;background-size: cover !important;}\u00a0\u00bb el_class=\u00a0\u00bbservices-title\u00a0\u00bb][vc_column][vc_column_text] Assurances [\/vc_column_text][vc_raw_html el_class=\u00a0\u00bbservices-fleche\u00a0\u00bb]JTNDcCUyMGNsYXNzJTNEJTIyZmxlY2hlLWJ0biUyMiUzRSUzQ2ElMjBocmVmJTNEJTIyJTIzbmV4dENvbnRhaW5lciUyMiUzRSUzQ2klMjBjbGFzcyUzRCUyMmZhcyUyMGZhLWNoZXZyb24tZG93biUyMiUzRSUzQyUyRmklM0UlM0MlMkZhJTNFJTNDJTJGcCUzRQ==[\/vc_raw_html][\/vc_column][\/vc_row][vc_row type=\u00a0\u00bbin_grid\u00a0\u00bb el_class=\u00a0\u00bbpartenaire-envergure-row\u00a0\u00bb el_id=\u00a0\u00bbnextContainer\u00a0\u00bb][vc_column][vc_column_text el_class=\u00a0\u00bbcercle-beige\u00a0\u00bb] Assurances* [\/vc_column_text][vc_column_text el_class=\u00a0\u00bbcercle-beige\u00a0\u00bb] Votre CFO Priv\u00e9, gestion patrimoniale vous offre des conseils et une gamme de produits en assurance de personnes qui sauront r\u00e9pondre \u00e0 vos besoins en vous offrant des solutions d\u2019assurance sur mesure. [&hellip;]<\/p>\n","protected":false},"author":1,"featured_media":0,"parent":134,"menu_order":0,"comment_status":"closed","ping_status":"closed","template":"","meta":{"_acf_changed":false,"footnotes":""},"class_list":["post-170","page","type-page","status-publish","hentry"],"acf":[],"yoast_head":"<!-- This site is optimized with the Yoast SEO plugin v27.3 - https:\/\/yoast.com\/product\/yoast-seo-wordpress\/ -->\n<title>Votre CFO priv\u00e9 - Assurances*<\/title>\n<meta name=\"robots\" content=\"index, follow, max-snippet:-1, max-image-preview:large, max-video-preview:-1\" \/>\n<link rel=\"canonical\" href=\"https:\/\/yourprivatecfo.com\/fr\/nos-services\/assurances\/\" \/>\n<meta property=\"og:locale\" content=\"fr_FR\" \/>\n<meta property=\"og:type\" content=\"article\" \/>\n<meta property=\"og:title\" content=\"Votre CFO priv\u00e9 - Assurances*\" \/>\n<meta property=\"og:description\" content=\"[vc_row full_height=\u00a0\u00bbyes\u00a0\u00bb type=\u00a0\u00bbfull_width\u00a0\u00bb css=\u00a0\u00bb.vc_custom_1598040694171{background-image: url(https:\/\/yourprivatecfo.com\/wp-content\/uploads\/2020\/08\/assurances-title.jpg?id=197) !important;background-position: center !important;background-repeat: no-repeat !important;background-size: cover !important;}\u00a0\u00bb el_class=\u00a0\u00bbservices-title\u00a0\u00bb][vc_column][vc_column_text] Assurances [\/vc_column_text][vc_raw_html el_class=\u00a0\u00bbservices-fleche\u00a0\u00bb]JTNDcCUyMGNsYXNzJTNEJTIyZmxlY2hlLWJ0biUyMiUzRSUzQ2ElMjBocmVmJTNEJTIyJTIzbmV4dENvbnRhaW5lciUyMiUzRSUzQ2klMjBjbGFzcyUzRCUyMmZhcyUyMGZhLWNoZXZyb24tZG93biUyMiUzRSUzQyUyRmklM0UlM0MlMkZhJTNFJTNDJTJGcCUzRQ==[\/vc_raw_html][\/vc_column][\/vc_row][vc_row type=\u00a0\u00bbin_grid\u00a0\u00bb el_class=\u00a0\u00bbpartenaire-envergure-row\u00a0\u00bb el_id=\u00a0\u00bbnextContainer\u00a0\u00bb][vc_column][vc_column_text el_class=\u00a0\u00bbcercle-beige\u00a0\u00bb] Assurances* [\/vc_column_text][vc_column_text el_class=\u00a0\u00bbcercle-beige\u00a0\u00bb] Votre CFO Priv\u00e9, gestion patrimoniale vous offre des conseils et une gamme de produits en assurance de personnes qui sauront r\u00e9pondre \u00e0 vos besoins en vous offrant des solutions d\u2019assurance sur mesure. [&hellip;]\" \/>\n<meta property=\"og:url\" content=\"https:\/\/yourprivatecfo.com\/fr\/nos-services\/assurances\/\" \/>\n<meta property=\"og:site_name\" content=\"Votre CFO priv\u00e9\" \/>\n<meta property=\"article:publisher\" content=\"https:\/\/www.facebook.com\/yourprivatecfo\/\" \/>\n<meta property=\"article:modified_time\" content=\"2021-08-16T16:54:33+00:00\" \/>\n<meta name=\"twitter:card\" content=\"summary_large_image\" \/>\n<meta name=\"twitter:label1\" content=\"Dur\u00e9e de lecture estim\u00e9e\" \/>\n\t<meta name=\"twitter:data1\" content=\"1 minute\" \/>\n<script type=\"application\/ld+json\" class=\"yoast-schema-graph\">{\"@context\":\"https:\\\/\\\/schema.org\",\"@graph\":[{\"@type\":\"WebPage\",\"@id\":\"https:\\\/\\\/yourprivatecfo.com\\\/fr\\\/nos-services\\\/assurances\\\/\",\"url\":\"https:\\\/\\\/yourprivatecfo.com\\\/fr\\\/nos-services\\\/assurances\\\/\",\"name\":\"Votre CFO priv\u00e9 - Assurances*\",\"isPartOf\":{\"@id\":\"https:\\\/\\\/yourprivatecfo.com\\\/fr\\\/#website\"},\"datePublished\":\"2020-08-21T19:35:04+00:00\",\"dateModified\":\"2021-08-16T16:54:33+00:00\",\"breadcrumb\":{\"@id\":\"https:\\\/\\\/yourprivatecfo.com\\\/fr\\\/nos-services\\\/assurances\\\/#breadcrumb\"},\"inLanguage\":\"fr-FR\",\"potentialAction\":[{\"@type\":\"ReadAction\",\"target\":[\"https:\\\/\\\/yourprivatecfo.com\\\/fr\\\/nos-services\\\/assurances\\\/\"]}]},{\"@type\":\"BreadcrumbList\",\"@id\":\"https:\\\/\\\/yourprivatecfo.com\\\/fr\\\/nos-services\\\/assurances\\\/#breadcrumb\",\"itemListElement\":[{\"@type\":\"ListItem\",\"position\":1,\"name\":\"Home\",\"item\":\"https:\\\/\\\/yourprivatecfo.com\\\/fr\\\/\"},{\"@type\":\"ListItem\",\"position\":2,\"name\":\"Nos services\",\"item\":\"https:\\\/\\\/yourprivatecfo.com\\\/fr\\\/nos-services\\\/\"},{\"@type\":\"ListItem\",\"position\":3,\"name\":\"Assurances*\"}]},{\"@type\":\"WebSite\",\"@id\":\"https:\\\/\\\/yourprivatecfo.com\\\/fr\\\/#website\",\"url\":\"https:\\\/\\\/yourprivatecfo.com\\\/fr\\\/\",\"name\":\"Votre CFO priv\u00e9\",\"description\":\"\",\"potentialAction\":[{\"@type\":\"SearchAction\",\"target\":{\"@type\":\"EntryPoint\",\"urlTemplate\":\"https:\\\/\\\/yourprivatecfo.com\\\/fr\\\/?s={search_term_string}\"},\"query-input\":{\"@type\":\"PropertyValueSpecification\",\"valueRequired\":true,\"valueName\":\"search_term_string\"}}],\"inLanguage\":\"fr-FR\"}]}<\/script>\n<!-- \/ Yoast SEO plugin. -->","yoast_head_json":{"title":"Votre CFO priv\u00e9 - Assurances*","robots":{"index":"index","follow":"follow","max-snippet":"max-snippet:-1","max-image-preview":"max-image-preview:large","max-video-preview":"max-video-preview:-1"},"canonical":"https:\/\/yourprivatecfo.com\/fr\/nos-services\/assurances\/","og_locale":"fr_FR","og_type":"article","og_title":"Votre CFO priv\u00e9 - Assurances*","og_description":"[vc_row full_height=\u00a0\u00bbyes\u00a0\u00bb type=\u00a0\u00bbfull_width\u00a0\u00bb css=\u00a0\u00bb.vc_custom_1598040694171{background-image: url(https:\/\/yourprivatecfo.com\/wp-content\/uploads\/2020\/08\/assurances-title.jpg?id=197) !important;background-position: center !important;background-repeat: no-repeat !important;background-size: cover !important;}\u00a0\u00bb el_class=\u00a0\u00bbservices-title\u00a0\u00bb][vc_column][vc_column_text] Assurances [\/vc_column_text][vc_raw_html el_class=\u00a0\u00bbservices-fleche\u00a0\u00bb]JTNDcCUyMGNsYXNzJTNEJTIyZmxlY2hlLWJ0biUyMiUzRSUzQ2ElMjBocmVmJTNEJTIyJTIzbmV4dENvbnRhaW5lciUyMiUzRSUzQ2klMjBjbGFzcyUzRCUyMmZhcyUyMGZhLWNoZXZyb24tZG93biUyMiUzRSUzQyUyRmklM0UlM0MlMkZhJTNFJTNDJTJGcCUzRQ==[\/vc_raw_html][\/vc_column][\/vc_row][vc_row type=\u00a0\u00bbin_grid\u00a0\u00bb el_class=\u00a0\u00bbpartenaire-envergure-row\u00a0\u00bb el_id=\u00a0\u00bbnextContainer\u00a0\u00bb][vc_column][vc_column_text el_class=\u00a0\u00bbcercle-beige\u00a0\u00bb] Assurances* [\/vc_column_text][vc_column_text el_class=\u00a0\u00bbcercle-beige\u00a0\u00bb] Votre CFO Priv\u00e9, gestion patrimoniale vous offre des conseils et une gamme de produits en assurance de personnes qui sauront r\u00e9pondre \u00e0 vos besoins en vous offrant des solutions d\u2019assurance sur mesure. [&hellip;]","og_url":"https:\/\/yourprivatecfo.com\/fr\/nos-services\/assurances\/","og_site_name":"Votre CFO priv\u00e9","article_publisher":"https:\/\/www.facebook.com\/yourprivatecfo\/","article_modified_time":"2021-08-16T16:54:33+00:00","twitter_card":"summary_large_image","twitter_misc":{"Dur\u00e9e de lecture estim\u00e9e":"1 minute"},"schema":{"@context":"https:\/\/schema.org","@graph":[{"@type":"WebPage","@id":"https:\/\/yourprivatecfo.com\/fr\/nos-services\/assurances\/","url":"https:\/\/yourprivatecfo.com\/fr\/nos-services\/assurances\/","name":"Votre CFO priv\u00e9 - Assurances*","isPartOf":{"@id":"https:\/\/yourprivatecfo.com\/fr\/#website"},"datePublished":"2020-08-21T19:35:04+00:00","dateModified":"2021-08-16T16:54:33+00:00","breadcrumb":{"@id":"https:\/\/yourprivatecfo.com\/fr\/nos-services\/assurances\/#breadcrumb"},"inLanguage":"fr-FR","potentialAction":[{"@type":"ReadAction","target":["https:\/\/yourprivatecfo.com\/fr\/nos-services\/assurances\/"]}]},{"@type":"BreadcrumbList","@id":"https:\/\/yourprivatecfo.com\/fr\/nos-services\/assurances\/#breadcrumb","itemListElement":[{"@type":"ListItem","position":1,"name":"Home","item":"https:\/\/yourprivatecfo.com\/fr\/"},{"@type":"ListItem","position":2,"name":"Nos services","item":"https:\/\/yourprivatecfo.com\/fr\/nos-services\/"},{"@type":"ListItem","position":3,"name":"Assurances*"}]},{"@type":"WebSite","@id":"https:\/\/yourprivatecfo.com\/fr\/#website","url":"https:\/\/yourprivatecfo.com\/fr\/","name":"Votre CFO priv\u00e9","description":"","potentialAction":[{"@type":"SearchAction","target":{"@type":"EntryPoint","urlTemplate":"https:\/\/yourprivatecfo.com\/fr\/?s={search_term_string}"},"query-input":{"@type":"PropertyValueSpecification","valueRequired":true,"valueName":"search_term_string"}}],"inLanguage":"fr-FR"}]}},"_links":{"self":[{"href":"https:\/\/yourprivatecfo.com\/fr\/wp-json\/wp\/v2\/pages\/170","targetHints":{"allow":["GET"]}}],"collection":[{"href":"https:\/\/yourprivatecfo.com\/fr\/wp-json\/wp\/v2\/pages"}],"about":[{"href":"https:\/\/yourprivatecfo.com\/fr\/wp-json\/wp\/v2\/types\/page"}],"author":[{"embeddable":true,"href":"https:\/\/yourprivatecfo.com\/fr\/wp-json\/wp\/v2\/users\/1"}],"replies":[{"embeddable":true,"href":"https:\/\/yourprivatecfo.com\/fr\/wp-json\/wp\/v2\/comments?post=170"}],"version-history":[{"count":14,"href":"https:\/\/yourprivatecfo.com\/fr\/wp-json\/wp\/v2\/pages\/170\/revisions"}],"predecessor-version":[{"id":776,"href":"https:\/\/yourprivatecfo.com\/fr\/wp-json\/wp\/v2\/pages\/170\/revisions\/776"}],"up":[{"embeddable":true,"href":"https:\/\/yourprivatecfo.com\/fr\/wp-json\/wp\/v2\/pages\/134"}],"wp:attachment":[{"href":"https:\/\/yourprivatecfo.com\/fr\/wp-json\/wp\/v2\/media?parent=170"}],"curies":[{"name":"wp","href":"https:\/\/api.w.org\/{rel}","templated":true}]}}