{"id":180,"date":"2020-08-21T15:56:50","date_gmt":"2020-08-21T19:56:50","guid":{"rendered":"https:\/\/yourprivatecfo.com\/?page_id=180"},"modified":"2021-08-16T14:47:53","modified_gmt":"2021-08-16T18:47:53","slug":"placements-et-croissance","status":"publish","type":"page","link":"https:\/\/yourprivatecfo.com\/fr\/nos-services\/placements-et-croissance\/","title":{"rendered":"Placements et croissance"},"content":{"rendered":"<div class=\"wpb-content-wrapper\"><p>[vc_row full_height=\u00a0\u00bbyes\u00a0\u00bb type=\u00a0\u00bbfull_width\u00a0\u00bb css=\u00a0\u00bb.vc_custom_1598040481701{background-image: url(https:\/\/yourprivatecfo.com\/wp-content\/uploads\/2020\/08\/placement-croissance-title.jpg?id=191) !important;background-position: center !important;background-repeat: no-repeat !important;background-size: cover !important;}\u00a0\u00bb el_class=\u00a0\u00bbservices-title\u00a0\u00bb][vc_column][vc_column_text]<\/p>\n<h1>Placements et croissance<\/h1>\n<p>[\/vc_column_text][vc_raw_html el_class=\u00a0\u00bbservices-fleche\u00a0\u00bb]JTNDcCUyMGNsYXNzJTNEJTIyZmxlY2hlLWJ0biUyMiUzRSUzQ2ElMjBocmVmJTNEJTIyJTIzbmV4dENvbnRhaW5lciUyMiUzRSUzQ2klMjBjbGFzcyUzRCUyMmZhcyUyMGZhLWNoZXZyb24tZG93biUyMiUzRSUzQyUyRmklM0UlM0MlMkZhJTNFJTNDJTJGcCUzRQ==[\/vc_raw_html][\/vc_column][\/vc_row][vc_row type=\u00a0\u00bbin_grid\u00a0\u00bb el_class=\u00a0\u00bbpartenaire-envergure-row\u00a0\u00bb el_id=\u00a0\u00bbnextContainer\u00a0\u00bb][vc_column][vc_column_text el_class=\u00a0\u00bbcercle-beige\u00a0\u00bb]<\/p>\n<h2><span class=\"fw-900\">Placements<\/span> et <span class=\"fw-900\">croissance<\/span><\/h2>\n<p>[\/vc_column_text][vc_column_text el_class=\u00a0\u00bbcercle-beige\u00a0\u00bb]Chaque personne est unique et nous poss\u00e9dons tous un profil d\u2019investisseur diff\u00e9rent. Le r\u00f4le de notre \u00e9quipe est de d\u00e9finir avec vous quel profil d\u2019investisseur vous \u00eates afin que nous puissions \u00e9laborer avec vous une strat\u00e9gie de placement et de croissance adapt\u00e9e \u00e0 vos besoins. Notre objectif est de d\u00e9velopper avec vous, une relation de confiance \u00e0 <span class=\"s1\">long terme, car <\/span>vos besoins et vos objectifs changeront tout au long de votre vie, mais notre \u00e9quipe sera \u00e0 vos c\u00f4t\u00e9s pour vous guider dans chacune des \u00e9tapes de votre vie financi\u00e8re pour <span class=\"s1\">vous conseillez<span class=\"Apple-converted-space\">\u00a0<\/span><\/span>avec justesse.[\/vc_column_text][\/vc_column][\/vc_row][vc_row type=\u00a0\u00bbfull_width\u00a0\u00bb el_class=\u00a0\u00bbborder-30 padding-100 strat-retraite-list-row\u00a0\u00bb css=\u00a0\u00bb.vc_custom_1598379984250{background-color: #dbe2ea !important;}\u00a0\u00bb][vc_column][vc_column_text]<\/p>\n<ul>\n<li>R\u00e9gime non enregistr\u00e9<\/li>\n<li>Fonds communs de placement<\/li>\n<li>Polices de fonds distincts<\/li>\n<li>CPG (Certificat de placement garanti)<\/li>\n<li>REER (R\u00e9gime enregistr\u00e9 d\u2019\u00e9pargne retraite)<\/li>\n<li>FERR (Fonds enregistr\u00e9 de revenu de retraite)<\/li>\n<li>CRI (Compte de retraite immobilis\u00e9)<\/li>\n<li>FRV (fonds de revenu viager)<\/li>\n<li>CELI (Compte d\u2019\u00e9pargne libre d\u2019imp\u00f4t)<\/li>\n<li>REEE (R\u00e9gime enregistr\u00e9 d\u2019\u00e9pargne-\u00e9tudes)<\/li>\n<li>RRI (R\u00e9gime de retraite individuelle)<\/li>\n<li>Produits de revenus viagers*<\/li>\n<li>Rentes viag\u00e8res*<\/li>\n<li>Gestion priv\u00e9e<\/li>\n<li>Valeurs mobili\u00e8res<\/li>\n<li>Produits bancaires*<\/li>\n<\/ul>\n<p>[\/vc_column_text][\/vc_column][\/vc_row]<\/p>\n<\/div>","protected":false},"excerpt":{"rendered":"<p>[vc_row full_height=\u00a0\u00bbyes\u00a0\u00bb type=\u00a0\u00bbfull_width\u00a0\u00bb css=\u00a0\u00bb.vc_custom_1598040481701{background-image: url(https:\/\/yourprivatecfo.com\/wp-content\/uploads\/2020\/08\/placement-croissance-title.jpg?id=191) !important;background-position: center !important;background-repeat: no-repeat !important;background-size: cover !important;}\u00a0\u00bb el_class=\u00a0\u00bbservices-title\u00a0\u00bb][vc_column][vc_column_text] Placements et croissance [\/vc_column_text][vc_raw_html el_class=\u00a0\u00bbservices-fleche\u00a0\u00bb]JTNDcCUyMGNsYXNzJTNEJTIyZmxlY2hlLWJ0biUyMiUzRSUzQ2ElMjBocmVmJTNEJTIyJTIzbmV4dENvbnRhaW5lciUyMiUzRSUzQ2klMjBjbGFzcyUzRCUyMmZhcyUyMGZhLWNoZXZyb24tZG93biUyMiUzRSUzQyUyRmklM0UlM0MlMkZhJTNFJTNDJTJGcCUzRQ==[\/vc_raw_html][\/vc_column][\/vc_row][vc_row type=\u00a0\u00bbin_grid\u00a0\u00bb el_class=\u00a0\u00bbpartenaire-envergure-row\u00a0\u00bb el_id=\u00a0\u00bbnextContainer\u00a0\u00bb][vc_column][vc_column_text el_class=\u00a0\u00bbcercle-beige\u00a0\u00bb] Placements et croissance [\/vc_column_text][vc_column_text el_class=\u00a0\u00bbcercle-beige\u00a0\u00bb]Chaque personne est unique et nous poss\u00e9dons tous un profil d\u2019investisseur diff\u00e9rent. Le r\u00f4le de notre \u00e9quipe est de d\u00e9finir avec vous quel profil d\u2019investisseur vous \u00eates afin que [&hellip;]<\/p>\n","protected":false},"author":1,"featured_media":0,"parent":134,"menu_order":0,"comment_status":"closed","ping_status":"closed","template":"","meta":{"_acf_changed":false,"footnotes":""},"class_list":["post-180","page","type-page","status-publish","hentry"],"acf":[],"yoast_head":"<!-- This site is optimized with the Yoast SEO plugin v27.3 - https:\/\/yoast.com\/product\/yoast-seo-wordpress\/ -->\n<title>Votre CFO priv\u00e9 - Placements et croissance<\/title>\n<meta name=\"robots\" content=\"index, follow, max-snippet:-1, max-image-preview:large, max-video-preview:-1\" \/>\n<link rel=\"canonical\" href=\"https:\/\/yourprivatecfo.com\/fr\/nos-services\/placements-et-croissance\/\" \/>\n<meta property=\"og:locale\" content=\"fr_FR\" \/>\n<meta property=\"og:type\" content=\"article\" \/>\n<meta property=\"og:title\" content=\"Votre CFO priv\u00e9 - Placements et croissance\" \/>\n<meta property=\"og:description\" content=\"[vc_row full_height=\u00a0\u00bbyes\u00a0\u00bb type=\u00a0\u00bbfull_width\u00a0\u00bb css=\u00a0\u00bb.vc_custom_1598040481701{background-image: url(https:\/\/yourprivatecfo.com\/wp-content\/uploads\/2020\/08\/placement-croissance-title.jpg?id=191) !important;background-position: center !important;background-repeat: no-repeat !important;background-size: cover !important;}\u00a0\u00bb el_class=\u00a0\u00bbservices-title\u00a0\u00bb][vc_column][vc_column_text] Placements et croissance [\/vc_column_text][vc_raw_html el_class=\u00a0\u00bbservices-fleche\u00a0\u00bb]JTNDcCUyMGNsYXNzJTNEJTIyZmxlY2hlLWJ0biUyMiUzRSUzQ2ElMjBocmVmJTNEJTIyJTIzbmV4dENvbnRhaW5lciUyMiUzRSUzQ2klMjBjbGFzcyUzRCUyMmZhcyUyMGZhLWNoZXZyb24tZG93biUyMiUzRSUzQyUyRmklM0UlM0MlMkZhJTNFJTNDJTJGcCUzRQ==[\/vc_raw_html][\/vc_column][\/vc_row][vc_row type=\u00a0\u00bbin_grid\u00a0\u00bb el_class=\u00a0\u00bbpartenaire-envergure-row\u00a0\u00bb el_id=\u00a0\u00bbnextContainer\u00a0\u00bb][vc_column][vc_column_text el_class=\u00a0\u00bbcercle-beige\u00a0\u00bb] Placements et croissance [\/vc_column_text][vc_column_text el_class=\u00a0\u00bbcercle-beige\u00a0\u00bb]Chaque personne est unique et nous poss\u00e9dons tous un profil d\u2019investisseur diff\u00e9rent. Le r\u00f4le de notre \u00e9quipe est de d\u00e9finir avec vous quel profil d\u2019investisseur vous \u00eates afin que [&hellip;]\" \/>\n<meta property=\"og:url\" content=\"https:\/\/yourprivatecfo.com\/fr\/nos-services\/placements-et-croissance\/\" \/>\n<meta property=\"og:site_name\" content=\"Votre CFO priv\u00e9\" \/>\n<meta property=\"article:publisher\" content=\"https:\/\/www.facebook.com\/yourprivatecfo\/\" \/>\n<meta property=\"article:modified_time\" content=\"2021-08-16T18:47:53+00:00\" \/>\n<meta name=\"twitter:card\" content=\"summary_large_image\" \/>\n<meta name=\"twitter:label1\" content=\"Dur\u00e9e de lecture estim\u00e9e\" \/>\n\t<meta name=\"twitter:data1\" content=\"1 minute\" \/>\n<script type=\"application\/ld+json\" class=\"yoast-schema-graph\">{\"@context\":\"https:\\\/\\\/schema.org\",\"@graph\":[{\"@type\":\"WebPage\",\"@id\":\"https:\\\/\\\/yourprivatecfo.com\\\/fr\\\/nos-services\\\/placements-et-croissance\\\/\",\"url\":\"https:\\\/\\\/yourprivatecfo.com\\\/fr\\\/nos-services\\\/placements-et-croissance\\\/\",\"name\":\"Votre CFO priv\u00e9 - Placements et croissance\",\"isPartOf\":{\"@id\":\"https:\\\/\\\/yourprivatecfo.com\\\/fr\\\/#website\"},\"datePublished\":\"2020-08-21T19:56:50+00:00\",\"dateModified\":\"2021-08-16T18:47:53+00:00\",\"breadcrumb\":{\"@id\":\"https:\\\/\\\/yourprivatecfo.com\\\/fr\\\/nos-services\\\/placements-et-croissance\\\/#breadcrumb\"},\"inLanguage\":\"fr-FR\",\"potentialAction\":[{\"@type\":\"ReadAction\",\"target\":[\"https:\\\/\\\/yourprivatecfo.com\\\/fr\\\/nos-services\\\/placements-et-croissance\\\/\"]}]},{\"@type\":\"BreadcrumbList\",\"@id\":\"https:\\\/\\\/yourprivatecfo.com\\\/fr\\\/nos-services\\\/placements-et-croissance\\\/#breadcrumb\",\"itemListElement\":[{\"@type\":\"ListItem\",\"position\":1,\"name\":\"Home\",\"item\":\"https:\\\/\\\/yourprivatecfo.com\\\/fr\\\/\"},{\"@type\":\"ListItem\",\"position\":2,\"name\":\"Nos services\",\"item\":\"https:\\\/\\\/yourprivatecfo.com\\\/fr\\\/nos-services\\\/\"},{\"@type\":\"ListItem\",\"position\":3,\"name\":\"Placements et croissance\"}]},{\"@type\":\"WebSite\",\"@id\":\"https:\\\/\\\/yourprivatecfo.com\\\/fr\\\/#website\",\"url\":\"https:\\\/\\\/yourprivatecfo.com\\\/fr\\\/\",\"name\":\"Votre CFO priv\u00e9\",\"description\":\"\",\"potentialAction\":[{\"@type\":\"SearchAction\",\"target\":{\"@type\":\"EntryPoint\",\"urlTemplate\":\"https:\\\/\\\/yourprivatecfo.com\\\/fr\\\/?s={search_term_string}\"},\"query-input\":{\"@type\":\"PropertyValueSpecification\",\"valueRequired\":true,\"valueName\":\"search_term_string\"}}],\"inLanguage\":\"fr-FR\"}]}<\/script>\n<!-- \/ Yoast SEO plugin. -->","yoast_head_json":{"title":"Votre CFO priv\u00e9 - Placements et croissance","robots":{"index":"index","follow":"follow","max-snippet":"max-snippet:-1","max-image-preview":"max-image-preview:large","max-video-preview":"max-video-preview:-1"},"canonical":"https:\/\/yourprivatecfo.com\/fr\/nos-services\/placements-et-croissance\/","og_locale":"fr_FR","og_type":"article","og_title":"Votre CFO priv\u00e9 - Placements et croissance","og_description":"[vc_row full_height=\u00a0\u00bbyes\u00a0\u00bb type=\u00a0\u00bbfull_width\u00a0\u00bb css=\u00a0\u00bb.vc_custom_1598040481701{background-image: url(https:\/\/yourprivatecfo.com\/wp-content\/uploads\/2020\/08\/placement-croissance-title.jpg?id=191) !important;background-position: center !important;background-repeat: no-repeat !important;background-size: cover !important;}\u00a0\u00bb el_class=\u00a0\u00bbservices-title\u00a0\u00bb][vc_column][vc_column_text] Placements et croissance [\/vc_column_text][vc_raw_html el_class=\u00a0\u00bbservices-fleche\u00a0\u00bb]JTNDcCUyMGNsYXNzJTNEJTIyZmxlY2hlLWJ0biUyMiUzRSUzQ2ElMjBocmVmJTNEJTIyJTIzbmV4dENvbnRhaW5lciUyMiUzRSUzQ2klMjBjbGFzcyUzRCUyMmZhcyUyMGZhLWNoZXZyb24tZG93biUyMiUzRSUzQyUyRmklM0UlM0MlMkZhJTNFJTNDJTJGcCUzRQ==[\/vc_raw_html][\/vc_column][\/vc_row][vc_row type=\u00a0\u00bbin_grid\u00a0\u00bb el_class=\u00a0\u00bbpartenaire-envergure-row\u00a0\u00bb el_id=\u00a0\u00bbnextContainer\u00a0\u00bb][vc_column][vc_column_text el_class=\u00a0\u00bbcercle-beige\u00a0\u00bb] Placements et croissance [\/vc_column_text][vc_column_text el_class=\u00a0\u00bbcercle-beige\u00a0\u00bb]Chaque personne est unique et nous poss\u00e9dons tous un profil d\u2019investisseur diff\u00e9rent. Le r\u00f4le de notre \u00e9quipe est de d\u00e9finir avec vous quel profil d\u2019investisseur vous \u00eates afin que [&hellip;]","og_url":"https:\/\/yourprivatecfo.com\/fr\/nos-services\/placements-et-croissance\/","og_site_name":"Votre CFO priv\u00e9","article_publisher":"https:\/\/www.facebook.com\/yourprivatecfo\/","article_modified_time":"2021-08-16T18:47:53+00:00","twitter_card":"summary_large_image","twitter_misc":{"Dur\u00e9e de lecture estim\u00e9e":"1 minute"},"schema":{"@context":"https:\/\/schema.org","@graph":[{"@type":"WebPage","@id":"https:\/\/yourprivatecfo.com\/fr\/nos-services\/placements-et-croissance\/","url":"https:\/\/yourprivatecfo.com\/fr\/nos-services\/placements-et-croissance\/","name":"Votre CFO priv\u00e9 - Placements et croissance","isPartOf":{"@id":"https:\/\/yourprivatecfo.com\/fr\/#website"},"datePublished":"2020-08-21T19:56:50+00:00","dateModified":"2021-08-16T18:47:53+00:00","breadcrumb":{"@id":"https:\/\/yourprivatecfo.com\/fr\/nos-services\/placements-et-croissance\/#breadcrumb"},"inLanguage":"fr-FR","potentialAction":[{"@type":"ReadAction","target":["https:\/\/yourprivatecfo.com\/fr\/nos-services\/placements-et-croissance\/"]}]},{"@type":"BreadcrumbList","@id":"https:\/\/yourprivatecfo.com\/fr\/nos-services\/placements-et-croissance\/#breadcrumb","itemListElement":[{"@type":"ListItem","position":1,"name":"Home","item":"https:\/\/yourprivatecfo.com\/fr\/"},{"@type":"ListItem","position":2,"name":"Nos services","item":"https:\/\/yourprivatecfo.com\/fr\/nos-services\/"},{"@type":"ListItem","position":3,"name":"Placements et croissance"}]},{"@type":"WebSite","@id":"https:\/\/yourprivatecfo.com\/fr\/#website","url":"https:\/\/yourprivatecfo.com\/fr\/","name":"Votre CFO priv\u00e9","description":"","potentialAction":[{"@type":"SearchAction","target":{"@type":"EntryPoint","urlTemplate":"https:\/\/yourprivatecfo.com\/fr\/?s={search_term_string}"},"query-input":{"@type":"PropertyValueSpecification","valueRequired":true,"valueName":"search_term_string"}}],"inLanguage":"fr-FR"}]}},"_links":{"self":[{"href":"https:\/\/yourprivatecfo.com\/fr\/wp-json\/wp\/v2\/pages\/180","targetHints":{"allow":["GET"]}}],"collection":[{"href":"https:\/\/yourprivatecfo.com\/fr\/wp-json\/wp\/v2\/pages"}],"about":[{"href":"https:\/\/yourprivatecfo.com\/fr\/wp-json\/wp\/v2\/types\/page"}],"author":[{"embeddable":true,"href":"https:\/\/yourprivatecfo.com\/fr\/wp-json\/wp\/v2\/users\/1"}],"replies":[{"embeddable":true,"href":"https:\/\/yourprivatecfo.com\/fr\/wp-json\/wp\/v2\/comments?post=180"}],"version-history":[{"count":10,"href":"https:\/\/yourprivatecfo.com\/fr\/wp-json\/wp\/v2\/pages\/180\/revisions"}],"predecessor-version":[{"id":777,"href":"https:\/\/yourprivatecfo.com\/fr\/wp-json\/wp\/v2\/pages\/180\/revisions\/777"}],"up":[{"embeddable":true,"href":"https:\/\/yourprivatecfo.com\/fr\/wp-json\/wp\/v2\/pages\/134"}],"wp:attachment":[{"href":"https:\/\/yourprivatecfo.com\/fr\/wp-json\/wp\/v2\/media?parent=180"}],"curies":[{"name":"wp","href":"https:\/\/api.w.org\/{rel}","templated":true}]}}