{"id":183,"date":"2020-08-21T16:00:57","date_gmt":"2020-08-21T20:00:57","guid":{"rendered":"https:\/\/yourprivatecfo.com\/?page_id=183"},"modified":"2021-04-15T11:57:00","modified_gmt":"2021-04-15T15:57:00","slug":"planification-successorale","status":"publish","type":"page","link":"https:\/\/yourprivatecfo.com\/fr\/nos-services\/planification-successorale\/","title":{"rendered":"Planification successorale"},"content":{"rendered":"<div class=\"wpb-content-wrapper\"><p>[vc_row full_height=\u00a0\u00bbyes\u00a0\u00bb type=\u00a0\u00bbfull_width\u00a0\u00bb css=\u00a0\u00bb.vc_custom_1598040402882{background-image: url(https:\/\/yourprivatecfo.com\/wp-content\/uploads\/2020\/08\/planif-succ-title.jpg?id=189) !important;background-position: center !important;background-repeat: no-repeat !important;background-size: cover !important;}\u00a0\u00bb el_class=\u00a0\u00bbservices-title\u00a0\u00bb][vc_column][vc_column_text]<\/p>\n<h1>Planification successorale<\/h1>\n<p>[\/vc_column_text][vc_raw_html el_class=\u00a0\u00bbservices-fleche\u00a0\u00bb]JTNDcCUyMGNsYXNzJTNEJTIyZmxlY2hlLWJ0biUyMiUzRSUzQ2ElMjBocmVmJTNEJTIyJTIzbmV4dENvbnRhaW5lciUyMiUzRSUzQ2klMjBjbGFzcyUzRCUyMmZhcyUyMGZhLWNoZXZyb24tZG93biUyMiUzRSUzQyUyRmklM0UlM0MlMkZhJTNFJTNDJTJGcCUzRQ==[\/vc_raw_html][\/vc_column][\/vc_row][vc_row type=\u00a0\u00bbin_grid\u00a0\u00bb el_class=\u00a0\u00bbpartenaire-envergure-row\u00a0\u00bb el_id=\u00a0\u00bbnextContainer\u00a0\u00bb][vc_column][vc_column_text el_class=\u00a0\u00bbcercle-beige\u00a0\u00bb]<\/p>\n<h2><span class=\"fw-900\">Planification successorale<\/span><\/h2>\n<p>[\/vc_column_text][vc_column_text el_class=\u00a0\u00bbcercle-beige\u00a0\u00bb]La planification successorale est un \u00e9l\u00e9ment essentiel important pour prot\u00e9ger votre patrimoine et le bien-\u00eatre de vos proches. Les retraites \u00e9tant de plus en plus longues, pour en profiter sans soucis, il faut pr\u00e9voir faire cro\u00eetre votre capital au cours de cette p\u00e9riode, tout en adoptant une bonne strat\u00e9gie de d\u00e9caissement des placements afin de minimiser l\u2019imp\u00f4t \u00e0 payer. Notre objectif \u00e0 ce niveau est de vous conseillez afin que vous preniez des d\u00e9cisions \u00e9clair\u00e9es pour le bien de vos h\u00e9ritiers.[\/vc_column_text][\/vc_column][\/vc_row][vc_row type=\u00a0\u00bbfull_width\u00a0\u00bb el_class=\u00a0\u00bbborder-30 padding-100 strat-retraite-list-row\u00a0\u00bb css=\u00a0\u00bb.vc_custom_1598380057764{background-color: #dbe2ea !important;}\u00a0\u00bb][vc_column][vc_column_text]<\/p>\n<ul>\n<li>Planification successorale<\/li>\n<li>Imp\u00f4t au d\u00e9c\u00e8s<\/li>\n<li>Protection du patrimoine<\/li>\n<li>Dons planifi\u00e9s<\/li>\n<\/ul>\n<p>[\/vc_column_text][\/vc_column][\/vc_row]<\/p>\n<\/div>","protected":false},"excerpt":{"rendered":"<p>[vc_row full_height=\u00a0\u00bbyes\u00a0\u00bb type=\u00a0\u00bbfull_width\u00a0\u00bb css=\u00a0\u00bb.vc_custom_1598040402882{background-image: url(https:\/\/yourprivatecfo.com\/wp-content\/uploads\/2020\/08\/planif-succ-title.jpg?id=189) !important;background-position: center !important;background-repeat: no-repeat !important;background-size: cover !important;}\u00a0\u00bb el_class=\u00a0\u00bbservices-title\u00a0\u00bb][vc_column][vc_column_text] Planification successorale [\/vc_column_text][vc_raw_html el_class=\u00a0\u00bbservices-fleche\u00a0\u00bb]JTNDcCUyMGNsYXNzJTNEJTIyZmxlY2hlLWJ0biUyMiUzRSUzQ2ElMjBocmVmJTNEJTIyJTIzbmV4dENvbnRhaW5lciUyMiUzRSUzQ2klMjBjbGFzcyUzRCUyMmZhcyUyMGZhLWNoZXZyb24tZG93biUyMiUzRSUzQyUyRmklM0UlM0MlMkZhJTNFJTNDJTJGcCUzRQ==[\/vc_raw_html][\/vc_column][\/vc_row][vc_row type=\u00a0\u00bbin_grid\u00a0\u00bb el_class=\u00a0\u00bbpartenaire-envergure-row\u00a0\u00bb el_id=\u00a0\u00bbnextContainer\u00a0\u00bb][vc_column][vc_column_text el_class=\u00a0\u00bbcercle-beige\u00a0\u00bb] Planification successorale [\/vc_column_text][vc_column_text el_class=\u00a0\u00bbcercle-beige\u00a0\u00bb]La planification successorale est un \u00e9l\u00e9ment essentiel important pour prot\u00e9ger votre patrimoine et le bien-\u00eatre de vos proches. Les retraites \u00e9tant de plus en plus longues, pour en profiter sans soucis, [&hellip;]<\/p>\n","protected":false},"author":1,"featured_media":0,"parent":134,"menu_order":0,"comment_status":"closed","ping_status":"closed","template":"","meta":{"_acf_changed":false,"footnotes":""},"class_list":["post-183","page","type-page","status-publish","hentry"],"acf":[],"yoast_head":"<!-- This site is optimized with the Yoast SEO plugin v27.3 - https:\/\/yoast.com\/product\/yoast-seo-wordpress\/ -->\n<title>Votre CFO priv\u00e9 - Planification successorale<\/title>\n<meta name=\"robots\" content=\"index, follow, max-snippet:-1, max-image-preview:large, max-video-preview:-1\" \/>\n<link rel=\"canonical\" href=\"https:\/\/yourprivatecfo.com\/fr\/nos-services\/planification-successorale\/\" \/>\n<meta property=\"og:locale\" content=\"fr_FR\" \/>\n<meta property=\"og:type\" content=\"article\" \/>\n<meta property=\"og:title\" content=\"Votre CFO priv\u00e9 - Planification successorale\" \/>\n<meta property=\"og:description\" content=\"[vc_row full_height=\u00a0\u00bbyes\u00a0\u00bb type=\u00a0\u00bbfull_width\u00a0\u00bb css=\u00a0\u00bb.vc_custom_1598040402882{background-image: url(https:\/\/yourprivatecfo.com\/wp-content\/uploads\/2020\/08\/planif-succ-title.jpg?id=189) !important;background-position: center !important;background-repeat: no-repeat !important;background-size: cover !important;}\u00a0\u00bb el_class=\u00a0\u00bbservices-title\u00a0\u00bb][vc_column][vc_column_text] Planification successorale [\/vc_column_text][vc_raw_html el_class=\u00a0\u00bbservices-fleche\u00a0\u00bb]JTNDcCUyMGNsYXNzJTNEJTIyZmxlY2hlLWJ0biUyMiUzRSUzQ2ElMjBocmVmJTNEJTIyJTIzbmV4dENvbnRhaW5lciUyMiUzRSUzQ2klMjBjbGFzcyUzRCUyMmZhcyUyMGZhLWNoZXZyb24tZG93biUyMiUzRSUzQyUyRmklM0UlM0MlMkZhJTNFJTNDJTJGcCUzRQ==[\/vc_raw_html][\/vc_column][\/vc_row][vc_row type=\u00a0\u00bbin_grid\u00a0\u00bb el_class=\u00a0\u00bbpartenaire-envergure-row\u00a0\u00bb el_id=\u00a0\u00bbnextContainer\u00a0\u00bb][vc_column][vc_column_text el_class=\u00a0\u00bbcercle-beige\u00a0\u00bb] Planification successorale [\/vc_column_text][vc_column_text el_class=\u00a0\u00bbcercle-beige\u00a0\u00bb]La planification successorale est un \u00e9l\u00e9ment essentiel important pour prot\u00e9ger votre patrimoine et le bien-\u00eatre de vos proches. Les retraites \u00e9tant de plus en plus longues, pour en profiter sans soucis, [&hellip;]\" \/>\n<meta property=\"og:url\" content=\"https:\/\/yourprivatecfo.com\/fr\/nos-services\/planification-successorale\/\" \/>\n<meta property=\"og:site_name\" content=\"Votre CFO priv\u00e9\" \/>\n<meta property=\"article:publisher\" content=\"https:\/\/www.facebook.com\/yourprivatecfo\/\" \/>\n<meta property=\"article:modified_time\" content=\"2021-04-15T15:57:00+00:00\" \/>\n<meta name=\"twitter:card\" content=\"summary_large_image\" \/>\n<meta name=\"twitter:label1\" content=\"Dur\u00e9e de lecture estim\u00e9e\" \/>\n\t<meta name=\"twitter:data1\" content=\"1 minute\" \/>\n<script type=\"application\/ld+json\" class=\"yoast-schema-graph\">{\"@context\":\"https:\\\/\\\/schema.org\",\"@graph\":[{\"@type\":\"WebPage\",\"@id\":\"https:\\\/\\\/yourprivatecfo.com\\\/fr\\\/nos-services\\\/planification-successorale\\\/\",\"url\":\"https:\\\/\\\/yourprivatecfo.com\\\/fr\\\/nos-services\\\/planification-successorale\\\/\",\"name\":\"Votre CFO priv\u00e9 - Planification successorale\",\"isPartOf\":{\"@id\":\"https:\\\/\\\/yourprivatecfo.com\\\/fr\\\/#website\"},\"datePublished\":\"2020-08-21T20:00:57+00:00\",\"dateModified\":\"2021-04-15T15:57:00+00:00\",\"breadcrumb\":{\"@id\":\"https:\\\/\\\/yourprivatecfo.com\\\/fr\\\/nos-services\\\/planification-successorale\\\/#breadcrumb\"},\"inLanguage\":\"fr-FR\",\"potentialAction\":[{\"@type\":\"ReadAction\",\"target\":[\"https:\\\/\\\/yourprivatecfo.com\\\/fr\\\/nos-services\\\/planification-successorale\\\/\"]}]},{\"@type\":\"BreadcrumbList\",\"@id\":\"https:\\\/\\\/yourprivatecfo.com\\\/fr\\\/nos-services\\\/planification-successorale\\\/#breadcrumb\",\"itemListElement\":[{\"@type\":\"ListItem\",\"position\":1,\"name\":\"Home\",\"item\":\"https:\\\/\\\/yourprivatecfo.com\\\/fr\\\/\"},{\"@type\":\"ListItem\",\"position\":2,\"name\":\"Nos services\",\"item\":\"https:\\\/\\\/yourprivatecfo.com\\\/fr\\\/nos-services\\\/\"},{\"@type\":\"ListItem\",\"position\":3,\"name\":\"Planification successorale\"}]},{\"@type\":\"WebSite\",\"@id\":\"https:\\\/\\\/yourprivatecfo.com\\\/fr\\\/#website\",\"url\":\"https:\\\/\\\/yourprivatecfo.com\\\/fr\\\/\",\"name\":\"Votre CFO priv\u00e9\",\"description\":\"\",\"potentialAction\":[{\"@type\":\"SearchAction\",\"target\":{\"@type\":\"EntryPoint\",\"urlTemplate\":\"https:\\\/\\\/yourprivatecfo.com\\\/fr\\\/?s={search_term_string}\"},\"query-input\":{\"@type\":\"PropertyValueSpecification\",\"valueRequired\":true,\"valueName\":\"search_term_string\"}}],\"inLanguage\":\"fr-FR\"}]}<\/script>\n<!-- \/ Yoast SEO plugin. -->","yoast_head_json":{"title":"Votre CFO priv\u00e9 - Planification successorale","robots":{"index":"index","follow":"follow","max-snippet":"max-snippet:-1","max-image-preview":"max-image-preview:large","max-video-preview":"max-video-preview:-1"},"canonical":"https:\/\/yourprivatecfo.com\/fr\/nos-services\/planification-successorale\/","og_locale":"fr_FR","og_type":"article","og_title":"Votre CFO priv\u00e9 - Planification successorale","og_description":"[vc_row full_height=\u00a0\u00bbyes\u00a0\u00bb type=\u00a0\u00bbfull_width\u00a0\u00bb css=\u00a0\u00bb.vc_custom_1598040402882{background-image: url(https:\/\/yourprivatecfo.com\/wp-content\/uploads\/2020\/08\/planif-succ-title.jpg?id=189) !important;background-position: center !important;background-repeat: no-repeat !important;background-size: cover !important;}\u00a0\u00bb el_class=\u00a0\u00bbservices-title\u00a0\u00bb][vc_column][vc_column_text] Planification successorale [\/vc_column_text][vc_raw_html el_class=\u00a0\u00bbservices-fleche\u00a0\u00bb]JTNDcCUyMGNsYXNzJTNEJTIyZmxlY2hlLWJ0biUyMiUzRSUzQ2ElMjBocmVmJTNEJTIyJTIzbmV4dENvbnRhaW5lciUyMiUzRSUzQ2klMjBjbGFzcyUzRCUyMmZhcyUyMGZhLWNoZXZyb24tZG93biUyMiUzRSUzQyUyRmklM0UlM0MlMkZhJTNFJTNDJTJGcCUzRQ==[\/vc_raw_html][\/vc_column][\/vc_row][vc_row type=\u00a0\u00bbin_grid\u00a0\u00bb el_class=\u00a0\u00bbpartenaire-envergure-row\u00a0\u00bb el_id=\u00a0\u00bbnextContainer\u00a0\u00bb][vc_column][vc_column_text el_class=\u00a0\u00bbcercle-beige\u00a0\u00bb] Planification successorale [\/vc_column_text][vc_column_text el_class=\u00a0\u00bbcercle-beige\u00a0\u00bb]La planification successorale est un \u00e9l\u00e9ment essentiel important pour prot\u00e9ger votre patrimoine et le bien-\u00eatre de vos proches. Les retraites \u00e9tant de plus en plus longues, pour en profiter sans soucis, [&hellip;]","og_url":"https:\/\/yourprivatecfo.com\/fr\/nos-services\/planification-successorale\/","og_site_name":"Votre CFO priv\u00e9","article_publisher":"https:\/\/www.facebook.com\/yourprivatecfo\/","article_modified_time":"2021-04-15T15:57:00+00:00","twitter_card":"summary_large_image","twitter_misc":{"Dur\u00e9e de lecture estim\u00e9e":"1 minute"},"schema":{"@context":"https:\/\/schema.org","@graph":[{"@type":"WebPage","@id":"https:\/\/yourprivatecfo.com\/fr\/nos-services\/planification-successorale\/","url":"https:\/\/yourprivatecfo.com\/fr\/nos-services\/planification-successorale\/","name":"Votre CFO priv\u00e9 - Planification successorale","isPartOf":{"@id":"https:\/\/yourprivatecfo.com\/fr\/#website"},"datePublished":"2020-08-21T20:00:57+00:00","dateModified":"2021-04-15T15:57:00+00:00","breadcrumb":{"@id":"https:\/\/yourprivatecfo.com\/fr\/nos-services\/planification-successorale\/#breadcrumb"},"inLanguage":"fr-FR","potentialAction":[{"@type":"ReadAction","target":["https:\/\/yourprivatecfo.com\/fr\/nos-services\/planification-successorale\/"]}]},{"@type":"BreadcrumbList","@id":"https:\/\/yourprivatecfo.com\/fr\/nos-services\/planification-successorale\/#breadcrumb","itemListElement":[{"@type":"ListItem","position":1,"name":"Home","item":"https:\/\/yourprivatecfo.com\/fr\/"},{"@type":"ListItem","position":2,"name":"Nos services","item":"https:\/\/yourprivatecfo.com\/fr\/nos-services\/"},{"@type":"ListItem","position":3,"name":"Planification successorale"}]},{"@type":"WebSite","@id":"https:\/\/yourprivatecfo.com\/fr\/#website","url":"https:\/\/yourprivatecfo.com\/fr\/","name":"Votre CFO priv\u00e9","description":"","potentialAction":[{"@type":"SearchAction","target":{"@type":"EntryPoint","urlTemplate":"https:\/\/yourprivatecfo.com\/fr\/?s={search_term_string}"},"query-input":{"@type":"PropertyValueSpecification","valueRequired":true,"valueName":"search_term_string"}}],"inLanguage":"fr-FR"}]}},"_links":{"self":[{"href":"https:\/\/yourprivatecfo.com\/fr\/wp-json\/wp\/v2\/pages\/183","targetHints":{"allow":["GET"]}}],"collection":[{"href":"https:\/\/yourprivatecfo.com\/fr\/wp-json\/wp\/v2\/pages"}],"about":[{"href":"https:\/\/yourprivatecfo.com\/fr\/wp-json\/wp\/v2\/types\/page"}],"author":[{"embeddable":true,"href":"https:\/\/yourprivatecfo.com\/fr\/wp-json\/wp\/v2\/users\/1"}],"replies":[{"embeddable":true,"href":"https:\/\/yourprivatecfo.com\/fr\/wp-json\/wp\/v2\/comments?post=183"}],"version-history":[{"count":7,"href":"https:\/\/yourprivatecfo.com\/fr\/wp-json\/wp\/v2\/pages\/183\/revisions"}],"predecessor-version":[{"id":715,"href":"https:\/\/yourprivatecfo.com\/fr\/wp-json\/wp\/v2\/pages\/183\/revisions\/715"}],"up":[{"embeddable":true,"href":"https:\/\/yourprivatecfo.com\/fr\/wp-json\/wp\/v2\/pages\/134"}],"wp:attachment":[{"href":"https:\/\/yourprivatecfo.com\/fr\/wp-json\/wp\/v2\/media?parent=183"}],"curies":[{"name":"wp","href":"https:\/\/api.w.org\/{rel}","templated":true}]}}