{"id":186,"date":"2020-08-21T16:05:09","date_gmt":"2020-08-21T20:05:09","guid":{"rendered":"https:\/\/yourprivatecfo.com\/?page_id=186"},"modified":"2021-06-01T14:18:21","modified_gmt":"2021-06-01T18:18:21","slug":"solutions-pour-entrepreneurs","status":"publish","type":"page","link":"https:\/\/yourprivatecfo.com\/fr\/nos-services\/solutions-pour-entrepreneurs\/","title":{"rendered":"Solutions pour entrepreneurs"},"content":{"rendered":"<div class=\"wpb-content-wrapper\"><p>[vc_row full_height=\u00a0\u00bbyes\u00a0\u00bb type=\u00a0\u00bbfull_width\u00a0\u00bb css=\u00a0\u00bb.vc_custom_1598040306428{background-image: url(https:\/\/yourprivatecfo.com\/wp-content\/uploads\/2020\/08\/solut-entrepreneur-title.jpg?id=187) !important;background-position: center !important;background-repeat: no-repeat !important;background-size: cover !important;}\u00a0\u00bb el_class=\u00a0\u00bbservices-title\u00a0\u00bb][vc_column][vc_column_text]<\/p>\n<h1>Solutions pour entrepreneurs<\/h1>\n<p>[\/vc_column_text][vc_raw_html el_class=\u00a0\u00bbservices-fleche\u00a0\u00bb]JTNDcCUyMGNsYXNzJTNEJTIyZmxlY2hlLWJ0biUyMiUzRSUzQ2ElMjBocmVmJTNEJTIyJTIzbmV4dENvbnRhaW5lciUyMiUzRSUzQ2klMjBjbGFzcyUzRCUyMmZhcyUyMGZhLWNoZXZyb24tZG93biUyMiUzRSUzQyUyRmklM0UlM0MlMkZhJTNFJTNDJTJGcCUzRQ==[\/vc_raw_html][\/vc_column][\/vc_row][vc_row type=\u00a0\u00bbin_grid\u00a0\u00bb el_class=\u00a0\u00bbpartenaire-envergure-row\u00a0\u00bb el_id=\u00a0\u00bbnextContainer\u00a0\u00bb][vc_column][vc_column_text el_class=\u00a0\u00bbcercle-beige\u00a0\u00bb]<\/p>\n<h2><span class=\"fw-900\">Solutions<\/span> pour <span class=\"fw-900\">entrepreneurs<\/span><\/h2>\n<p>[\/vc_column_text][vc_column_text el_class=\u00a0\u00bbcercle-beige\u00a0\u00bb]Chaque entrepreneur est unique et la gestion de ses avoirs l\u2019est tout autant. Au cabinet, nous avons d\u00e9velopp\u00e9 une une comp\u00e9tence unique\u00a0qui nous permet de comprendre les diff\u00e9rentes \u00e9tapes d\u2019un cycle de vie des finances d\u2019un entrepreneur. Que vous soyez en croissance ou que vous pr\u00e9parer \u00e0 quitter votre entreprise, nos solutions financi\u00e8res sauront <span class=\"s1\">pr\u00e9server <\/span>et maximiser vos avoirs.[\/vc_column_text][\/vc_column][\/vc_row][vc_row type=\u00a0\u00bbfull_width\u00a0\u00bb el_class=\u00a0\u00bbborder-30 padding-100 strat-retraite-list-row\u00a0\u00bb css=\u00a0\u00bb.vc_custom_1598379823675{background-color: #dbe2ea !important;}\u00a0\u00bb][vc_column][vc_column_text]<\/p>\n<ul>\n<li>Achat et la vente de l\u2019entreprise<\/li>\n<li>Exon\u00e9ration cumulative des gains en capital<\/li>\n<li>Convention d\u2019actionnaires et les restrictions qu\u2019elle pourrait bien imposer \u00e0 votre planification de la rel\u00e8ve<\/li>\n<li>Minimisation du montant d\u2019imp\u00f4t que vous devez payer<\/li>\n<li>Optimisation de vos rendements apr\u00e8s imp\u00f4t<\/li>\n<li>All\u00e9gement de votre fardeau fiscal<\/li>\n<li>Assurance collective*<\/li>\n<li>Aspects l\u00e9gaux et succession<\/li>\n<li>Assurance et gestion des risques*<\/li>\n<li>Finances<\/li>\n<li>Fiscalit\u00e9<\/li>\n<li>Placements<\/li>\n<li>Retraite<\/li>\n<\/ul>\n<p>[\/vc_column_text][\/vc_column][\/vc_row]<\/p>\n<\/div>","protected":false},"excerpt":{"rendered":"<p>[vc_row full_height=\u00a0\u00bbyes\u00a0\u00bb type=\u00a0\u00bbfull_width\u00a0\u00bb css=\u00a0\u00bb.vc_custom_1598040306428{background-image: url(https:\/\/yourprivatecfo.com\/wp-content\/uploads\/2020\/08\/solut-entrepreneur-title.jpg?id=187) !important;background-position: center !important;background-repeat: no-repeat !important;background-size: cover !important;}\u00a0\u00bb el_class=\u00a0\u00bbservices-title\u00a0\u00bb][vc_column][vc_column_text] Solutions pour entrepreneurs [\/vc_column_text][vc_raw_html el_class=\u00a0\u00bbservices-fleche\u00a0\u00bb]JTNDcCUyMGNsYXNzJTNEJTIyZmxlY2hlLWJ0biUyMiUzRSUzQ2ElMjBocmVmJTNEJTIyJTIzbmV4dENvbnRhaW5lciUyMiUzRSUzQ2klMjBjbGFzcyUzRCUyMmZhcyUyMGZhLWNoZXZyb24tZG93biUyMiUzRSUzQyUyRmklM0UlM0MlMkZhJTNFJTNDJTJGcCUzRQ==[\/vc_raw_html][\/vc_column][\/vc_row][vc_row type=\u00a0\u00bbin_grid\u00a0\u00bb el_class=\u00a0\u00bbpartenaire-envergure-row\u00a0\u00bb el_id=\u00a0\u00bbnextContainer\u00a0\u00bb][vc_column][vc_column_text el_class=\u00a0\u00bbcercle-beige\u00a0\u00bb] Solutions pour entrepreneurs [\/vc_column_text][vc_column_text el_class=\u00a0\u00bbcercle-beige\u00a0\u00bb]Chaque entrepreneur est unique et la gestion de ses avoirs l\u2019est tout autant. Au cabinet, nous avons d\u00e9velopp\u00e9 une une comp\u00e9tence unique\u00a0qui nous permet de comprendre les diff\u00e9rentes \u00e9tapes [&hellip;]<\/p>\n","protected":false},"author":1,"featured_media":0,"parent":134,"menu_order":0,"comment_status":"closed","ping_status":"closed","template":"","meta":{"_acf_changed":false,"footnotes":""},"class_list":["post-186","page","type-page","status-publish","hentry"],"acf":[],"yoast_head":"<!-- This site is optimized with the Yoast SEO plugin v27.3 - https:\/\/yoast.com\/product\/yoast-seo-wordpress\/ -->\n<title>Votre CFO priv\u00e9 - Solutions pour entrepreneurs<\/title>\n<meta name=\"robots\" content=\"index, follow, max-snippet:-1, max-image-preview:large, max-video-preview:-1\" \/>\n<link rel=\"canonical\" href=\"https:\/\/yourprivatecfo.com\/fr\/nos-services\/solutions-pour-entrepreneurs\/\" \/>\n<meta property=\"og:locale\" content=\"fr_FR\" \/>\n<meta property=\"og:type\" content=\"article\" \/>\n<meta property=\"og:title\" content=\"Votre CFO priv\u00e9 - Solutions pour entrepreneurs\" \/>\n<meta property=\"og:description\" content=\"[vc_row full_height=\u00a0\u00bbyes\u00a0\u00bb type=\u00a0\u00bbfull_width\u00a0\u00bb css=\u00a0\u00bb.vc_custom_1598040306428{background-image: url(https:\/\/yourprivatecfo.com\/wp-content\/uploads\/2020\/08\/solut-entrepreneur-title.jpg?id=187) !important;background-position: center !important;background-repeat: no-repeat !important;background-size: cover !important;}\u00a0\u00bb el_class=\u00a0\u00bbservices-title\u00a0\u00bb][vc_column][vc_column_text] Solutions pour entrepreneurs [\/vc_column_text][vc_raw_html el_class=\u00a0\u00bbservices-fleche\u00a0\u00bb]JTNDcCUyMGNsYXNzJTNEJTIyZmxlY2hlLWJ0biUyMiUzRSUzQ2ElMjBocmVmJTNEJTIyJTIzbmV4dENvbnRhaW5lciUyMiUzRSUzQ2klMjBjbGFzcyUzRCUyMmZhcyUyMGZhLWNoZXZyb24tZG93biUyMiUzRSUzQyUyRmklM0UlM0MlMkZhJTNFJTNDJTJGcCUzRQ==[\/vc_raw_html][\/vc_column][\/vc_row][vc_row type=\u00a0\u00bbin_grid\u00a0\u00bb el_class=\u00a0\u00bbpartenaire-envergure-row\u00a0\u00bb el_id=\u00a0\u00bbnextContainer\u00a0\u00bb][vc_column][vc_column_text el_class=\u00a0\u00bbcercle-beige\u00a0\u00bb] Solutions pour entrepreneurs [\/vc_column_text][vc_column_text el_class=\u00a0\u00bbcercle-beige\u00a0\u00bb]Chaque entrepreneur est unique et la gestion de ses avoirs l\u2019est tout autant. Au cabinet, nous avons d\u00e9velopp\u00e9 une une comp\u00e9tence unique\u00a0qui nous permet de comprendre les diff\u00e9rentes \u00e9tapes [&hellip;]\" \/>\n<meta property=\"og:url\" content=\"https:\/\/yourprivatecfo.com\/fr\/nos-services\/solutions-pour-entrepreneurs\/\" \/>\n<meta property=\"og:site_name\" content=\"Votre CFO priv\u00e9\" \/>\n<meta property=\"article:publisher\" content=\"https:\/\/www.facebook.com\/yourprivatecfo\/\" \/>\n<meta property=\"article:modified_time\" content=\"2021-06-01T18:18:21+00:00\" \/>\n<meta name=\"twitter:card\" content=\"summary_large_image\" \/>\n<meta name=\"twitter:label1\" content=\"Dur\u00e9e de lecture estim\u00e9e\" \/>\n\t<meta name=\"twitter:data1\" content=\"1 minute\" \/>\n<script type=\"application\/ld+json\" class=\"yoast-schema-graph\">{\"@context\":\"https:\\\/\\\/schema.org\",\"@graph\":[{\"@type\":\"WebPage\",\"@id\":\"https:\\\/\\\/yourprivatecfo.com\\\/fr\\\/nos-services\\\/solutions-pour-entrepreneurs\\\/\",\"url\":\"https:\\\/\\\/yourprivatecfo.com\\\/fr\\\/nos-services\\\/solutions-pour-entrepreneurs\\\/\",\"name\":\"Votre CFO priv\u00e9 - Solutions pour entrepreneurs\",\"isPartOf\":{\"@id\":\"https:\\\/\\\/yourprivatecfo.com\\\/fr\\\/#website\"},\"datePublished\":\"2020-08-21T20:05:09+00:00\",\"dateModified\":\"2021-06-01T18:18:21+00:00\",\"breadcrumb\":{\"@id\":\"https:\\\/\\\/yourprivatecfo.com\\\/fr\\\/nos-services\\\/solutions-pour-entrepreneurs\\\/#breadcrumb\"},\"inLanguage\":\"fr-FR\",\"potentialAction\":[{\"@type\":\"ReadAction\",\"target\":[\"https:\\\/\\\/yourprivatecfo.com\\\/fr\\\/nos-services\\\/solutions-pour-entrepreneurs\\\/\"]}]},{\"@type\":\"BreadcrumbList\",\"@id\":\"https:\\\/\\\/yourprivatecfo.com\\\/fr\\\/nos-services\\\/solutions-pour-entrepreneurs\\\/#breadcrumb\",\"itemListElement\":[{\"@type\":\"ListItem\",\"position\":1,\"name\":\"Home\",\"item\":\"https:\\\/\\\/yourprivatecfo.com\\\/fr\\\/\"},{\"@type\":\"ListItem\",\"position\":2,\"name\":\"Nos services\",\"item\":\"https:\\\/\\\/yourprivatecfo.com\\\/fr\\\/nos-services\\\/\"},{\"@type\":\"ListItem\",\"position\":3,\"name\":\"Solutions pour entrepreneurs\"}]},{\"@type\":\"WebSite\",\"@id\":\"https:\\\/\\\/yourprivatecfo.com\\\/fr\\\/#website\",\"url\":\"https:\\\/\\\/yourprivatecfo.com\\\/fr\\\/\",\"name\":\"Votre CFO priv\u00e9\",\"description\":\"\",\"potentialAction\":[{\"@type\":\"SearchAction\",\"target\":{\"@type\":\"EntryPoint\",\"urlTemplate\":\"https:\\\/\\\/yourprivatecfo.com\\\/fr\\\/?s={search_term_string}\"},\"query-input\":{\"@type\":\"PropertyValueSpecification\",\"valueRequired\":true,\"valueName\":\"search_term_string\"}}],\"inLanguage\":\"fr-FR\"}]}<\/script>\n<!-- \/ Yoast SEO plugin. -->","yoast_head_json":{"title":"Votre CFO priv\u00e9 - Solutions pour entrepreneurs","robots":{"index":"index","follow":"follow","max-snippet":"max-snippet:-1","max-image-preview":"max-image-preview:large","max-video-preview":"max-video-preview:-1"},"canonical":"https:\/\/yourprivatecfo.com\/fr\/nos-services\/solutions-pour-entrepreneurs\/","og_locale":"fr_FR","og_type":"article","og_title":"Votre CFO priv\u00e9 - Solutions pour entrepreneurs","og_description":"[vc_row full_height=\u00a0\u00bbyes\u00a0\u00bb type=\u00a0\u00bbfull_width\u00a0\u00bb css=\u00a0\u00bb.vc_custom_1598040306428{background-image: url(https:\/\/yourprivatecfo.com\/wp-content\/uploads\/2020\/08\/solut-entrepreneur-title.jpg?id=187) !important;background-position: center !important;background-repeat: no-repeat !important;background-size: cover !important;}\u00a0\u00bb el_class=\u00a0\u00bbservices-title\u00a0\u00bb][vc_column][vc_column_text] Solutions pour entrepreneurs [\/vc_column_text][vc_raw_html el_class=\u00a0\u00bbservices-fleche\u00a0\u00bb]JTNDcCUyMGNsYXNzJTNEJTIyZmxlY2hlLWJ0biUyMiUzRSUzQ2ElMjBocmVmJTNEJTIyJTIzbmV4dENvbnRhaW5lciUyMiUzRSUzQ2klMjBjbGFzcyUzRCUyMmZhcyUyMGZhLWNoZXZyb24tZG93biUyMiUzRSUzQyUyRmklM0UlM0MlMkZhJTNFJTNDJTJGcCUzRQ==[\/vc_raw_html][\/vc_column][\/vc_row][vc_row type=\u00a0\u00bbin_grid\u00a0\u00bb el_class=\u00a0\u00bbpartenaire-envergure-row\u00a0\u00bb el_id=\u00a0\u00bbnextContainer\u00a0\u00bb][vc_column][vc_column_text el_class=\u00a0\u00bbcercle-beige\u00a0\u00bb] Solutions pour entrepreneurs [\/vc_column_text][vc_column_text el_class=\u00a0\u00bbcercle-beige\u00a0\u00bb]Chaque entrepreneur est unique et la gestion de ses avoirs l\u2019est tout autant. Au cabinet, nous avons d\u00e9velopp\u00e9 une une comp\u00e9tence unique\u00a0qui nous permet de comprendre les diff\u00e9rentes \u00e9tapes [&hellip;]","og_url":"https:\/\/yourprivatecfo.com\/fr\/nos-services\/solutions-pour-entrepreneurs\/","og_site_name":"Votre CFO priv\u00e9","article_publisher":"https:\/\/www.facebook.com\/yourprivatecfo\/","article_modified_time":"2021-06-01T18:18:21+00:00","twitter_card":"summary_large_image","twitter_misc":{"Dur\u00e9e de lecture estim\u00e9e":"1 minute"},"schema":{"@context":"https:\/\/schema.org","@graph":[{"@type":"WebPage","@id":"https:\/\/yourprivatecfo.com\/fr\/nos-services\/solutions-pour-entrepreneurs\/","url":"https:\/\/yourprivatecfo.com\/fr\/nos-services\/solutions-pour-entrepreneurs\/","name":"Votre CFO priv\u00e9 - Solutions pour entrepreneurs","isPartOf":{"@id":"https:\/\/yourprivatecfo.com\/fr\/#website"},"datePublished":"2020-08-21T20:05:09+00:00","dateModified":"2021-06-01T18:18:21+00:00","breadcrumb":{"@id":"https:\/\/yourprivatecfo.com\/fr\/nos-services\/solutions-pour-entrepreneurs\/#breadcrumb"},"inLanguage":"fr-FR","potentialAction":[{"@type":"ReadAction","target":["https:\/\/yourprivatecfo.com\/fr\/nos-services\/solutions-pour-entrepreneurs\/"]}]},{"@type":"BreadcrumbList","@id":"https:\/\/yourprivatecfo.com\/fr\/nos-services\/solutions-pour-entrepreneurs\/#breadcrumb","itemListElement":[{"@type":"ListItem","position":1,"name":"Home","item":"https:\/\/yourprivatecfo.com\/fr\/"},{"@type":"ListItem","position":2,"name":"Nos services","item":"https:\/\/yourprivatecfo.com\/fr\/nos-services\/"},{"@type":"ListItem","position":3,"name":"Solutions pour entrepreneurs"}]},{"@type":"WebSite","@id":"https:\/\/yourprivatecfo.com\/fr\/#website","url":"https:\/\/yourprivatecfo.com\/fr\/","name":"Votre CFO priv\u00e9","description":"","potentialAction":[{"@type":"SearchAction","target":{"@type":"EntryPoint","urlTemplate":"https:\/\/yourprivatecfo.com\/fr\/?s={search_term_string}"},"query-input":{"@type":"PropertyValueSpecification","valueRequired":true,"valueName":"search_term_string"}}],"inLanguage":"fr-FR"}]}},"_links":{"self":[{"href":"https:\/\/yourprivatecfo.com\/fr\/wp-json\/wp\/v2\/pages\/186","targetHints":{"allow":["GET"]}}],"collection":[{"href":"https:\/\/yourprivatecfo.com\/fr\/wp-json\/wp\/v2\/pages"}],"about":[{"href":"https:\/\/yourprivatecfo.com\/fr\/wp-json\/wp\/v2\/types\/page"}],"author":[{"embeddable":true,"href":"https:\/\/yourprivatecfo.com\/fr\/wp-json\/wp\/v2\/users\/1"}],"replies":[{"embeddable":true,"href":"https:\/\/yourprivatecfo.com\/fr\/wp-json\/wp\/v2\/comments?post=186"}],"version-history":[{"count":7,"href":"https:\/\/yourprivatecfo.com\/fr\/wp-json\/wp\/v2\/pages\/186\/revisions"}],"predecessor-version":[{"id":747,"href":"https:\/\/yourprivatecfo.com\/fr\/wp-json\/wp\/v2\/pages\/186\/revisions\/747"}],"up":[{"embeddable":true,"href":"https:\/\/yourprivatecfo.com\/fr\/wp-json\/wp\/v2\/pages\/134"}],"wp:attachment":[{"href":"https:\/\/yourprivatecfo.com\/fr\/wp-json\/wp\/v2\/media?parent=186"}],"curies":[{"name":"wp","href":"https:\/\/api.w.org\/{rel}","templated":true}]}}