{"id":2,"date":"2020-08-18T14:16:24","date_gmt":"2020-08-18T18:16:24","guid":{"rendered":"https:\/\/yourprivatecfo.com\/?page_id=2"},"modified":"2026-02-27T13:42:49","modified_gmt":"2026-02-27T18:42:49","slug":"sample-page","status":"publish","type":"page","link":"https:\/\/yourprivatecfo.com\/fr\/","title":{"rendered":"Accueil"},"content":{"rendered":"<div class=\"wpb-content-wrapper\"><p>[vc_row full_height=\u00a0\u00bbyes\u00a0\u00bb video_bg=\u00a0\u00bbyes\u00a0\u00bb video_bg_url=\u00a0\u00bb\u00a0\u00bb type=\u00a0\u00bbfull_width\u00a0\u00bb video_file_bg=\u00a0\u00bbtrue\u00a0\u00bb css=\u00a0\u00bb.vc_custom_1734456995327{background-image: url(https:\/\/yourprivatecfo.com\/wp-content\/uploads\/2024\/12\/Home-Banner.jpg?id=1125) !important;background-position: center !important;background-repeat: no-repeat !important;background-size: cover !important;}\u00a0\u00bb el_class=\u00a0\u00bbaccueil-title\u00a0\u00bb video_mp4=\u00a0\u00bbhttps:\/\/yourprivatecfo.com\/wp-content\/uploads\/2024\/12\/1212.mp4&Prime; video_image=\u00a0\u00bb1125&Prime;][vc_column][vc_column_text]<\/p>\n<h1>Expertise en gestion du patrimoine \u00e0 <span class=\"fw-900\">faible incidence fiscal<\/span><\/h1>\n<p>[\/vc_column_text][\/vc_column][\/vc_row][vc_row type=\u00a0\u00bbfull_width\u00a0\u00bb css=\u00a0\u00bb.vc_custom_1603375640211{background-image: url(https:\/\/yourprivatecfo.com\/wp-content\/uploads\/2020\/10\/acc-a-propos-bg-f-1.png?id=442) !important;background-position: center !important;background-repeat: no-repeat !important;background-size: cover !important;}\u00a0\u00bb el_class=\u00a0\u00bbborder-30 acc-a-propos-row\u00a0\u00bb][vc_column width=\u00a0\u00bb1\/2&Prime;][\/vc_column][vc_column width=\u00a0\u00bb1\/2&Prime; el_class=\u00a0\u00bbacc-a-propos-text-col\u00a0\u00bb][vc_column_text el_class=\u00a0\u00bbcercle-beige\u00a0\u00bb]<\/p>\n<h2><span class=\"fw-900\">Votre CFO Priv\u00e9, <\/span><br \/>\nune \u00e9quipe d\u2019exp\u00e9rience<\/h2>\n<p>[\/vc_column_text][vc_column_text css=\u00a0\u00bb\u00a0\u00bb el_class=\u00a0\u00bbacc-a-propos-text\u00a0\u00bb]Votre CFO Priv\u00e9, gestion patrimoniale, est une \u00e9quipe offrant des services financiers, \u00e9tablie dans la r\u00e9gion de la capitale nationale depuis 1990. L&rsquo;objectif commun de notre \u00e9quipe est de d\u00e9velopper des relations de proximit\u00e9s avec nos clients entrepreneurs, professionnels, agriculteurs et retrait\u00e9s. Le tout en offrant une approche cl\u00e9 en main, de type \u00ab Family Office \u00bb, afin de leur offrir des solutions financi\u00e8res sur mesure, adapt\u00e9es \u00e0 leurs besoins, en favorisant la diversification des placements et la prudence.[\/vc_column_text][vc_raw_html]JTNDcCUyMGNsYXNzJTNEJTIyZmxlY2hlLWJ0biUyMiUzRSUzQ2ElMjBocmVmJTNEJTIyJTJGZnIlMkZsZS1jYWJpbmV0JTJGJTIyJTNFJTNDaSUyMGNsYXNzJTNEJTIyZmFzJTIwZmEtY2hldnJvbi1kb3duJTIyJTNFJTNDJTJGaSUzRSUzQyUyRmElM0UlM0MlMkZwJTNF[\/vc_raw_html][\/vc_column][\/vc_row][vc_row type=\u00a0\u00bbfull_width\u00a0\u00bb el_class=\u00a0\u00bbnos-expertises-row border-30&Prime;][vc_column][vc_column_text el_class=\u00a0\u00bbcercle-beige\u00a0\u00bb]<\/p>\n<h2>Nos champs de comp\u00e9tence<\/h2>\n<p>[\/vc_column_text][vc_column_text css=\u00a0\u00bb\u00a0\u00bb]Nos services de gestion de patrimoine \u00e0 valeur nette \u00e9lev\u00e9e.[\/vc_column_text][vc_row_inner type=\u00a0\u00bbfull_width\u00a0\u00bb el_class=\u00a0\u00bbexpertises-row-small\u00a0\u00bb][vc_column_inner el_class=\u00a0\u00bbexpertises-col\u00a0\u00bb width=\u00a0\u00bb1\/4&Prime; css=\u00a0\u00bb.vc_custom_1597857988749{background-image: url(https:\/\/yourprivatecfo.com\/wp-content\/uploads\/2020\/08\/placement-et-croissance-img.jpg?id=46) !important;background-position: center !important;background-repeat: no-repeat !important;background-size: cover !important;}\u00a0\u00bb][vc_column_text]<\/p>\n<h3>Placements et croissances<\/h3>\n<p>[\/vc_column_text][vc_raw_html]JTNDcCUyMGNsYXNzJTNEJTIyZmxlY2hlLWJ0biUyMiUzRSUzQ2klMjBjbGFzcyUzRCUyMmZhcyUyMGZhLWNoZXZyb24tZG93biUyMiUzRSUzQyUyRmklM0UlM0MlMkZwJTNF[\/vc_raw_html][vc_column_text el_class=\u00a0\u00bbbox-link\u00a0\u00bb]<a href=\"\/fr\/nos-services\/placements-et-croissance\/\">Lien<\/a>[\/vc_column_text][\/vc_column_inner][vc_column_inner el_class=\u00a0\u00bbexpertises-col\u00a0\u00bb width=\u00a0\u00bb1\/4&Prime; css=\u00a0\u00bb.vc_custom_1597857993075{background-image: url(https:\/\/yourprivatecfo.com\/wp-content\/uploads\/2020\/08\/strat-retraite-img.jpg?id=44) !important;background-position: center !important;background-repeat: no-repeat !important;background-size: cover !important;}\u00a0\u00bb][vc_column_text]<\/p>\n<h3>Strat\u00e9gie de retraite<\/h3>\n<p>[\/vc_column_text][vc_raw_html]JTNDcCUyMGNsYXNzJTNEJTIyZmxlY2hlLWJ0biUyMiUzRSUzQ2klMjBjbGFzcyUzRCUyMmZhcyUyMGZhLWNoZXZyb24tZG93biUyMiUzRSUzQyUyRmklM0UlM0MlMkZwJTNF[\/vc_raw_html][vc_column_text el_class=\u00a0\u00bbbox-link\u00a0\u00bb]<a href=\"\/fr\/nos-services\/strategie-de-retraite\/\">Lien<\/a>[\/vc_column_text][\/vc_column_inner][vc_column_inner el_class=\u00a0\u00bbexpertises-col\u00a0\u00bb width=\u00a0\u00bb1\/4&Prime; css=\u00a0\u00bb.vc_custom_1597857995716{background-image: url(https:\/\/yourprivatecfo.com\/wp-content\/uploads\/2020\/08\/opti-fisca-img.jpg?id=45) !important;background-position: center !important;background-repeat: no-repeat !important;background-size: cover !important;}\u00a0\u00bb][vc_column_text]<\/p>\n<h3>Optimisation de la fiscalit\u00e9<\/h3>\n<p>[\/vc_column_text][vc_raw_html]JTNDcCUyMGNsYXNzJTNEJTIyZmxlY2hlLWJ0biUyMiUzRSUzQ2klMjBjbGFzcyUzRCUyMmZhcyUyMGZhLWNoZXZyb24tZG93biUyMiUzRSUzQyUyRmklM0UlM0MlMkZwJTNF[\/vc_raw_html][vc_column_text el_class=\u00a0\u00bbbox-link\u00a0\u00bb]<a href=\"\/fr\/nos-services\/optimisation-de-la-fiscalite\/\">Lien<\/a>[\/vc_column_text][\/vc_column_inner][vc_column_inner el_class=\u00a0\u00bbexpertises-col\u00a0\u00bb width=\u00a0\u00bb1\/4&Prime; css=\u00a0\u00bb.vc_custom_1597857998506{background-image: url(https:\/\/yourprivatecfo.com\/wp-content\/uploads\/2020\/08\/planif-success-img.jpg?id=47) !important;background-position: center !important;background-repeat: no-repeat !important;background-size: cover !important;}\u00a0\u00bb][vc_column_text]<\/p>\n<h3>Planification successorale<\/h3>\n<p>[\/vc_column_text][vc_raw_html]JTNDcCUyMGNsYXNzJTNEJTIyZmxlY2hlLWJ0biUyMiUzRSUzQ2klMjBjbGFzcyUzRCUyMmZhcyUyMGZhLWNoZXZyb24tZG93biUyMiUzRSUzQyUyRmklM0UlM0MlMkZwJTNF[\/vc_raw_html][vc_column_text el_class=\u00a0\u00bbbox-link\u00a0\u00bb]<a href=\"\/fr\/nos-services\/planification-successorale\/\">Lien<\/a>[\/vc_column_text][\/vc_column_inner][\/vc_row_inner][vc_row_inner type=\u00a0\u00bbfull_width\u00a0\u00bb el_class=\u00a0\u00bbexpertises-row-big\u00a0\u00bb css=\u00a0\u00bb.vc_custom_1597860106563{background-image: url(https:\/\/yourprivatecfo.com\/wp-content\/uploads\/2020\/08\/solutin-entrepreneur-bg.jpg?id=55) !important;background-position: center !important;background-repeat: no-repeat !important;background-size: cover !important;}\u00a0\u00bb][vc_column_inner el_class=\u00a0\u00bbexpertises-col\u00a0\u00bb width=\u00a0\u00bb1\/2&Prime;][vc_column_text]<\/p>\n<h3>Solutions pour entrepreneurs<\/h3>\n<p>[\/vc_column_text][vc_raw_html]JTNDcCUyMGNsYXNzJTNEJTIyZmxlY2hlLWJ0biUyMiUzRSUzQ2klMjBjbGFzcyUzRCUyMmZhcyUyMGZhLWNoZXZyb24tZG93biUyMiUzRSUzQyUyRmklM0UlM0MlMkZwJTNF[\/vc_raw_html][vc_column_text el_class=\u00a0\u00bbbox-link\u00a0\u00bb]<a href=\"\/fr\/nos-services\/solutions-pour-entrepreneurs\/\">Lien<\/a>[\/vc_column_text][\/vc_column_inner][vc_column_inner width=\u00a0\u00bb1\/2&Prime;][\/vc_column_inner][\/vc_row_inner][\/vc_column][\/vc_row][vc_row type=\u00a0\u00bbfull_width\u00a0\u00bb el_class=\u00a0\u00bbactualites-title-row white-text\u00a0\u00bb css=\u00a0\u00bb.vc_custom_1597867982060{background-color: #0a233f !important;}\u00a0\u00bb][vc_column][vc_column_text el_class=\u00a0\u00bbcercle-beige\u00a0\u00bb]<\/p>\n<h2>Les <span class=\"fw-900\">actualit\u00e9s<\/span><\/h2>\n<p>[\/vc_column_text][\/vc_column][\/vc_row][vc_row type=\u00a0\u00bbin_grid\u00a0\u00bb el_class=\u00a0\u00bbactualites-row\u00a0\u00bb][vc_column]<div class=\"dist-shortcode-container wpb_content_element\">        <div class=\"accueil-nouvelles\">\n            <div class=\"accueil-nouvelles-inner\">\n                                    <article class=\"post-1271 post type-post status-publish format-standard has-post-thumbnail hentry category-infolettre\">\n                    \t\t\t<div class=\"blog-listing-thumbnail\">\n\t\t\t<a href=\"https:\/\/yourprivatecfo.com\/fr\/2025\/07\/04\/linvestisseur-printemps-2025\/\">\n\t\t\t\t<img decoding=\"async\" width=\"609\" height=\"409\" src=\"https:\/\/yourprivatecfo.com\/wp-content\/uploads\/2025\/07\/spring-newsletter.jpg\" class=\"attachment-full size-full wp-post-image\" alt=\"\" srcset=\"https:\/\/yourprivatecfo.com\/wp-content\/uploads\/2025\/07\/spring-newsletter.jpg 609w, https:\/\/yourprivatecfo.com\/wp-content\/uploads\/2025\/07\/spring-newsletter-300x201.jpg 300w\" sizes=\"(max-width: 609px) 100vw, 609px\" \/>\t\t\t<\/a>\n\t\t<\/div>\n\t\t\t\t<div class=\"post-info\">\n\t\t\t\t\t<div class=\"post-info-inner\">\n\t\t\t\t\t<h3><a href=\"https:\/\/yourprivatecfo.com\/fr\/2025\/07\/04\/linvestisseur-printemps-2025\/\" class=\"nouvelles-title\">L&rsquo;investisseur &#8211; Printemps 2025<\/a><\/h3>\n                    <p class=\"blog-date\">4 juillet 2025<\/p>\n                    <div class=\"blog-listing-text\">\n\t\t\t\t\t\tVotre conseiller principal en gestion de patrimoine, Paul Drouin, vous pr\u00e9sente l\u2019\u00e9dition d\u2019automne de l\u2019infolettre : L\u2019investisseur.\r\n\t\t\t\t\t<\/div>\n                <\/div><\/div>\n\n                    <\/article>\n\n                                    <article class=\"post-1013 post type-post status-publish format-standard has-post-thumbnail hentry category-infolettre\">\n                    \t\t\t<div class=\"blog-listing-thumbnail\">\n\t\t\t<a href=\"https:\/\/yourprivatecfo.com\/fr\/2024\/09\/18\/linvestisseur-hiver-2024\/\">\n\t\t\t\t<img decoding=\"async\" width=\"609\" height=\"409\" src=\"https:\/\/yourprivatecfo.com\/wp-content\/uploads\/2024\/09\/winter2024.webp\" class=\"attachment-full size-full wp-post-image\" alt=\"\" srcset=\"https:\/\/yourprivatecfo.com\/wp-content\/uploads\/2024\/09\/winter2024.webp 609w, https:\/\/yourprivatecfo.com\/wp-content\/uploads\/2024\/09\/winter2024-300x201.webp 300w\" sizes=\"(max-width: 609px) 100vw, 609px\" \/>\t\t\t<\/a>\n\t\t<\/div>\n\t\t\t\t<div class=\"post-info\">\n\t\t\t\t\t<div class=\"post-info-inner\">\n\t\t\t\t\t<h3><a href=\"https:\/\/yourprivatecfo.com\/fr\/2024\/09\/18\/linvestisseur-hiver-2024\/\" class=\"nouvelles-title\">L&rsquo;investisseur &#8211; Hiver 2024<\/a><\/h3>\n                    <p class=\"blog-date\">18 septembre 2024<\/p>\n                    <div class=\"blog-listing-text\">\n\t\t\t\t\t\tVotre conseiller principal en gestion de patrimoine, Paul Drouin, vous pr\u00e9sente l\u2019\u00e9dition d\u2019automne de l\u2019infolettre : L\u2019investisseur.\r\n\t\t\t\t\t<\/div>\n                <\/div><\/div>\n\n                    <\/article>\n\n                                    <article class=\"post-1014 post type-post status-publish format-standard has-post-thumbnail hentry category-infolettre\">\n                    \t\t\t<div class=\"blog-listing-thumbnail\">\n\t\t\t<a href=\"https:\/\/yourprivatecfo.com\/fr\/2024\/07\/01\/linvestisseur-ete-2024\/\">\n\t\t\t\t<img decoding=\"async\" width=\"609\" height=\"409\" src=\"https:\/\/yourprivatecfo.com\/wp-content\/uploads\/2024\/09\/summer2024.webp\" class=\"attachment-full size-full wp-post-image\" alt=\"\" srcset=\"https:\/\/yourprivatecfo.com\/wp-content\/uploads\/2024\/09\/summer2024.webp 609w, https:\/\/yourprivatecfo.com\/wp-content\/uploads\/2024\/09\/summer2024-300x201.webp 300w\" sizes=\"(max-width: 609px) 100vw, 609px\" \/>\t\t\t<\/a>\n\t\t<\/div>\n\t\t\t\t<div class=\"post-info\">\n\t\t\t\t\t<div class=\"post-info-inner\">\n\t\t\t\t\t<h3><a href=\"https:\/\/yourprivatecfo.com\/fr\/2024\/07\/01\/linvestisseur-ete-2024\/\" class=\"nouvelles-title\">L&rsquo;investisseur &#8211; \u00c9t\u00e9 2024<\/a><\/h3>\n                    <p class=\"blog-date\">1 juillet 2024<\/p>\n                    <div class=\"blog-listing-text\">\n\t\t\t\t\t\tVotre conseiller principal en gestion de patrimoine, Paul Drouin, vous pr\u00e9sente l\u2019\u00e9dition d\u2019automne de l\u2019infolettre : L\u2019investisseur.\r\n\t\t\t\t\t<\/div>\n                <\/div><\/div>\n\n                    <\/article>\n\n                            <\/div>\n        <\/div>\n    <\/div>[\/vc_column][\/vc_row][vc_row content_placement=\u00a0\u00bbmiddle\u00a0\u00bb type=\u00a0\u00bbfull_width\u00a0\u00bb el_class=\u00a0\u00bbinfolettre-row border-30&Prime; css=\u00a0\u00bb.vc_custom_1597869698292{background-color: #dbe2ea !important;}\u00a0\u00bb][vc_column width=\u00a0\u00bb2\/3&Prime; el_class=\u00a0\u00bbinfolettre-img-col\u00a0\u00bb][vc_single_image image=\u00a0\u00bb71&Prime; img_size=\u00a0\u00bbfull\u00a0\u00bb][\/vc_column][vc_column width=\u00a0\u00bb1\/3&Prime; el_class=\u00a0\u00bbinfolettre-text-col\u00a0\u00bb][vc_raw_html]JTNDZGl2JTIwY2xhc3MlM0QlMjJjZXJjbGUtYmVpZ2UlMjIlM0UlMEElM0NoMiUzRSUzQ3NwYW4lMjBjbGFzcyUzRCUyMmZ3LTkwMCUyMiUzRVJlc3RleiUyMGJyYW5jaCVDMyVBOSUzQyUyRnNwYW4lM0UlMjAlMjBzdXIlMjB2b3MlMjBmaW5hbmNlcyUyMSUzQyUyRmgyJTNFJTBBJTNDJTJGZGl2JTNFJTBBJTNDZGl2JTIwc3R5bGUlM0QlMjJwYWRkaW5nLXRvcCUzQSUyMDQwcHglM0IlMjIlM0UlMEElNUJtYzR3cF9mb3JtJTIwaWQlM0QxMDU2JTVEJTBBJTNDJTJGZGl2JTNF[\/vc_raw_html][\/vc_column][\/vc_row]<\/p>\n<\/div>","protected":false},"excerpt":{"rendered":"<p>[vc_row full_height=\u00a0\u00bbyes\u00a0\u00bb video_bg=\u00a0\u00bbyes\u00a0\u00bb video_bg_url=\u00a0\u00bb\u00a0\u00bb type=\u00a0\u00bbfull_width\u00a0\u00bb video_file_bg=\u00a0\u00bbtrue\u00a0\u00bb css=\u00a0\u00bb.vc_custom_1734456995327{background-image: url(https:\/\/yourprivatecfo.com\/wp-content\/uploads\/2024\/12\/Home-Banner.jpg?id=1125) !important;background-position: center !important;background-repeat: no-repeat !important;background-size: cover !important;}\u00a0\u00bb el_class=\u00a0\u00bbaccueil-title\u00a0\u00bb video_mp4=\u00a0\u00bbhttps:\/\/yourprivatecfo.com\/wp-content\/uploads\/2024\/12\/1212.mp4&Prime; video_image=\u00a0\u00bb1125&Prime;][vc_column][vc_column_text] Expertise en gestion du patrimoine \u00e0 faible incidence fiscal [\/vc_column_text][\/vc_column][\/vc_row][vc_row type=\u00a0\u00bbfull_width\u00a0\u00bb css=\u00a0\u00bb.vc_custom_1603375640211{background-image: url(https:\/\/yourprivatecfo.com\/wp-content\/uploads\/2020\/10\/acc-a-propos-bg-f-1.png?id=442) !important;background-position: center !important;background-repeat: no-repeat !important;background-size: cover !important;}\u00a0\u00bb el_class=\u00a0\u00bbborder-30 acc-a-propos-row\u00a0\u00bb][vc_column width=\u00a0\u00bb1\/2&Prime;][\/vc_column][vc_column width=\u00a0\u00bb1\/2&Prime; el_class=\u00a0\u00bbacc-a-propos-text-col\u00a0\u00bb][vc_column_text el_class=\u00a0\u00bbcercle-beige\u00a0\u00bb] Votre CFO Priv\u00e9, une \u00e9quipe d\u2019exp\u00e9rience [\/vc_column_text][vc_column_text css=\u00a0\u00bb\u00a0\u00bb el_class=\u00a0\u00bbacc-a-propos-text\u00a0\u00bb]Votre CFO Priv\u00e9, [&hellip;]<\/p>\n","protected":false},"author":1,"featured_media":0,"parent":0,"menu_order":0,"comment_status":"closed","ping_status":"open","template":"","meta":{"_acf_changed":false,"footnotes":""},"class_list":["post-2","page","type-page","status-publish","hentry"],"acf":[],"yoast_head":"<!-- This site is optimized with the Yoast SEO plugin v27.3 - https:\/\/yoast.com\/product\/yoast-seo-wordpress\/ -->\n<title>Votre CFO priv\u00e9 - IA Gestion priv\u00e9e de patrimoine<\/title>\n<meta name=\"description\" content=\"Votre CFO Priv\u00e9, gestion patrimoniale, est un cabinet de services financier \u00e9tabli dans la r\u00e9gion de la capitale nationale depuis 1990.\" \/>\n<meta name=\"robots\" content=\"index, follow, max-snippet:-1, max-image-preview:large, max-video-preview:-1\" \/>\n<link rel=\"canonical\" href=\"https:\/\/yourprivatecfo.com\/fr\/\" \/>\n<meta property=\"og:locale\" content=\"fr_FR\" \/>\n<meta property=\"og:type\" content=\"article\" \/>\n<meta property=\"og:title\" content=\"Votre CFO priv\u00e9 - IA Gestion priv\u00e9e de patrimoine\" \/>\n<meta property=\"og:description\" content=\"Votre CFO Priv\u00e9, gestion patrimoniale, est un cabinet de services financier \u00e9tabli dans la r\u00e9gion de la capitale nationale depuis 1990.\" \/>\n<meta property=\"og:url\" content=\"https:\/\/yourprivatecfo.com\/fr\/\" \/>\n<meta property=\"og:site_name\" content=\"Votre CFO priv\u00e9\" \/>\n<meta property=\"article:publisher\" content=\"https:\/\/www.facebook.com\/yourprivatecfo\/\" \/>\n<meta property=\"article:modified_time\" content=\"2026-02-27T18:42:49+00:00\" \/>\n<meta name=\"twitter:card\" content=\"summary_large_image\" \/>\n<meta name=\"twitter:label1\" content=\"Dur\u00e9e de lecture estim\u00e9e\" \/>\n\t<meta name=\"twitter:data1\" content=\"2 minutes\" \/>\n<script type=\"application\/ld+json\" class=\"yoast-schema-graph\">{\"@context\":\"https:\\\/\\\/schema.org\",\"@graph\":[{\"@type\":\"WebPage\",\"@id\":\"https:\\\/\\\/yourprivatecfo.com\\\/fr\\\/\",\"url\":\"https:\\\/\\\/yourprivatecfo.com\\\/fr\\\/\",\"name\":\"Votre CFO priv\u00e9 - IA Gestion priv\u00e9e de patrimoine\",\"isPartOf\":{\"@id\":\"https:\\\/\\\/yourprivatecfo.com\\\/fr\\\/#website\"},\"datePublished\":\"2020-08-18T18:16:24+00:00\",\"dateModified\":\"2026-02-27T18:42:49+00:00\",\"description\":\"Votre CFO Priv\u00e9, gestion patrimoniale, est un cabinet de services financier \u00e9tabli dans la r\u00e9gion de la capitale nationale depuis 1990.\",\"breadcrumb\":{\"@id\":\"https:\\\/\\\/yourprivatecfo.com\\\/fr\\\/#breadcrumb\"},\"inLanguage\":\"fr-FR\",\"potentialAction\":[{\"@type\":\"ReadAction\",\"target\":[\"https:\\\/\\\/yourprivatecfo.com\\\/fr\\\/\"]}]},{\"@type\":\"BreadcrumbList\",\"@id\":\"https:\\\/\\\/yourprivatecfo.com\\\/fr\\\/#breadcrumb\",\"itemListElement\":[{\"@type\":\"ListItem\",\"position\":1,\"name\":\"Home\",\"item\":\"https:\\\/\\\/yourprivatecfo.com\\\/fr\\\/\"},{\"@type\":\"ListItem\",\"position\":2,\"name\":\"Accueil\"}]},{\"@type\":\"WebSite\",\"@id\":\"https:\\\/\\\/yourprivatecfo.com\\\/fr\\\/#website\",\"url\":\"https:\\\/\\\/yourprivatecfo.com\\\/fr\\\/\",\"name\":\"Votre CFO priv\u00e9\",\"description\":\"\",\"potentialAction\":[{\"@type\":\"SearchAction\",\"target\":{\"@type\":\"EntryPoint\",\"urlTemplate\":\"https:\\\/\\\/yourprivatecfo.com\\\/fr\\\/?s={search_term_string}\"},\"query-input\":{\"@type\":\"PropertyValueSpecification\",\"valueRequired\":true,\"valueName\":\"search_term_string\"}}],\"inLanguage\":\"fr-FR\"}]}<\/script>\n<!-- \/ Yoast SEO plugin. -->","yoast_head_json":{"title":"Votre CFO priv\u00e9 - IA Gestion priv\u00e9e de patrimoine","description":"Votre CFO Priv\u00e9, gestion patrimoniale, est un cabinet de services financier \u00e9tabli dans la r\u00e9gion de la capitale nationale depuis 1990.","robots":{"index":"index","follow":"follow","max-snippet":"max-snippet:-1","max-image-preview":"max-image-preview:large","max-video-preview":"max-video-preview:-1"},"canonical":"https:\/\/yourprivatecfo.com\/fr\/","og_locale":"fr_FR","og_type":"article","og_title":"Votre CFO priv\u00e9 - IA Gestion priv\u00e9e de patrimoine","og_description":"Votre CFO Priv\u00e9, gestion patrimoniale, est un cabinet de services financier \u00e9tabli dans la r\u00e9gion de la capitale nationale depuis 1990.","og_url":"https:\/\/yourprivatecfo.com\/fr\/","og_site_name":"Votre CFO priv\u00e9","article_publisher":"https:\/\/www.facebook.com\/yourprivatecfo\/","article_modified_time":"2026-02-27T18:42:49+00:00","twitter_card":"summary_large_image","twitter_misc":{"Dur\u00e9e de lecture estim\u00e9e":"2 minutes"},"schema":{"@context":"https:\/\/schema.org","@graph":[{"@type":"WebPage","@id":"https:\/\/yourprivatecfo.com\/fr\/","url":"https:\/\/yourprivatecfo.com\/fr\/","name":"Votre CFO priv\u00e9 - IA Gestion priv\u00e9e de patrimoine","isPartOf":{"@id":"https:\/\/yourprivatecfo.com\/fr\/#website"},"datePublished":"2020-08-18T18:16:24+00:00","dateModified":"2026-02-27T18:42:49+00:00","description":"Votre CFO Priv\u00e9, gestion patrimoniale, est un cabinet de services financier \u00e9tabli dans la r\u00e9gion de la capitale nationale depuis 1990.","breadcrumb":{"@id":"https:\/\/yourprivatecfo.com\/fr\/#breadcrumb"},"inLanguage":"fr-FR","potentialAction":[{"@type":"ReadAction","target":["https:\/\/yourprivatecfo.com\/fr\/"]}]},{"@type":"BreadcrumbList","@id":"https:\/\/yourprivatecfo.com\/fr\/#breadcrumb","itemListElement":[{"@type":"ListItem","position":1,"name":"Home","item":"https:\/\/yourprivatecfo.com\/fr\/"},{"@type":"ListItem","position":2,"name":"Accueil"}]},{"@type":"WebSite","@id":"https:\/\/yourprivatecfo.com\/fr\/#website","url":"https:\/\/yourprivatecfo.com\/fr\/","name":"Votre CFO priv\u00e9","description":"","potentialAction":[{"@type":"SearchAction","target":{"@type":"EntryPoint","urlTemplate":"https:\/\/yourprivatecfo.com\/fr\/?s={search_term_string}"},"query-input":{"@type":"PropertyValueSpecification","valueRequired":true,"valueName":"search_term_string"}}],"inLanguage":"fr-FR"}]}},"_links":{"self":[{"href":"https:\/\/yourprivatecfo.com\/fr\/wp-json\/wp\/v2\/pages\/2","targetHints":{"allow":["GET"]}}],"collection":[{"href":"https:\/\/yourprivatecfo.com\/fr\/wp-json\/wp\/v2\/pages"}],"about":[{"href":"https:\/\/yourprivatecfo.com\/fr\/wp-json\/wp\/v2\/types\/page"}],"author":[{"embeddable":true,"href":"https:\/\/yourprivatecfo.com\/fr\/wp-json\/wp\/v2\/users\/1"}],"replies":[{"embeddable":true,"href":"https:\/\/yourprivatecfo.com\/fr\/wp-json\/wp\/v2\/comments?post=2"}],"version-history":[{"count":60,"href":"https:\/\/yourprivatecfo.com\/fr\/wp-json\/wp\/v2\/pages\/2\/revisions"}],"predecessor-version":[{"id":1328,"href":"https:\/\/yourprivatecfo.com\/fr\/wp-json\/wp\/v2\/pages\/2\/revisions\/1328"}],"wp:attachment":[{"href":"https:\/\/yourprivatecfo.com\/fr\/wp-json\/wp\/v2\/media?parent=2"}],"curies":[{"name":"wp","href":"https:\/\/api.w.org\/{rel}","templated":true}]}}