{"id":587,"date":"2021-01-26T18:51:19","date_gmt":"2021-01-26T23:51:19","guid":{"rendered":"https:\/\/yourprivatecfo.com\/?page_id=587"},"modified":"2021-02-19T11:08:05","modified_gmt":"2021-02-19T16:08:05","slug":"solution-portefeuille-uniimpot","status":"publish","type":"page","link":"https:\/\/yourprivatecfo.com\/fr\/nos-services\/solution-portefeuille-uniimpot\/","title":{"rendered":"Solution de portefeuille uniimp\u00f4t \u00ae"},"content":{"rendered":"<div class=\"wpb-content-wrapper\"><p>[vc_row full_height=\u00a0\u00bbyes\u00a0\u00bb type=\u00a0\u00bbfull_width\u00a0\u00bb el_class=\u00a0\u00bbservices-title\u00a0\u00bb css=\u00a0\u00bb.vc_custom_1611705884361{background-image: url(https:\/\/yourprivatecfo.com\/wp-content\/uploads\/2021\/01\/theUnitaxPortfolioSolution.jpg?id=590) !important;background-position: center !important;background-repeat: no-repeat !important;background-size: cover !important;}\u00a0\u00bb][vc_column][vc_column_text]<\/p>\n<h1>Solution de portefeuille uniimp\u00f4t \u00ae<\/h1>\n<p>[\/vc_column_text][vc_raw_html el_class=\u00a0\u00bbservices-fleche\u00a0\u00bb]JTNDcCUyMGNsYXNzJTNEJTIyZmxlY2hlLWJ0biUyMiUzRSUzQ2ElMjBocmVmJTNEJTIyJTIzbmV4dENvbnRhaW5lciUyMiUzRSUzQ2klMjBjbGFzcyUzRCUyMmZhcyUyMGZhLWNoZXZyb24tZG93biUyMiUzRSUzQyUyRmklM0UlM0MlMkZhJTNFJTNDJTJGcCUzRQ==[\/vc_raw_html][\/vc_column][\/vc_row][vc_row type=\u00a0\u00bbin_grid\u00a0\u00bb el_id=\u00a0\u00bbnextContainer\u00a0\u00bb el_class=\u00a0\u00bbpartenaire-envergure-row\u00a0\u00bb][vc_column][vc_column_text]<\/p>\n<h2>Solution de portefeuille uniimp\u00f4t\u00a0\u00ae<\/h2>\n<p>[\/vc_column_text][vc_column_text]Lorsque vous optimisez votre strat\u00e9gie financi\u00e8re, il est important de tenir compte des imp\u00f4ts. Vos actifs sont impos\u00e9s de diff\u00e9rentes mani\u00e8res, selon les diff\u00e9rents types de comptes d&rsquo;investissement d\u00e9tenus. Il est donc important d&rsquo;avoir une strat\u00e9gie qui tient compte de la localisation des actifs. Au cabinet Votre CFO Priv\u00e9 Gestion Patrimoniale, nous avons d\u00e9velopp\u00e9 notre propre algorithme exclusif qui permet de trouver des avantages fiscaux apr\u00e8s imp\u00f4ts.<\/p>\n<p>Notre Solution exclusive de portefeuille UniImp\u00f4t \u00a9 est une strat\u00e9gie fiscale avantageuse pour maximiser votre rendement apr\u00e8s imp\u00f4t. Notre approche est bas\u00e9e sur le principe du regroupement de tous vos investissements aupr\u00e8s d\u2019un seul conseiller qui vous recommandera une solution int\u00e9gr\u00e9e et durable ax\u00e9e sur une strat\u00e9gie fiscale compl\u00e8te, avantageuse et rentable.<\/p>\n<p>&nbsp;<\/p>\n<p>[\/vc_column_text][\/vc_column][\/vc_row]<\/p>\n<\/div>","protected":false},"excerpt":{"rendered":"<p>[vc_row full_height=\u00a0\u00bbyes\u00a0\u00bb type=\u00a0\u00bbfull_width\u00a0\u00bb el_class=\u00a0\u00bbservices-title\u00a0\u00bb css=\u00a0\u00bb.vc_custom_1611705884361{background-image: url(https:\/\/yourprivatecfo.com\/wp-content\/uploads\/2021\/01\/theUnitaxPortfolioSolution.jpg?id=590) !important;background-position: center !important;background-repeat: no-repeat !important;background-size: cover !important;}\u00a0\u00bb][vc_column][vc_column_text] Solution de portefeuille uniimp\u00f4t \u00ae [\/vc_column_text][vc_raw_html el_class=\u00a0\u00bbservices-fleche\u00a0\u00bb]JTNDcCUyMGNsYXNzJTNEJTIyZmxlY2hlLWJ0biUyMiUzRSUzQ2ElMjBocmVmJTNEJTIyJTIzbmV4dENvbnRhaW5lciUyMiUzRSUzQ2klMjBjbGFzcyUzRCUyMmZhcyUyMGZhLWNoZXZyb24tZG93biUyMiUzRSUzQyUyRmklM0UlM0MlMkZhJTNFJTNDJTJGcCUzRQ==[\/vc_raw_html][\/vc_column][\/vc_row][vc_row type=\u00a0\u00bbin_grid\u00a0\u00bb el_id=\u00a0\u00bbnextContainer\u00a0\u00bb el_class=\u00a0\u00bbpartenaire-envergure-row\u00a0\u00bb][vc_column][vc_column_text] Solution de portefeuille uniimp\u00f4t\u00a0\u00ae [\/vc_column_text][vc_column_text]Lorsque vous optimisez votre strat\u00e9gie financi\u00e8re, il est important de tenir compte des imp\u00f4ts. Vos actifs sont impos\u00e9s de diff\u00e9rentes mani\u00e8res, selon les diff\u00e9rents types de comptes d&rsquo;investissement [&hellip;]<\/p>\n","protected":false},"author":1,"featured_media":0,"parent":134,"menu_order":0,"comment_status":"closed","ping_status":"closed","template":"","meta":{"_acf_changed":false,"footnotes":""},"class_list":["post-587","page","type-page","status-publish","hentry"],"acf":[],"yoast_head":"<!-- This site is optimized with the Yoast SEO plugin v27.3 - https:\/\/yoast.com\/product\/yoast-seo-wordpress\/ -->\n<title>Votre CFO priv\u00e9 - Solution de portefeuille uniimp\u00f4t \u00ae<\/title>\n<meta name=\"robots\" content=\"index, follow, max-snippet:-1, max-image-preview:large, max-video-preview:-1\" \/>\n<link rel=\"canonical\" href=\"https:\/\/yourprivatecfo.com\/fr\/nos-services\/solution-portefeuille-uniimpot\/\" \/>\n<meta property=\"og:locale\" content=\"fr_FR\" \/>\n<meta property=\"og:type\" content=\"article\" \/>\n<meta property=\"og:title\" content=\"Votre CFO priv\u00e9 - Solution de portefeuille uniimp\u00f4t \u00ae\" \/>\n<meta property=\"og:description\" content=\"[vc_row full_height=\u00a0\u00bbyes\u00a0\u00bb type=\u00a0\u00bbfull_width\u00a0\u00bb el_class=\u00a0\u00bbservices-title\u00a0\u00bb css=\u00a0\u00bb.vc_custom_1611705884361{background-image: url(https:\/\/yourprivatecfo.com\/wp-content\/uploads\/2021\/01\/theUnitaxPortfolioSolution.jpg?id=590) !important;background-position: center !important;background-repeat: no-repeat !important;background-size: cover !important;}\u00a0\u00bb][vc_column][vc_column_text] Solution de portefeuille uniimp\u00f4t \u00ae [\/vc_column_text][vc_raw_html el_class=\u00a0\u00bbservices-fleche\u00a0\u00bb]JTNDcCUyMGNsYXNzJTNEJTIyZmxlY2hlLWJ0biUyMiUzRSUzQ2ElMjBocmVmJTNEJTIyJTIzbmV4dENvbnRhaW5lciUyMiUzRSUzQ2klMjBjbGFzcyUzRCUyMmZhcyUyMGZhLWNoZXZyb24tZG93biUyMiUzRSUzQyUyRmklM0UlM0MlMkZhJTNFJTNDJTJGcCUzRQ==[\/vc_raw_html][\/vc_column][\/vc_row][vc_row type=\u00a0\u00bbin_grid\u00a0\u00bb el_id=\u00a0\u00bbnextContainer\u00a0\u00bb el_class=\u00a0\u00bbpartenaire-envergure-row\u00a0\u00bb][vc_column][vc_column_text] Solution de portefeuille uniimp\u00f4t\u00a0\u00ae [\/vc_column_text][vc_column_text]Lorsque vous optimisez votre strat\u00e9gie financi\u00e8re, il est important de tenir compte des imp\u00f4ts. Vos actifs sont impos\u00e9s de diff\u00e9rentes mani\u00e8res, selon les diff\u00e9rents types de comptes d&rsquo;investissement [&hellip;]\" \/>\n<meta property=\"og:url\" content=\"https:\/\/yourprivatecfo.com\/fr\/nos-services\/solution-portefeuille-uniimpot\/\" \/>\n<meta property=\"og:site_name\" content=\"Votre CFO priv\u00e9\" \/>\n<meta property=\"article:publisher\" content=\"https:\/\/www.facebook.com\/yourprivatecfo\/\" \/>\n<meta property=\"article:modified_time\" content=\"2021-02-19T16:08:05+00:00\" \/>\n<meta name=\"twitter:card\" content=\"summary_large_image\" \/>\n<meta name=\"twitter:label1\" content=\"Dur\u00e9e de lecture estim\u00e9e\" \/>\n\t<meta name=\"twitter:data1\" content=\"1 minute\" \/>\n<script type=\"application\/ld+json\" class=\"yoast-schema-graph\">{\"@context\":\"https:\\\/\\\/schema.org\",\"@graph\":[{\"@type\":\"WebPage\",\"@id\":\"https:\\\/\\\/yourprivatecfo.com\\\/fr\\\/nos-services\\\/solution-portefeuille-uniimpot\\\/\",\"url\":\"https:\\\/\\\/yourprivatecfo.com\\\/fr\\\/nos-services\\\/solution-portefeuille-uniimpot\\\/\",\"name\":\"Votre CFO priv\u00e9 - Solution de portefeuille uniimp\u00f4t \u00ae\",\"isPartOf\":{\"@id\":\"https:\\\/\\\/yourprivatecfo.com\\\/fr\\\/#website\"},\"datePublished\":\"2021-01-26T23:51:19+00:00\",\"dateModified\":\"2021-02-19T16:08:05+00:00\",\"breadcrumb\":{\"@id\":\"https:\\\/\\\/yourprivatecfo.com\\\/fr\\\/nos-services\\\/solution-portefeuille-uniimpot\\\/#breadcrumb\"},\"inLanguage\":\"fr-FR\",\"potentialAction\":[{\"@type\":\"ReadAction\",\"target\":[\"https:\\\/\\\/yourprivatecfo.com\\\/fr\\\/nos-services\\\/solution-portefeuille-uniimpot\\\/\"]}]},{\"@type\":\"BreadcrumbList\",\"@id\":\"https:\\\/\\\/yourprivatecfo.com\\\/fr\\\/nos-services\\\/solution-portefeuille-uniimpot\\\/#breadcrumb\",\"itemListElement\":[{\"@type\":\"ListItem\",\"position\":1,\"name\":\"Home\",\"item\":\"https:\\\/\\\/yourprivatecfo.com\\\/fr\\\/\"},{\"@type\":\"ListItem\",\"position\":2,\"name\":\"Nos services\",\"item\":\"https:\\\/\\\/yourprivatecfo.com\\\/fr\\\/nos-services\\\/\"},{\"@type\":\"ListItem\",\"position\":3,\"name\":\"Solution de portefeuille uniimp\u00f4t \u00ae\"}]},{\"@type\":\"WebSite\",\"@id\":\"https:\\\/\\\/yourprivatecfo.com\\\/fr\\\/#website\",\"url\":\"https:\\\/\\\/yourprivatecfo.com\\\/fr\\\/\",\"name\":\"Votre CFO priv\u00e9\",\"description\":\"\",\"potentialAction\":[{\"@type\":\"SearchAction\",\"target\":{\"@type\":\"EntryPoint\",\"urlTemplate\":\"https:\\\/\\\/yourprivatecfo.com\\\/fr\\\/?s={search_term_string}\"},\"query-input\":{\"@type\":\"PropertyValueSpecification\",\"valueRequired\":true,\"valueName\":\"search_term_string\"}}],\"inLanguage\":\"fr-FR\"}]}<\/script>\n<!-- \/ Yoast SEO plugin. -->","yoast_head_json":{"title":"Votre CFO priv\u00e9 - Solution de portefeuille uniimp\u00f4t \u00ae","robots":{"index":"index","follow":"follow","max-snippet":"max-snippet:-1","max-image-preview":"max-image-preview:large","max-video-preview":"max-video-preview:-1"},"canonical":"https:\/\/yourprivatecfo.com\/fr\/nos-services\/solution-portefeuille-uniimpot\/","og_locale":"fr_FR","og_type":"article","og_title":"Votre CFO priv\u00e9 - Solution de portefeuille uniimp\u00f4t \u00ae","og_description":"[vc_row full_height=\u00a0\u00bbyes\u00a0\u00bb type=\u00a0\u00bbfull_width\u00a0\u00bb el_class=\u00a0\u00bbservices-title\u00a0\u00bb css=\u00a0\u00bb.vc_custom_1611705884361{background-image: url(https:\/\/yourprivatecfo.com\/wp-content\/uploads\/2021\/01\/theUnitaxPortfolioSolution.jpg?id=590) !important;background-position: center !important;background-repeat: no-repeat !important;background-size: cover !important;}\u00a0\u00bb][vc_column][vc_column_text] Solution de portefeuille uniimp\u00f4t \u00ae [\/vc_column_text][vc_raw_html el_class=\u00a0\u00bbservices-fleche\u00a0\u00bb]JTNDcCUyMGNsYXNzJTNEJTIyZmxlY2hlLWJ0biUyMiUzRSUzQ2ElMjBocmVmJTNEJTIyJTIzbmV4dENvbnRhaW5lciUyMiUzRSUzQ2klMjBjbGFzcyUzRCUyMmZhcyUyMGZhLWNoZXZyb24tZG93biUyMiUzRSUzQyUyRmklM0UlM0MlMkZhJTNFJTNDJTJGcCUzRQ==[\/vc_raw_html][\/vc_column][\/vc_row][vc_row type=\u00a0\u00bbin_grid\u00a0\u00bb el_id=\u00a0\u00bbnextContainer\u00a0\u00bb el_class=\u00a0\u00bbpartenaire-envergure-row\u00a0\u00bb][vc_column][vc_column_text] Solution de portefeuille uniimp\u00f4t\u00a0\u00ae [\/vc_column_text][vc_column_text]Lorsque vous optimisez votre strat\u00e9gie financi\u00e8re, il est important de tenir compte des imp\u00f4ts. Vos actifs sont impos\u00e9s de diff\u00e9rentes mani\u00e8res, selon les diff\u00e9rents types de comptes d&rsquo;investissement [&hellip;]","og_url":"https:\/\/yourprivatecfo.com\/fr\/nos-services\/solution-portefeuille-uniimpot\/","og_site_name":"Votre CFO priv\u00e9","article_publisher":"https:\/\/www.facebook.com\/yourprivatecfo\/","article_modified_time":"2021-02-19T16:08:05+00:00","twitter_card":"summary_large_image","twitter_misc":{"Dur\u00e9e de lecture estim\u00e9e":"1 minute"},"schema":{"@context":"https:\/\/schema.org","@graph":[{"@type":"WebPage","@id":"https:\/\/yourprivatecfo.com\/fr\/nos-services\/solution-portefeuille-uniimpot\/","url":"https:\/\/yourprivatecfo.com\/fr\/nos-services\/solution-portefeuille-uniimpot\/","name":"Votre CFO priv\u00e9 - Solution de portefeuille uniimp\u00f4t \u00ae","isPartOf":{"@id":"https:\/\/yourprivatecfo.com\/fr\/#website"},"datePublished":"2021-01-26T23:51:19+00:00","dateModified":"2021-02-19T16:08:05+00:00","breadcrumb":{"@id":"https:\/\/yourprivatecfo.com\/fr\/nos-services\/solution-portefeuille-uniimpot\/#breadcrumb"},"inLanguage":"fr-FR","potentialAction":[{"@type":"ReadAction","target":["https:\/\/yourprivatecfo.com\/fr\/nos-services\/solution-portefeuille-uniimpot\/"]}]},{"@type":"BreadcrumbList","@id":"https:\/\/yourprivatecfo.com\/fr\/nos-services\/solution-portefeuille-uniimpot\/#breadcrumb","itemListElement":[{"@type":"ListItem","position":1,"name":"Home","item":"https:\/\/yourprivatecfo.com\/fr\/"},{"@type":"ListItem","position":2,"name":"Nos services","item":"https:\/\/yourprivatecfo.com\/fr\/nos-services\/"},{"@type":"ListItem","position":3,"name":"Solution de portefeuille uniimp\u00f4t \u00ae"}]},{"@type":"WebSite","@id":"https:\/\/yourprivatecfo.com\/fr\/#website","url":"https:\/\/yourprivatecfo.com\/fr\/","name":"Votre CFO priv\u00e9","description":"","potentialAction":[{"@type":"SearchAction","target":{"@type":"EntryPoint","urlTemplate":"https:\/\/yourprivatecfo.com\/fr\/?s={search_term_string}"},"query-input":{"@type":"PropertyValueSpecification","valueRequired":true,"valueName":"search_term_string"}}],"inLanguage":"fr-FR"}]}},"_links":{"self":[{"href":"https:\/\/yourprivatecfo.com\/fr\/wp-json\/wp\/v2\/pages\/587","targetHints":{"allow":["GET"]}}],"collection":[{"href":"https:\/\/yourprivatecfo.com\/fr\/wp-json\/wp\/v2\/pages"}],"about":[{"href":"https:\/\/yourprivatecfo.com\/fr\/wp-json\/wp\/v2\/types\/page"}],"author":[{"embeddable":true,"href":"https:\/\/yourprivatecfo.com\/fr\/wp-json\/wp\/v2\/users\/1"}],"replies":[{"embeddable":true,"href":"https:\/\/yourprivatecfo.com\/fr\/wp-json\/wp\/v2\/comments?post=587"}],"version-history":[{"count":8,"href":"https:\/\/yourprivatecfo.com\/fr\/wp-json\/wp\/v2\/pages\/587\/revisions"}],"predecessor-version":[{"id":668,"href":"https:\/\/yourprivatecfo.com\/fr\/wp-json\/wp\/v2\/pages\/587\/revisions\/668"}],"up":[{"embeddable":true,"href":"https:\/\/yourprivatecfo.com\/fr\/wp-json\/wp\/v2\/pages\/134"}],"wp:attachment":[{"href":"https:\/\/yourprivatecfo.com\/fr\/wp-json\/wp\/v2\/media?parent=587"}],"curies":[{"name":"wp","href":"https:\/\/api.w.org\/{rel}","templated":true}]}}