{"id":612,"date":"2021-01-26T19:58:50","date_gmt":"2021-01-27T00:58:50","guid":{"rendered":"https:\/\/yourprivatecfo.com\/?page_id=612"},"modified":"2021-08-16T12:21:05","modified_gmt":"2021-08-16T16:21:05","slug":"programme-patrimoine-dirige","status":"publish","type":"page","link":"https:\/\/yourprivatecfo.com\/fr\/programme-patrimoine-dirige\/","title":{"rendered":"Programme de patrimoine dirig\u00e9 \u00ae"},"content":{"rendered":"<div class=\"wpb-content-wrapper\"><p>[vc_row full_height=\u00a0\u00bbyes\u00a0\u00bb type=\u00a0\u00bbfull_width\u00a0\u00bb el_class=\u00a0\u00bbservices-title\u00a0\u00bb css=\u00a0\u00bb.vc_custom_1611709014206{background-image: url(https:\/\/yourprivatecfo.com\/wp-content\/uploads\/2021\/01\/theDirectWealthProgram.jpg?id=609) !important;background-position: center !important;background-repeat: no-repeat !important;background-size: cover !important;}\u00a0\u00bb][vc_column][vc_column_text]<\/p>\n<h1>Programme de patrimoine dirig\u00e9 \u00ae<\/h1>\n<p>[\/vc_column_text][vc_raw_html el_class=\u00a0\u00bbservices-fleche\u00a0\u00bb]JTNDcCUyMGNsYXNzJTNEJTIyZmxlY2hlLWJ0biUyMiUzRSUzQ2ElMjBocmVmJTNEJTIyJTIzbmV4dENvbnRhaW5lciUyMiUzRSUzQ2klMjBjbGFzcyUzRCUyMmZhcyUyMGZhLWNoZXZyb24tZG93biUyMiUzRSUzQyUyRmklM0UlM0MlMkZhJTNFJTNDJTJGcCUzRQ==[\/vc_raw_html][\/vc_column][\/vc_row][vc_row type=\u00a0\u00bbin_grid\u00a0\u00bb el_id=\u00a0\u00bbnextContainer\u00a0\u00bb el_class=\u00a0\u00bbpartenaire-envergure-row\u00a0\u00bb][vc_column][vc_column_text]<\/p>\n<h2>Programme de patrimoine dirig\u00e9 \u00ae<\/h2>\n<p>[\/vc_column_text][vc_column_text]Le Programme de patrimoine dirig\u00e9 \u00a9 est une fiche de route r\u00e9currente repr\u00e9sentant les activit\u00e9s n\u00e9cessaires pour r\u00e9aliser vos objectifs et vos aspirations sur une p\u00e9riode de deux ans. Ce document personnalis\u00e9 va au-del\u00e0 de l&rsquo;\u00e9valuation du rendement de vos investissements et de la r\u00e9partition de vos actifs. Il peut inclure la planification successorale, les dons de bienfaisance, les achats importants, les strat\u00e9gies fiscales, la succession d&rsquo;entreprise ainsi que les dispositions relatives \u00e0 l\u2019assurance et aux soins de longue dur\u00e9e.<\/p>\n<p>R\u00e9parti et r\u00e9\u00e9valu\u00e9 trimestriellement, le Programme de patrimoine dirig\u00e9 vous responsabilise, vous et vos conseillers de confiance, mettant ainsi en place un processus qui <span class=\"TextRun SCXW111377798 BCX0\" lang=\"FR-CA\" xml:lang=\"FR-CA\" data-contrast=\"auto\"><span class=\"NormalTextRun SCXW111377798 BCX0\">contribuera \u00e0 votre r\u00e9ussite<\/span><\/span><span class=\"EOP SCXW111377798 BCX0\" data-ccp-props=\"{&quot;201341983&quot;:0,&quot;335559739&quot;:0,&quot;335559740&quot;:240}\">\u00a0<\/span>.[\/vc_column_text][\/vc_column][\/vc_row]<\/p>\n<\/div>","protected":false},"excerpt":{"rendered":"<p>[vc_row full_height=\u00a0\u00bbyes\u00a0\u00bb type=\u00a0\u00bbfull_width\u00a0\u00bb el_class=\u00a0\u00bbservices-title\u00a0\u00bb css=\u00a0\u00bb.vc_custom_1611709014206{background-image: url(https:\/\/yourprivatecfo.com\/wp-content\/uploads\/2021\/01\/theDirectWealthProgram.jpg?id=609) !important;background-position: center !important;background-repeat: no-repeat !important;background-size: cover !important;}\u00a0\u00bb][vc_column][vc_column_text] Programme de patrimoine dirig\u00e9 \u00ae [\/vc_column_text][vc_raw_html el_class=\u00a0\u00bbservices-fleche\u00a0\u00bb]JTNDcCUyMGNsYXNzJTNEJTIyZmxlY2hlLWJ0biUyMiUzRSUzQ2ElMjBocmVmJTNEJTIyJTIzbmV4dENvbnRhaW5lciUyMiUzRSUzQ2klMjBjbGFzcyUzRCUyMmZhcyUyMGZhLWNoZXZyb24tZG93biUyMiUzRSUzQyUyRmklM0UlM0MlMkZhJTNFJTNDJTJGcCUzRQ==[\/vc_raw_html][\/vc_column][\/vc_row][vc_row type=\u00a0\u00bbin_grid\u00a0\u00bb el_id=\u00a0\u00bbnextContainer\u00a0\u00bb el_class=\u00a0\u00bbpartenaire-envergure-row\u00a0\u00bb][vc_column][vc_column_text] Programme de patrimoine dirig\u00e9 \u00ae [\/vc_column_text][vc_column_text]Le Programme de patrimoine dirig\u00e9 \u00a9 est une fiche de route r\u00e9currente repr\u00e9sentant les activit\u00e9s n\u00e9cessaires pour r\u00e9aliser vos objectifs et vos aspirations sur une p\u00e9riode de [&hellip;]<\/p>\n","protected":false},"author":1,"featured_media":0,"parent":0,"menu_order":0,"comment_status":"closed","ping_status":"closed","template":"","meta":{"_acf_changed":false,"footnotes":""},"class_list":["post-612","page","type-page","status-publish","hentry"],"acf":[],"yoast_head":"<!-- This site is optimized with the Yoast SEO plugin v27.3 - https:\/\/yoast.com\/product\/yoast-seo-wordpress\/ -->\n<title>Votre CFO priv\u00e9 - Programme de patrimoine dirig\u00e9 \u00ae<\/title>\n<meta name=\"robots\" content=\"index, follow, max-snippet:-1, max-image-preview:large, max-video-preview:-1\" \/>\n<link rel=\"canonical\" href=\"https:\/\/yourprivatecfo.com\/fr\/programme-patrimoine-dirige\/\" \/>\n<meta property=\"og:locale\" content=\"fr_FR\" \/>\n<meta property=\"og:type\" content=\"article\" \/>\n<meta property=\"og:title\" content=\"Votre CFO priv\u00e9 - Programme de patrimoine dirig\u00e9 \u00ae\" \/>\n<meta property=\"og:description\" content=\"[vc_row full_height=\u00a0\u00bbyes\u00a0\u00bb type=\u00a0\u00bbfull_width\u00a0\u00bb el_class=\u00a0\u00bbservices-title\u00a0\u00bb css=\u00a0\u00bb.vc_custom_1611709014206{background-image: url(https:\/\/yourprivatecfo.com\/wp-content\/uploads\/2021\/01\/theDirectWealthProgram.jpg?id=609) !important;background-position: center !important;background-repeat: no-repeat !important;background-size: cover !important;}\u00a0\u00bb][vc_column][vc_column_text] Programme de patrimoine dirig\u00e9 \u00ae [\/vc_column_text][vc_raw_html el_class=\u00a0\u00bbservices-fleche\u00a0\u00bb]JTNDcCUyMGNsYXNzJTNEJTIyZmxlY2hlLWJ0biUyMiUzRSUzQ2ElMjBocmVmJTNEJTIyJTIzbmV4dENvbnRhaW5lciUyMiUzRSUzQ2klMjBjbGFzcyUzRCUyMmZhcyUyMGZhLWNoZXZyb24tZG93biUyMiUzRSUzQyUyRmklM0UlM0MlMkZhJTNFJTNDJTJGcCUzRQ==[\/vc_raw_html][\/vc_column][\/vc_row][vc_row type=\u00a0\u00bbin_grid\u00a0\u00bb el_id=\u00a0\u00bbnextContainer\u00a0\u00bb el_class=\u00a0\u00bbpartenaire-envergure-row\u00a0\u00bb][vc_column][vc_column_text] Programme de patrimoine dirig\u00e9 \u00ae [\/vc_column_text][vc_column_text]Le Programme de patrimoine dirig\u00e9 \u00a9 est une fiche de route r\u00e9currente repr\u00e9sentant les activit\u00e9s n\u00e9cessaires pour r\u00e9aliser vos objectifs et vos aspirations sur une p\u00e9riode de [&hellip;]\" \/>\n<meta property=\"og:url\" content=\"https:\/\/yourprivatecfo.com\/fr\/programme-patrimoine-dirige\/\" \/>\n<meta property=\"og:site_name\" content=\"Votre CFO priv\u00e9\" \/>\n<meta property=\"article:publisher\" content=\"https:\/\/www.facebook.com\/yourprivatecfo\/\" \/>\n<meta property=\"article:modified_time\" content=\"2021-08-16T16:21:05+00:00\" \/>\n<meta name=\"twitter:card\" content=\"summary_large_image\" \/>\n<meta name=\"twitter:label1\" content=\"Dur\u00e9e de lecture estim\u00e9e\" \/>\n\t<meta name=\"twitter:data1\" content=\"1 minute\" \/>\n<script type=\"application\/ld+json\" class=\"yoast-schema-graph\">{\"@context\":\"https:\\\/\\\/schema.org\",\"@graph\":[{\"@type\":\"WebPage\",\"@id\":\"https:\\\/\\\/yourprivatecfo.com\\\/fr\\\/programme-patrimoine-dirige\\\/\",\"url\":\"https:\\\/\\\/yourprivatecfo.com\\\/fr\\\/programme-patrimoine-dirige\\\/\",\"name\":\"Votre CFO priv\u00e9 - Programme de patrimoine dirig\u00e9 \u00ae\",\"isPartOf\":{\"@id\":\"https:\\\/\\\/yourprivatecfo.com\\\/fr\\\/#website\"},\"datePublished\":\"2021-01-27T00:58:50+00:00\",\"dateModified\":\"2021-08-16T16:21:05+00:00\",\"breadcrumb\":{\"@id\":\"https:\\\/\\\/yourprivatecfo.com\\\/fr\\\/programme-patrimoine-dirige\\\/#breadcrumb\"},\"inLanguage\":\"fr-FR\",\"potentialAction\":[{\"@type\":\"ReadAction\",\"target\":[\"https:\\\/\\\/yourprivatecfo.com\\\/fr\\\/programme-patrimoine-dirige\\\/\"]}]},{\"@type\":\"BreadcrumbList\",\"@id\":\"https:\\\/\\\/yourprivatecfo.com\\\/fr\\\/programme-patrimoine-dirige\\\/#breadcrumb\",\"itemListElement\":[{\"@type\":\"ListItem\",\"position\":1,\"name\":\"Home\",\"item\":\"https:\\\/\\\/yourprivatecfo.com\\\/fr\\\/\"},{\"@type\":\"ListItem\",\"position\":2,\"name\":\"Programme de patrimoine dirig\u00e9 \u00ae\"}]},{\"@type\":\"WebSite\",\"@id\":\"https:\\\/\\\/yourprivatecfo.com\\\/fr\\\/#website\",\"url\":\"https:\\\/\\\/yourprivatecfo.com\\\/fr\\\/\",\"name\":\"Votre CFO priv\u00e9\",\"description\":\"\",\"potentialAction\":[{\"@type\":\"SearchAction\",\"target\":{\"@type\":\"EntryPoint\",\"urlTemplate\":\"https:\\\/\\\/yourprivatecfo.com\\\/fr\\\/?s={search_term_string}\"},\"query-input\":{\"@type\":\"PropertyValueSpecification\",\"valueRequired\":true,\"valueName\":\"search_term_string\"}}],\"inLanguage\":\"fr-FR\"}]}<\/script>\n<!-- \/ Yoast SEO plugin. -->","yoast_head_json":{"title":"Votre CFO priv\u00e9 - Programme de patrimoine dirig\u00e9 \u00ae","robots":{"index":"index","follow":"follow","max-snippet":"max-snippet:-1","max-image-preview":"max-image-preview:large","max-video-preview":"max-video-preview:-1"},"canonical":"https:\/\/yourprivatecfo.com\/fr\/programme-patrimoine-dirige\/","og_locale":"fr_FR","og_type":"article","og_title":"Votre CFO priv\u00e9 - Programme de patrimoine dirig\u00e9 \u00ae","og_description":"[vc_row full_height=\u00a0\u00bbyes\u00a0\u00bb type=\u00a0\u00bbfull_width\u00a0\u00bb el_class=\u00a0\u00bbservices-title\u00a0\u00bb css=\u00a0\u00bb.vc_custom_1611709014206{background-image: url(https:\/\/yourprivatecfo.com\/wp-content\/uploads\/2021\/01\/theDirectWealthProgram.jpg?id=609) !important;background-position: center !important;background-repeat: no-repeat !important;background-size: cover !important;}\u00a0\u00bb][vc_column][vc_column_text] Programme de patrimoine dirig\u00e9 \u00ae [\/vc_column_text][vc_raw_html el_class=\u00a0\u00bbservices-fleche\u00a0\u00bb]JTNDcCUyMGNsYXNzJTNEJTIyZmxlY2hlLWJ0biUyMiUzRSUzQ2ElMjBocmVmJTNEJTIyJTIzbmV4dENvbnRhaW5lciUyMiUzRSUzQ2klMjBjbGFzcyUzRCUyMmZhcyUyMGZhLWNoZXZyb24tZG93biUyMiUzRSUzQyUyRmklM0UlM0MlMkZhJTNFJTNDJTJGcCUzRQ==[\/vc_raw_html][\/vc_column][\/vc_row][vc_row type=\u00a0\u00bbin_grid\u00a0\u00bb el_id=\u00a0\u00bbnextContainer\u00a0\u00bb el_class=\u00a0\u00bbpartenaire-envergure-row\u00a0\u00bb][vc_column][vc_column_text] Programme de patrimoine dirig\u00e9 \u00ae [\/vc_column_text][vc_column_text]Le Programme de patrimoine dirig\u00e9 \u00a9 est une fiche de route r\u00e9currente repr\u00e9sentant les activit\u00e9s n\u00e9cessaires pour r\u00e9aliser vos objectifs et vos aspirations sur une p\u00e9riode de [&hellip;]","og_url":"https:\/\/yourprivatecfo.com\/fr\/programme-patrimoine-dirige\/","og_site_name":"Votre CFO priv\u00e9","article_publisher":"https:\/\/www.facebook.com\/yourprivatecfo\/","article_modified_time":"2021-08-16T16:21:05+00:00","twitter_card":"summary_large_image","twitter_misc":{"Dur\u00e9e de lecture estim\u00e9e":"1 minute"},"schema":{"@context":"https:\/\/schema.org","@graph":[{"@type":"WebPage","@id":"https:\/\/yourprivatecfo.com\/fr\/programme-patrimoine-dirige\/","url":"https:\/\/yourprivatecfo.com\/fr\/programme-patrimoine-dirige\/","name":"Votre CFO priv\u00e9 - Programme de patrimoine dirig\u00e9 \u00ae","isPartOf":{"@id":"https:\/\/yourprivatecfo.com\/fr\/#website"},"datePublished":"2021-01-27T00:58:50+00:00","dateModified":"2021-08-16T16:21:05+00:00","breadcrumb":{"@id":"https:\/\/yourprivatecfo.com\/fr\/programme-patrimoine-dirige\/#breadcrumb"},"inLanguage":"fr-FR","potentialAction":[{"@type":"ReadAction","target":["https:\/\/yourprivatecfo.com\/fr\/programme-patrimoine-dirige\/"]}]},{"@type":"BreadcrumbList","@id":"https:\/\/yourprivatecfo.com\/fr\/programme-patrimoine-dirige\/#breadcrumb","itemListElement":[{"@type":"ListItem","position":1,"name":"Home","item":"https:\/\/yourprivatecfo.com\/fr\/"},{"@type":"ListItem","position":2,"name":"Programme de patrimoine dirig\u00e9 \u00ae"}]},{"@type":"WebSite","@id":"https:\/\/yourprivatecfo.com\/fr\/#website","url":"https:\/\/yourprivatecfo.com\/fr\/","name":"Votre CFO priv\u00e9","description":"","potentialAction":[{"@type":"SearchAction","target":{"@type":"EntryPoint","urlTemplate":"https:\/\/yourprivatecfo.com\/fr\/?s={search_term_string}"},"query-input":{"@type":"PropertyValueSpecification","valueRequired":true,"valueName":"search_term_string"}}],"inLanguage":"fr-FR"}]}},"_links":{"self":[{"href":"https:\/\/yourprivatecfo.com\/fr\/wp-json\/wp\/v2\/pages\/612","targetHints":{"allow":["GET"]}}],"collection":[{"href":"https:\/\/yourprivatecfo.com\/fr\/wp-json\/wp\/v2\/pages"}],"about":[{"href":"https:\/\/yourprivatecfo.com\/fr\/wp-json\/wp\/v2\/types\/page"}],"author":[{"embeddable":true,"href":"https:\/\/yourprivatecfo.com\/fr\/wp-json\/wp\/v2\/users\/1"}],"replies":[{"embeddable":true,"href":"https:\/\/yourprivatecfo.com\/fr\/wp-json\/wp\/v2\/comments?post=612"}],"version-history":[{"count":5,"href":"https:\/\/yourprivatecfo.com\/fr\/wp-json\/wp\/v2\/pages\/612\/revisions"}],"predecessor-version":[{"id":773,"href":"https:\/\/yourprivatecfo.com\/fr\/wp-json\/wp\/v2\/pages\/612\/revisions\/773"}],"wp:attachment":[{"href":"https:\/\/yourprivatecfo.com\/fr\/wp-json\/wp\/v2\/media?parent=612"}],"curies":[{"name":"wp","href":"https:\/\/api.w.org\/{rel}","templated":true}]}}