{"id":82,"date":"2020-08-20T14:00:30","date_gmt":"2020-08-20T18:00:30","guid":{"rendered":"https:\/\/yourprivatecfo.com\/?page_id=82"},"modified":"2025-03-28T15:29:25","modified_gmt":"2025-03-28T19:29:25","slug":"nous-joindre","status":"publish","type":"page","link":"https:\/\/yourprivatecfo.com\/fr\/nous-joindre\/","title":{"rendered":"Nous joindre"},"content":{"rendered":"<div class=\"wpb-content-wrapper\"><p>[vc_row type=\u00a0\u00bbfull_width\u00a0\u00bb css=\u00a0\u00bb.vc_custom_1608318649890{background-image: url(https:\/\/yourprivatecfo.com\/wp-content\/uploads\/2020\/12\/apprendre-davantage-bg-1.jpg?id=554) !important;background-position: center !important;background-repeat: no-repeat !important;background-size: cover !important;}\u00a0\u00bb el_class=\u00a0\u00bbborder-30&Prime;][vc_column width=\u00a0\u00bb1\/2&Prime;][\/vc_column][vc_column width=\u00a0\u00bb1\/2&Prime; el_class=\u00a0\u00bbblue-col\u00a0\u00bb][vc_column_text]<\/p>\n<h3>Vous aimeriez en apprendre davantage sur la fa\u00e7on dont nous pouvons vous aider \u00e0 atteindre vos objectifs financiers ?<\/h3>\n<p>[\/vc_column_text][vc_column_text]Alors, n&rsquo;h\u00e9sitez pas \u00e0 communiquer avec par t\u00e9l\u00e9phone ou courriel et l&rsquo;un membre de notre \u00e9quipe prendra le temps n\u00e9cessaire pour r\u00e9pondre \u00e0 vos questions ou planifiera un rendez-vous avec vous, \u00e0 votre convenance.[\/vc_column_text][\/vc_column][\/vc_row][vc_row type=\u00a0\u00bbfull_width\u00a0\u00bb el_class=\u00a0\u00bbborder-30 flex_section\u00a0\u00bb][vc_column width=\u00a0\u00bb1\/2&Prime; el_class=\u00a0\u00bbnous-joindre-info-col\u00a0\u00bb][vc_column_text el_class=\u00a0\u00bbcercle-beige\u00a0\u00bb]<\/p>\n<h3>Ottawa<\/h3>\n<p>[\/vc_column_text][vc_column_text]<a href=\"https:\/\/goo.gl\/maps\/gJU2eAKp58zpWKCd7\" target=\"_blank\" rel=\"noopener noreferrer\">343, rue Preston, 11e \u00e9tage<br \/>\nOttawa (Ontario) K1S 1N4<\/a><\/p>\n<p><span class=\"fw-900\">T\u00e9l\u00e9phone :<\/span> <a href=\"tel:6133196545\" target=\"_blank\" rel=\"noopener noreferrer\">613 319-6545<\/a><br \/>\n<span class=\"fw-900\">T\u00e9l\u00e9copieur :<\/span> <a href=\"tel:6133196547\" target=\"_blank\" rel=\"noopener noreferrer\">613 319-6547<\/a>[\/vc_column_text][vc_column_text el_class=\u00a0\u00bbcercle-beige\u00a0\u00bb]<\/p>\n<h3>Gatineau<\/h3>\n<p>[\/vc_column_text][vc_column_text]Spaces \u2013 Zibi<br \/>\n<a href=\"https:\/\/www.google.com\/maps\/place\/15+Rue+Jos-Montferrand,+Gatineau,+QC+J8X+0C2\/@45.4234313,-75.7192546,17z\/data=!3m1!4b1!4m6!3m5!1s0x4cce045fb71566fd:0x995dd2354b6906d2!8m2!3d45.4234313!4d-75.7192546!16s%2Fg%2F11c198ybyg?entry=ttu\">15 rue Jos-Montferrand<\/a><br \/>\nGatineau (Quebec) J8X 0C2<\/p>\n<p><span class=\"fw-900\">T\u00e9l\u00e9phone :<\/span> <a href=\"tel:8194102143\" target=\"_blank\" rel=\"noopener noreferrer\">819 410-2143<\/a><br \/>\n<span class=\"fw-900\">T\u00e9l\u00e9copieur :<\/span> <a href=\"613-319-6547\" target=\"_blank\" rel=\"noopener noreferrer\">613-319-6547<\/a>[\/vc_column_text][\/vc_column][vc_column width=\u00a0\u00bb1\/2&Prime; el_class=\u00a0\u00bbnous-joindre-form-col nous-joindre-info-col\u00a0\u00bb css=\u00a0\u00bb.vc_custom_1696514805723{background-color: #dbe2ea !important;}\u00a0\u00bb][vc_column_text el_class=\u00a0\u00bbcercle-beige\u00a0\u00bb]<\/p>\n<h3>Heures d\u2019ouverture<\/h3>\n<p>[\/vc_column_text][vc_column_text]Lundi au vendredi de 9h \u00e0 17h[\/vc_column_text][vc_separator color=\u00a0\u00bbcustom\u00a0\u00bb accent_color=\u00a0\u00bb#cda053&Prime;][vc_column_text el_class=\u00a0\u00bbcercle-beige\u00a0\u00bb]<\/p>\n<h3>Vous avez des questions ?<\/h3>\n<p>[\/vc_column_text][vc_column_text]<strong>\u00c9crivez-nous :<\/strong> <strong><a href=\"mailto:info@yourprivatecfo.com\">info@yourprivatecfo.com<\/a><\/strong>[\/vc_column_text][\/vc_column][\/vc_row][vc_row disable_element=\u00a0\u00bbyes\u00a0\u00bb type=\u00a0\u00bbfull_width\u00a0\u00bb el_class=\u00a0\u00bbborder-30&Prime;][vc_column width=\u00a0\u00bb1\/2&Prime; el_class=\u00a0\u00bbnous-joindre-info-col\u00a0\u00bb][vc_column_text el_class=\u00a0\u00bbcercle-beige\u00a0\u00bb]<\/p>\n<h3>Ottawa<\/h3>\n<p>[\/vc_column_text][vc_column_text]<a href=\"https:\/\/goo.gl\/maps\/gJU2eAKp58zpWKCd7\" target=\"_blank\" rel=\"noopener noreferrer\">343, rue Preston, 11e \u00e9tage<br \/>\nOttawa (Ontario) K1S 1N4<\/a><\/p>\n<p><span class=\"fw-900\">T\u00e9l\u00e9phone :<\/span> <a href=\"tel:6133196545\" target=\"_blank\" rel=\"noopener noreferrer\">613 319-6545<\/a><br \/>\n<span class=\"fw-900\">T\u00e9l\u00e9copieur :<\/span> <a href=\"tel:6133196545\" target=\"_blank\" rel=\"noopener noreferrer\">613 319-6545<\/a>[\/vc_column_text][vc_column_text el_class=\u00a0\u00bbcercle-beige\u00a0\u00bb]<\/p>\n<h3>Gatineau<\/h3>\n<p>[\/vc_column_text][vc_column_text]Spaces \u2013 Zibi<br \/>\n<a href=\"https:\/\/www.google.com\/maps\/place\/15+Rue+Jos-Montferrand,+Gatineau,+QC+J8X+0C2\/@45.4234313,-75.7192546,17z\/data=!3m1!4b1!4m6!3m5!1s0x4cce045fb71566fd:0x995dd2354b6906d2!8m2!3d45.4234313!4d-75.7192546!16s%2Fg%2F11c198ybyg?entry=ttu\">15 rue Jos-Montferrand<\/a><br \/>\nGatineau (Quebec) J8X 0C2<\/p>\n<p><span class=\"fw-900\">T\u00e9l\u00e9phone :<\/span> <a href=\"tel:8194102143\" target=\"_blank\" rel=\"noopener noreferrer\">819 410-2143<\/a><br \/>\n<span class=\"fw-900\">T\u00e9l\u00e9copieur :<\/span> <a href=\"613-319-6547\" target=\"_blank\" rel=\"noopener noreferrer\">613-319-6547<\/a>[\/vc_column_text][vc_separator color=\u00a0\u00bbcustom\u00a0\u00bb accent_color=\u00a0\u00bb#cda053&Prime;][vc_column_text el_class=\u00a0\u00bbcercle-beige\u00a0\u00bb]<\/p>\n<h3>Heures d\u2019ouverture<\/h3>\n<p>[\/vc_column_text][vc_column_text]Lundi au vendredi de 9h \u00e0 17h[\/vc_column_text][\/vc_column][vc_column width=\u00a0\u00bb1\/2&Prime; el_class=\u00a0\u00bbnous-joindre-form-col\u00a0\u00bb css=\u00a0\u00bb.vc_custom_1597946808882{background-color: #dbe2ea !important;}\u00a0\u00bb]\n<div class=\"wpcf7 no-js\" id=\"wpcf7-f88-o1\" lang=\"en-CA\" dir=\"ltr\" data-wpcf7-id=\"88\">\n<div class=\"screen-reader-response\"><p role=\"status\" aria-live=\"polite\" aria-atomic=\"true\"><\/p> <ul><\/ul><\/div>\n<form action=\"\/fr\/wp-json\/wp\/v2\/pages\/82#wpcf7-f88-o1\" method=\"post\" class=\"wpcf7-form init\" aria-label=\"Contact form\" novalidate=\"novalidate\" data-status=\"init\">\n<fieldset class=\"hidden-fields-container\"><input type=\"hidden\" name=\"_wpcf7\" value=\"88\" \/><input type=\"hidden\" name=\"_wpcf7_version\" value=\"6.1.1\" \/><input type=\"hidden\" name=\"_wpcf7_locale\" value=\"en_CA\" \/><input type=\"hidden\" name=\"_wpcf7_unit_tag\" value=\"wpcf7-f88-o1\" \/><input type=\"hidden\" name=\"_wpcf7_container_post\" value=\"0\" \/><input type=\"hidden\" name=\"_wpcf7_posted_data_hash\" value=\"\" \/><input type=\"hidden\" name=\"_wpcf7_recaptcha_response\" value=\"\" \/>\n<\/fieldset>\n<div class=\"cercle-beige\">\n\t<h2><span class=\"fw-900\">Des questions?<\/span>\n\t<\/h2>\n<\/div>\n<div>\n\t<p><span class=\"wpcf7-form-control-wrap\" data-name=\"your-name\"><input size=\"40\" maxlength=\"400\" class=\"wpcf7-form-control wpcf7-text wpcf7-validates-as-required form-input\" aria-required=\"true\" aria-invalid=\"false\" placeholder=\"Pr\u00e9nom et nom\" value=\"\" type=\"text\" name=\"your-name\" \/><\/span><br \/>\n<span class=\"wpcf7-form-control-wrap\" data-name=\"your-email\"><input size=\"40\" maxlength=\"400\" class=\"wpcf7-form-control wpcf7-email wpcf7-validates-as-required wpcf7-text wpcf7-validates-as-email form-input\" aria-required=\"true\" aria-invalid=\"false\" placeholder=\"Adresse courriel\" value=\"\" type=\"email\" name=\"your-email\" \/><\/span><br \/>\n<span class=\"wpcf7-form-control-wrap\" data-name=\"message\"><textarea cols=\"40\" rows=\"10\" maxlength=\"2000\" class=\"wpcf7-form-control wpcf7-textarea form-textarea\" aria-invalid=\"false\" placeholder=\"Commentaires\" name=\"message\"><\/textarea><\/span><br \/>\n<input class=\"wpcf7-form-control wpcf7-submit has-spinner form-btn\" type=\"submit\" value=\"Envoyer la demande\" \/>\n\t<\/p>\n<\/div><div class=\"wpcf7-response-output\" aria-hidden=\"true\"><\/div>\n<\/form>\n<\/div>\n[\/vc_column][\/vc_row]<\/p>\n<\/div>","protected":false},"excerpt":{"rendered":"<p>[vc_row type=\u00a0\u00bbfull_width\u00a0\u00bb css=\u00a0\u00bb.vc_custom_1608318649890{background-image: url(https:\/\/yourprivatecfo.com\/wp-content\/uploads\/2020\/12\/apprendre-davantage-bg-1.jpg?id=554) !important;background-position: center !important;background-repeat: no-repeat !important;background-size: cover !important;}\u00a0\u00bb el_class=\u00a0\u00bbborder-30&Prime;][vc_column width=\u00a0\u00bb1\/2&Prime;][\/vc_column][vc_column width=\u00a0\u00bb1\/2&Prime; el_class=\u00a0\u00bbblue-col\u00a0\u00bb][vc_column_text] Vous aimeriez en apprendre davantage sur la fa\u00e7on dont nous pouvons vous aider \u00e0 atteindre vos objectifs financiers ? [\/vc_column_text][vc_column_text]Alors, n&rsquo;h\u00e9sitez pas \u00e0 communiquer avec par t\u00e9l\u00e9phone ou courriel et l&rsquo;un membre de notre \u00e9quipe prendra le temps n\u00e9cessaire pour [&hellip;]<\/p>\n","protected":false},"author":1,"featured_media":0,"parent":0,"menu_order":0,"comment_status":"closed","ping_status":"closed","template":"","meta":{"_acf_changed":false,"footnotes":""},"class_list":["post-82","page","type-page","status-publish","hentry"],"acf":[],"yoast_head":"<!-- This site is optimized with the Yoast SEO plugin v27.3 - https:\/\/yoast.com\/product\/yoast-seo-wordpress\/ -->\n<title>Votre CFO priv\u00e9 - Nous joindre<\/title>\n<meta name=\"robots\" content=\"index, follow, max-snippet:-1, max-image-preview:large, max-video-preview:-1\" \/>\n<link rel=\"canonical\" href=\"https:\/\/yourprivatecfo.com\/fr\/nous-joindre\/\" \/>\n<meta property=\"og:locale\" content=\"fr_FR\" \/>\n<meta property=\"og:type\" content=\"article\" \/>\n<meta property=\"og:title\" content=\"Votre CFO priv\u00e9 - Nous joindre\" \/>\n<meta property=\"og:description\" content=\"[vc_row type=\u00a0\u00bbfull_width\u00a0\u00bb css=\u00a0\u00bb.vc_custom_1608318649890{background-image: url(https:\/\/yourprivatecfo.com\/wp-content\/uploads\/2020\/12\/apprendre-davantage-bg-1.jpg?id=554) !important;background-position: center !important;background-repeat: no-repeat !important;background-size: cover !important;}\u00a0\u00bb el_class=\u00a0\u00bbborder-30&Prime;][vc_column width=\u00a0\u00bb1\/2&Prime;][\/vc_column][vc_column width=\u00a0\u00bb1\/2&Prime; el_class=\u00a0\u00bbblue-col\u00a0\u00bb][vc_column_text] Vous aimeriez en apprendre davantage sur la fa\u00e7on dont nous pouvons vous aider \u00e0 atteindre vos objectifs financiers ? [\/vc_column_text][vc_column_text]Alors, n&rsquo;h\u00e9sitez pas \u00e0 communiquer avec par t\u00e9l\u00e9phone ou courriel et l&rsquo;un membre de notre \u00e9quipe prendra le temps n\u00e9cessaire pour [&hellip;]\" \/>\n<meta property=\"og:url\" content=\"https:\/\/yourprivatecfo.com\/fr\/nous-joindre\/\" \/>\n<meta property=\"og:site_name\" content=\"Votre CFO priv\u00e9\" \/>\n<meta property=\"article:publisher\" content=\"https:\/\/www.facebook.com\/yourprivatecfo\/\" \/>\n<meta property=\"article:modified_time\" content=\"2025-03-28T19:29:25+00:00\" \/>\n<meta name=\"twitter:card\" content=\"summary_large_image\" \/>\n<meta name=\"twitter:label1\" content=\"Dur\u00e9e de lecture estim\u00e9e\" \/>\n\t<meta name=\"twitter:data1\" content=\"1 minute\" \/>\n<script type=\"application\/ld+json\" class=\"yoast-schema-graph\">{\"@context\":\"https:\\\/\\\/schema.org\",\"@graph\":[{\"@type\":\"WebPage\",\"@id\":\"https:\\\/\\\/yourprivatecfo.com\\\/fr\\\/nous-joindre\\\/\",\"url\":\"https:\\\/\\\/yourprivatecfo.com\\\/fr\\\/nous-joindre\\\/\",\"name\":\"Votre CFO priv\u00e9 - Nous joindre\",\"isPartOf\":{\"@id\":\"https:\\\/\\\/yourprivatecfo.com\\\/fr\\\/#website\"},\"datePublished\":\"2020-08-20T18:00:30+00:00\",\"dateModified\":\"2025-03-28T19:29:25+00:00\",\"breadcrumb\":{\"@id\":\"https:\\\/\\\/yourprivatecfo.com\\\/fr\\\/nous-joindre\\\/#breadcrumb\"},\"inLanguage\":\"fr-FR\",\"potentialAction\":[{\"@type\":\"ReadAction\",\"target\":[\"https:\\\/\\\/yourprivatecfo.com\\\/fr\\\/nous-joindre\\\/\"]}]},{\"@type\":\"BreadcrumbList\",\"@id\":\"https:\\\/\\\/yourprivatecfo.com\\\/fr\\\/nous-joindre\\\/#breadcrumb\",\"itemListElement\":[{\"@type\":\"ListItem\",\"position\":1,\"name\":\"Home\",\"item\":\"https:\\\/\\\/yourprivatecfo.com\\\/fr\\\/\"},{\"@type\":\"ListItem\",\"position\":2,\"name\":\"Nous joindre\"}]},{\"@type\":\"WebSite\",\"@id\":\"https:\\\/\\\/yourprivatecfo.com\\\/fr\\\/#website\",\"url\":\"https:\\\/\\\/yourprivatecfo.com\\\/fr\\\/\",\"name\":\"Votre CFO priv\u00e9\",\"description\":\"\",\"potentialAction\":[{\"@type\":\"SearchAction\",\"target\":{\"@type\":\"EntryPoint\",\"urlTemplate\":\"https:\\\/\\\/yourprivatecfo.com\\\/fr\\\/?s={search_term_string}\"},\"query-input\":{\"@type\":\"PropertyValueSpecification\",\"valueRequired\":true,\"valueName\":\"search_term_string\"}}],\"inLanguage\":\"fr-FR\"}]}<\/script>\n<!-- \/ Yoast SEO plugin. -->","yoast_head_json":{"title":"Votre CFO priv\u00e9 - Nous joindre","robots":{"index":"index","follow":"follow","max-snippet":"max-snippet:-1","max-image-preview":"max-image-preview:large","max-video-preview":"max-video-preview:-1"},"canonical":"https:\/\/yourprivatecfo.com\/fr\/nous-joindre\/","og_locale":"fr_FR","og_type":"article","og_title":"Votre CFO priv\u00e9 - Nous joindre","og_description":"[vc_row type=\u00a0\u00bbfull_width\u00a0\u00bb css=\u00a0\u00bb.vc_custom_1608318649890{background-image: url(https:\/\/yourprivatecfo.com\/wp-content\/uploads\/2020\/12\/apprendre-davantage-bg-1.jpg?id=554) !important;background-position: center !important;background-repeat: no-repeat !important;background-size: cover !important;}\u00a0\u00bb el_class=\u00a0\u00bbborder-30&Prime;][vc_column width=\u00a0\u00bb1\/2&Prime;][\/vc_column][vc_column width=\u00a0\u00bb1\/2&Prime; el_class=\u00a0\u00bbblue-col\u00a0\u00bb][vc_column_text] Vous aimeriez en apprendre davantage sur la fa\u00e7on dont nous pouvons vous aider \u00e0 atteindre vos objectifs financiers ? [\/vc_column_text][vc_column_text]Alors, n&rsquo;h\u00e9sitez pas \u00e0 communiquer avec par t\u00e9l\u00e9phone ou courriel et l&rsquo;un membre de notre \u00e9quipe prendra le temps n\u00e9cessaire pour [&hellip;]","og_url":"https:\/\/yourprivatecfo.com\/fr\/nous-joindre\/","og_site_name":"Votre CFO priv\u00e9","article_publisher":"https:\/\/www.facebook.com\/yourprivatecfo\/","article_modified_time":"2025-03-28T19:29:25+00:00","twitter_card":"summary_large_image","twitter_misc":{"Dur\u00e9e de lecture estim\u00e9e":"1 minute"},"schema":{"@context":"https:\/\/schema.org","@graph":[{"@type":"WebPage","@id":"https:\/\/yourprivatecfo.com\/fr\/nous-joindre\/","url":"https:\/\/yourprivatecfo.com\/fr\/nous-joindre\/","name":"Votre CFO priv\u00e9 - Nous joindre","isPartOf":{"@id":"https:\/\/yourprivatecfo.com\/fr\/#website"},"datePublished":"2020-08-20T18:00:30+00:00","dateModified":"2025-03-28T19:29:25+00:00","breadcrumb":{"@id":"https:\/\/yourprivatecfo.com\/fr\/nous-joindre\/#breadcrumb"},"inLanguage":"fr-FR","potentialAction":[{"@type":"ReadAction","target":["https:\/\/yourprivatecfo.com\/fr\/nous-joindre\/"]}]},{"@type":"BreadcrumbList","@id":"https:\/\/yourprivatecfo.com\/fr\/nous-joindre\/#breadcrumb","itemListElement":[{"@type":"ListItem","position":1,"name":"Home","item":"https:\/\/yourprivatecfo.com\/fr\/"},{"@type":"ListItem","position":2,"name":"Nous joindre"}]},{"@type":"WebSite","@id":"https:\/\/yourprivatecfo.com\/fr\/#website","url":"https:\/\/yourprivatecfo.com\/fr\/","name":"Votre CFO priv\u00e9","description":"","potentialAction":[{"@type":"SearchAction","target":{"@type":"EntryPoint","urlTemplate":"https:\/\/yourprivatecfo.com\/fr\/?s={search_term_string}"},"query-input":{"@type":"PropertyValueSpecification","valueRequired":true,"valueName":"search_term_string"}}],"inLanguage":"fr-FR"}]}},"_links":{"self":[{"href":"https:\/\/yourprivatecfo.com\/fr\/wp-json\/wp\/v2\/pages\/82","targetHints":{"allow":["GET"]}}],"collection":[{"href":"https:\/\/yourprivatecfo.com\/fr\/wp-json\/wp\/v2\/pages"}],"about":[{"href":"https:\/\/yourprivatecfo.com\/fr\/wp-json\/wp\/v2\/types\/page"}],"author":[{"embeddable":true,"href":"https:\/\/yourprivatecfo.com\/fr\/wp-json\/wp\/v2\/users\/1"}],"replies":[{"embeddable":true,"href":"https:\/\/yourprivatecfo.com\/fr\/wp-json\/wp\/v2\/comments?post=82"}],"version-history":[{"count":25,"href":"https:\/\/yourprivatecfo.com\/fr\/wp-json\/wp\/v2\/pages\/82\/revisions"}],"predecessor-version":[{"id":1133,"href":"https:\/\/yourprivatecfo.com\/fr\/wp-json\/wp\/v2\/pages\/82\/revisions\/1133"}],"wp:attachment":[{"href":"https:\/\/yourprivatecfo.com\/fr\/wp-json\/wp\/v2\/media?parent=82"}],"curies":[{"name":"wp","href":"https:\/\/api.w.org\/{rel}","templated":true}]}}